{"id":6973,"date":"2023-12-06T13:55:59","date_gmt":"2023-12-06T17:55:59","guid":{"rendered":"https:\/\/scubadogs.net\/contact-us\/career-application\/"},"modified":"2024-02-25T11:03:10","modified_gmt":"2024-02-25T15:03:10","slug":"oportunidades-de-trabajo","status":"publish","type":"page","link":"https:\/\/scubadogs.net\/es\/contactenos\/oportunidades-de-trabajo\/","title":{"rendered":"Oportunidades de Trabajo"},"content":{"rendered":"<div class=\"wpb-content-wrapper\"><p>[vc_row content_placement=&#8221;middle&#8221; bg_type=&#8221;image&#8221; parallax_style=&#8221;vcpb-default&#8221; bg_image_new=&#8221;id^5939|url^https:\/\/scubadogs.net\/wp-content\/uploads\/scubadogs_crew.jpeg|caption^null|alt^null|title^scubadogs_crew|description^null&#8221; bg_image_repeat=&#8221;no-repeat&#8221; bg_override=&#8221;full&#8221; enable_overlay=&#8221;enable_overlay_value&#8221; overlay_color=&#8221;#000000&#8243; type=&#8221;vc_default&#8221; min_height=&#8221;80%&#8221;][vc_column]<div class=\"ult-spacer spacer-69df47a5237d8\" data-id=\"69df47a5237d8\" data-height=\"300\" data-height-mobile=\"100\" data-height-tab=\"150\" data-height-tab-portrait=\"150\" data-height-mobile-landscape=\"100\" style=\"clear:both;display:block;\"><\/div>[vc_row_inner][vc_column_inner width=&#8221;1\/2&#8243;]<div id=\"ultimate-heading-886069df47a52385f\" class=\"uvc-heading ult-adjust-bottom-margin ultimate-heading-886069df47a52385f uvc-6262 \" data-hspacer=\"no_spacer\"  data-halign=\"left\" style=\"text-align:left\"><div class=\"uvc-heading-spacer no_spacer\" style=\"top\"><\/div><div class=\"uvc-main-heading ult-responsive\"  data-ultimate-target='.uvc-heading.ultimate-heading-886069df47a52385f h1'  data-responsive-json-new='{\"font-size\":\"desktop:60px;tablet:50px;tablet_portrait:50px;mobile_landscape:30px;mobile:30px;\",\"line-height\":\"desktop:60px;tablet:50px;tablet_portrait:50px;mobile_landscape:30px;mobile:30px;\"}' ><h1 style=\"font-family:&#039;M PLUS Rounded 1c&#039;;font-weight:700;color:#ffffff;margin-bottom:20px;\">Unete a nuestro equipo<\/h1><\/div><div class=\"uvc-sub-heading ult-responsive\"  data-ultimate-target='.uvc-heading.ultimate-heading-886069df47a52385f .uvc-sub-heading '  data-responsive-json-new='{\"font-size\":\"desktop:30px;tablet:25px;tablet_portrait:25px;mobile_landscape:20px;mobile:20px;\",\"line-height\":\"desktop:30px;tablet:25px;tablet_portrait:25px;mobile_landscape:20px;mobile:20px;\"}'  style=\"font-family:&#039;Raleway&#039;;font-style:italic;font-weight:300;color:#ffffff;margin-bottom:20px;\">Construya su carrera profesional con Scuba Dogs<\/div><\/div>[\/vc_column_inner][vc_column_inner width=&#8221;1\/2&#8243;][\/vc_column_inner][\/vc_row_inner]<div class=\"ult-spacer spacer-69df47a52390b\" data-id=\"69df47a52390b\" data-height=\"100\" data-height-mobile=\"40\" data-height-tab=\"50\" data-height-tab-portrait=\"50\" data-height-mobile-landscape=\"40\" style=\"clear:both;display:block;\"><\/div>[\/vc_column][\/vc_row][vc_row css=&#8221;.vc_custom_1699913269630{margin-top: 40px !important;margin-bottom: 40px !important;}&#8221;][vc_column width=&#8221;1\/2&#8243;][vc_column_text]<\/p>\n<div class=\"flex flex-grow flex-col max-w-full\">\n<div class=\"min-h-[20px] text-message flex flex-col items-start gap-3 whitespace-pre-wrap break-words [.text-message+&amp;]:mt-5 overflow-x-auto\" data-message-author-role=\"assistant\" data-message-id=\"1750a965-faa4-45f0-9219-51c9d937ffed\">\n<div class=\"markdown prose w-full break-words dark:prose-invert dark\">\n<p>En Scuba Dogs, estamos encantados de dar la bienvenida a solicitantes que comparten nuestra pasi\u00f3n por el buceo y nuestro compromiso inquebrantable de ser el &#8220;mejor amigo del buzo&#8221;. Nuestra misi\u00f3n no es s\u00f3lo una declaraci\u00f3n sino una forma de vida, e invitamos a personas que est\u00e9n dispuestas a abrazar este esp\u00edritu con entusiasmo.<\/p>\n<p>Los valores fundamentales de Scuba Dogs, resumidos en el acr\u00f3nimo &#8220;FRIENDS&#8221; (Fun, Responsible, Image, Eco-Friendly, Noble, Driven, Safe, en ingl\u00e9s &#8211; Divertido, Responsable, Imagen, Ecol\u00f3gico, Noble, Impulsado, Seguro en espa\u00f1ol), son las bases sobre las que construimos nuestro \u00e9xito y reputaci\u00f3n. Siempre estamos buscando personas talentosas que est\u00e9n dispuestas a hacer un esfuerzo adicional para garantizar la satisfacci\u00f3n de nuestros clientes y brindar un servicio excepcional.<\/p>\n<p>Como miembro del equipo de Scuba Dogs, ser\u00e1s una parte integral de nuestro viaje para mantener y mejorar nuestro estatus como &#8220;Centro acu\u00e1tico y de buceo PADI 5 estrellas&#8221;. Su papel contribuir\u00e1 directamente a nuestro \u00e9xito continuo. Valoramos la excelencia, el profesionalismo y el compromiso con la gesti\u00f3n ambiental y la seguridad.<\/p>\n<p>Unirse a Scuba Dogs significa formar parte de una comunidad unida de entusiastas del buceo que son apasionados con lo que hacen. Si compartes nuestra visi\u00f3n y principios, te animamos a aplicar y convertirte en miembro de la familia Scuba Dogs, donde cada d\u00eda es una aventura y garantizar la felicidad de las personas es nuestro principal objetivo.<\/p>\n<\/div>\n<\/div>\n<\/div>\n<p>[\/vc_column_text][\/vc_column][vc_column width=&#8221;1\/2&#8243;][vc_raw_html]JTVCZWxmc2lnaHRfY29udGFjdF9mb3JtJTIwaWQlM0QlMjIxMiUyMiU1RA==[\/vc_raw_html][\/vc_column][\/vc_row]<\/p>\n<\/div>","protected":false},"excerpt":{"rendered":"<p>[vc_row content_placement=&#8221;middle&#8221; bg_type=&#8221;image&#8221; parallax_style=&#8221;vcpb-default&#8221; bg_image_new=&#8221;id^5939|url^https:\/\/scubadogs.net\/wp-content\/uploads\/scubadogs_crew.jpeg|caption^null|alt^null|title^scubadogs_crew|description^null&#8221; bg_image_repeat=&#8221;no-repeat&#8221; bg_override=&#8221;full&#8221; enable_overlay=&#8221;enable_overlay_value&#8221; overlay_color=&#8221;#000000&#8243; type=&#8221;vc_default&#8221; min_height=&#8221;80%&#8221;][vc_column][vc_row_inner][vc_column_inner width=&#8221;1\/2&#8243;][\/vc_column_inner][vc_column_inner width=&#8221;1\/2&#8243;][\/vc_column_inner][\/vc_row_inner][\/vc_column][\/vc_row][vc_row css=&#8221;.vc_custom_1699913269630{margin-top: 40px !important;margin-bottom: 40px !important;}&#8221;][vc_column width=&#8221;1\/2&#8243;][vc_column_text] En Scuba Dogs, estamos encantados de dar la bienvenida a solicitantes que comparten nuestra pasi\u00f3n por el buceo y nuestro compromiso inquebrantable de ser el &#8220;mejor amigo del buzo&#8221;. Nuestra misi\u00f3n no es s\u00f3lo una declaraci\u00f3n&hellip;<\/p>\n","protected":false},"author":3,"featured_media":0,"parent":7154,"menu_order":0,"comment_status":"closed","ping_status":"closed","template":"","meta":{"footnotes":""},"categories":[],"tags":[],"class_list":["post-6973","page","type-page","status-publish","hentry","description-off"],"yoast_head":"<!-- This site is optimized with the Yoast SEO Premium plugin v26.2 (Yoast SEO v26.2) - https:\/\/yoast.com\/wordpress\/plugins\/seo\/ -->\n<title>Oportunidades de Trabajo - Scuba Dogs<\/title>\n<meta name=\"robots\" content=\"index, follow, max-snippet:-1, max-image-preview:large, max-video-preview:-1\" \/>\n<link rel=\"canonical\" href=\"https:\/\/scubadogs.net\/es\/contactenos\/oportunidades-de-trabajo\/\" \/>\n<meta property=\"og:locale\" content=\"es_ES\" \/>\n<meta property=\"og:type\" content=\"article\" \/>\n<meta property=\"og:title\" content=\"Oportunidades de Trabajo\" \/>\n<meta property=\"og:description\" content=\"[vc_row content_placement=&#8221;middle&#8221; bg_type=&#8221;image&#8221; parallax_style=&#8221;vcpb-default&#8221; bg_image_new=&#8221;id^5939|url^https:\/\/scubadogs.net\/wp-content\/uploads\/scubadogs_crew.jpeg|caption^null|alt^null|title^scubadogs_crew|description^null&#8221; bg_image_repeat=&#8221;no-repeat&#8221; bg_override=&#8221;full&#8221; enable_overlay=&#8221;enable_overlay_value&#8221; overlay_color=&#8221;#000000&#8243; type=&#8221;vc_default&#8221; min_height=&#8221;80%&#8221;][vc_column][vc_row_inner][vc_column_inner width=&#8221;1\/2&#8243;][\/vc_column_inner][vc_column_inner width=&#8221;1\/2&#8243;][\/vc_column_inner][\/vc_row_inner][\/vc_column][\/vc_row][vc_row css=&#8221;.vc_custom_1699913269630{margin-top: 40px !important;margin-bottom: 40px !important;}&#8221;][vc_column width=&#8221;1\/2&#8243;][vc_column_text] En Scuba Dogs, estamos encantados de dar la bienvenida a solicitantes que comparten nuestra pasi\u00f3n por el buceo y nuestro compromiso inquebrantable de ser el &#8220;mejor amigo del buzo&#8221;. Nuestra misi\u00f3n no es s\u00f3lo una declaraci\u00f3n&hellip;\" \/>\n<meta property=\"og:url\" content=\"https:\/\/scubadogs.net\/es\/contactenos\/oportunidades-de-trabajo\/\" \/>\n<meta property=\"og:site_name\" content=\"Scuba Dogs\" \/>\n<meta property=\"article:publisher\" content=\"https:\/\/www.facebook.com\/scubadogs\/\" \/>\n<meta property=\"article:modified_time\" content=\"2024-02-25T15:03:10+00:00\" \/>\n<meta name=\"twitter:card\" content=\"summary_large_image\" \/>\n<script type=\"application\/ld+json\" class=\"yoast-schema-graph\">{\"@context\":\"https:\/\/schema.org\",\"@graph\":[{\"@type\":\"WebPage\",\"@id\":\"https:\/\/scubadogs.net\/es\/contactenos\/oportunidades-de-trabajo\/\",\"url\":\"https:\/\/scubadogs.net\/es\/contactenos\/oportunidades-de-trabajo\/\",\"name\":\"Oportunidades de Trabajo - Scuba Dogs\",\"isPartOf\":{\"@id\":\"https:\/\/scubadogs.net\/es\/#website\"},\"datePublished\":\"2023-12-06T17:55:59+00:00\",\"dateModified\":\"2024-02-25T15:03:10+00:00\",\"breadcrumb\":{\"@id\":\"https:\/\/scubadogs.net\/es\/contactenos\/oportunidades-de-trabajo\/#breadcrumb\"},\"inLanguage\":\"es\",\"potentialAction\":[{\"@type\":\"ReadAction\",\"target\":[\"https:\/\/scubadogs.net\/es\/contactenos\/oportunidades-de-trabajo\/\"]}]},{\"@type\":\"BreadcrumbList\",\"@id\":\"https:\/\/scubadogs.net\/es\/contactenos\/oportunidades-de-trabajo\/#breadcrumb\",\"itemListElement\":[{\"@type\":\"ListItem\",\"position\":1,\"name\":\"Home\",\"item\":\"https:\/\/scubadogs.net\/es\/\"},{\"@type\":\"ListItem\",\"position\":2,\"name\":\"Contactenos\",\"item\":\"https:\/\/scubadogs.net\/es\/contactenos\/\"},{\"@type\":\"ListItem\",\"position\":3,\"name\":\"Oportunidades de Trabajo\"}]},{\"@type\":\"WebSite\",\"@id\":\"https:\/\/scubadogs.net\/es\/#website\",\"url\":\"https:\/\/scubadogs.net\/es\/\",\"name\":\"Scuba Dogs\",\"description\":\"El Mejor Amigo del Buzo\",\"publisher\":{\"@id\":\"https:\/\/scubadogs.net\/es\/#organization\"},\"potentialAction\":[{\"@type\":\"SearchAction\",\"target\":{\"@type\":\"EntryPoint\",\"urlTemplate\":\"https:\/\/scubadogs.net\/es\/?s={search_term_string}\"},\"query-input\":{\"@type\":\"PropertyValueSpecification\",\"valueRequired\":true,\"valueName\":\"search_term_string\"}}],\"inLanguage\":\"es\"},{\"@type\":[\"Organization\",\"Place\"],\"@id\":\"https:\/\/scubadogs.net\/es\/#organization\",\"name\":\"Scuba Dogs\",\"alternateName\":\"Scuba Dogs\",\"url\":\"https:\/\/scubadogs.net\/es\/\",\"logo\":{\"@type\":\"ImageObject\",\"inLanguage\":\"es\",\"@id\":\"https:\/\/scubadogs.net\/es\/#\/schema\/logo\/image\/\",\"url\":\"https:\/\/scubadogs.net\/wp-content\/uploads\/Scubadogs-paw-icon.png\",\"contentUrl\":\"https:\/\/scubadogs.net\/wp-content\/uploads\/Scubadogs-paw-icon.png\",\"width\":512,\"height\":512,\"caption\":\"Scuba Dogs\"},\"image\":{\"@id\":\"https:\/\/scubadogs.net\/es\/#\/schema\/logo\/image\/\"},\"sameAs\":[\"https:\/\/www.facebook.com\/scubadogs\/\",\"https:\/\/www.instagram.com\/scubadogspr\/?hl=en\"],\"mainEntityOfPage\":{\"@id\":\"https:\/\/scubadogs.net\/es\/contactenos\/oportunidades-de-trabajo\/\"}}]}<\/script>\n<!-- \/ Yoast SEO Premium plugin. -->","yoast_head_json":{"title":"Oportunidades de Trabajo - Scuba Dogs","robots":{"index":"index","follow":"follow","max-snippet":"max-snippet:-1","max-image-preview":"max-image-preview:large","max-video-preview":"max-video-preview:-1"},"canonical":"https:\/\/scubadogs.net\/es\/contactenos\/oportunidades-de-trabajo\/","og_locale":"es_ES","og_type":"article","og_title":"Oportunidades de Trabajo","og_description":"[vc_row content_placement=&#8221;middle&#8221; bg_type=&#8221;image&#8221; parallax_style=&#8221;vcpb-default&#8221; bg_image_new=&#8221;id^5939|url^https:\/\/scubadogs.net\/wp-content\/uploads\/scubadogs_crew.jpeg|caption^null|alt^null|title^scubadogs_crew|description^null&#8221; bg_image_repeat=&#8221;no-repeat&#8221; bg_override=&#8221;full&#8221; enable_overlay=&#8221;enable_overlay_value&#8221; overlay_color=&#8221;#000000&#8243; type=&#8221;vc_default&#8221; min_height=&#8221;80%&#8221;][vc_column][vc_row_inner][vc_column_inner width=&#8221;1\/2&#8243;][\/vc_column_inner][vc_column_inner width=&#8221;1\/2&#8243;][\/vc_column_inner][\/vc_row_inner][\/vc_column][\/vc_row][vc_row css=&#8221;.vc_custom_1699913269630{margin-top: 40px !important;margin-bottom: 40px !important;}&#8221;][vc_column width=&#8221;1\/2&#8243;][vc_column_text] En Scuba Dogs, estamos encantados de dar la bienvenida a solicitantes que comparten nuestra pasi\u00f3n por el buceo y nuestro compromiso inquebrantable de ser el &#8220;mejor amigo del buzo&#8221;. Nuestra misi\u00f3n no es s\u00f3lo una declaraci\u00f3n&hellip;","og_url":"https:\/\/scubadogs.net\/es\/contactenos\/oportunidades-de-trabajo\/","og_site_name":"Scuba Dogs","article_publisher":"https:\/\/www.facebook.com\/scubadogs\/","article_modified_time":"2024-02-25T15:03:10+00:00","twitter_card":"summary_large_image","schema":{"@context":"https:\/\/schema.org","@graph":[{"@type":"WebPage","@id":"https:\/\/scubadogs.net\/es\/contactenos\/oportunidades-de-trabajo\/","url":"https:\/\/scubadogs.net\/es\/contactenos\/oportunidades-de-trabajo\/","name":"Oportunidades de Trabajo - Scuba Dogs","isPartOf":{"@id":"https:\/\/scubadogs.net\/es\/#website"},"datePublished":"2023-12-06T17:55:59+00:00","dateModified":"2024-02-25T15:03:10+00:00","breadcrumb":{"@id":"https:\/\/scubadogs.net\/es\/contactenos\/oportunidades-de-trabajo\/#breadcrumb"},"inLanguage":"es","potentialAction":[{"@type":"ReadAction","target":["https:\/\/scubadogs.net\/es\/contactenos\/oportunidades-de-trabajo\/"]}]},{"@type":"BreadcrumbList","@id":"https:\/\/scubadogs.net\/es\/contactenos\/oportunidades-de-trabajo\/#breadcrumb","itemListElement":[{"@type":"ListItem","position":1,"name":"Home","item":"https:\/\/scubadogs.net\/es\/"},{"@type":"ListItem","position":2,"name":"Contactenos","item":"https:\/\/scubadogs.net\/es\/contactenos\/"},{"@type":"ListItem","position":3,"name":"Oportunidades de Trabajo"}]},{"@type":"WebSite","@id":"https:\/\/scubadogs.net\/es\/#website","url":"https:\/\/scubadogs.net\/es\/","name":"Scuba Dogs","description":"El Mejor Amigo del Buzo","publisher":{"@id":"https:\/\/scubadogs.net\/es\/#organization"},"potentialAction":[{"@type":"SearchAction","target":{"@type":"EntryPoint","urlTemplate":"https:\/\/scubadogs.net\/es\/?s={search_term_string}"},"query-input":{"@type":"PropertyValueSpecification","valueRequired":true,"valueName":"search_term_string"}}],"inLanguage":"es"},{"@type":["Organization","Place"],"@id":"https:\/\/scubadogs.net\/es\/#organization","name":"Scuba Dogs","alternateName":"Scuba Dogs","url":"https:\/\/scubadogs.net\/es\/","logo":{"@type":"ImageObject","inLanguage":"es","@id":"https:\/\/scubadogs.net\/es\/#\/schema\/logo\/image\/","url":"https:\/\/scubadogs.net\/wp-content\/uploads\/Scubadogs-paw-icon.png","contentUrl":"https:\/\/scubadogs.net\/wp-content\/uploads\/Scubadogs-paw-icon.png","width":512,"height":512,"caption":"Scuba Dogs"},"image":{"@id":"https:\/\/scubadogs.net\/es\/#\/schema\/logo\/image\/"},"sameAs":["https:\/\/www.facebook.com\/scubadogs\/","https:\/\/www.instagram.com\/scubadogspr\/?hl=en"],"mainEntityOfPage":{"@id":"https:\/\/scubadogs.net\/es\/contactenos\/oportunidades-de-trabajo\/"}}]}},"_links":{"self":[{"href":"https:\/\/scubadogs.net\/es\/wp-json\/wp\/v2\/pages\/6973","targetHints":{"allow":["GET"]}}],"collection":[{"href":"https:\/\/scubadogs.net\/es\/wp-json\/wp\/v2\/pages"}],"about":[{"href":"https:\/\/scubadogs.net\/es\/wp-json\/wp\/v2\/types\/page"}],"author":[{"embeddable":true,"href":"https:\/\/scubadogs.net\/es\/wp-json\/wp\/v2\/users\/3"}],"replies":[{"embeddable":true,"href":"https:\/\/scubadogs.net\/es\/wp-json\/wp\/v2\/comments?post=6973"}],"version-history":[{"count":0,"href":"https:\/\/scubadogs.net\/es\/wp-json\/wp\/v2\/pages\/6973\/revisions"}],"up":[{"embeddable":true,"href":"https:\/\/scubadogs.net\/es\/wp-json\/wp\/v2\/pages\/7154"}],"wp:attachment":[{"href":"https:\/\/scubadogs.net\/es\/wp-json\/wp\/v2\/media?parent=6973"}],"wp:term":[{"taxonomy":"category","embeddable":true,"href":"https:\/\/scubadogs.net\/es\/wp-json\/wp\/v2\/categories?post=6973"},{"taxonomy":"post_tag","embeddable":true,"href":"https:\/\/scubadogs.net\/es\/wp-json\/wp\/v2\/tags?post=6973"}],"curies":[{"name":"wp","href":"https:\/\/api.w.org\/{rel}","templated":true}]}}