{"id":6974,"date":"2024-01-23T10:57:41","date_gmt":"2024-01-23T14:57:41","guid":{"rendered":"https:\/\/scubadogs.net\/contact-us\/founding-dogfathers\/"},"modified":"2024-02-25T10:47:36","modified_gmt":"2024-02-25T14:47:36","slug":"fundadores","status":"publish","type":"page","link":"https:\/\/scubadogs.net\/es\/contactenos\/fundadores\/","title":{"rendered":"Fundadores"},"content":{"rendered":"<div class=\"wpb-content-wrapper\"><p>[vc_row content_placement=&#8221;middle&#8221; bg_type=&#8221;image&#8221; parallax_style=&#8221;vcpb-default&#8221; bg_image_new=&#8221;id^6012|url^https:\/\/scubadogs.net\/wp-content\/uploads\/scubadogs-AyE-Sharks-scaled.jpg|caption^null|alt^null|title^scubadogs-AyE-Sharks|description^null&#8221; bg_image_repeat=&#8221;no-repeat&#8221; bg_img_attach=&#8221;fixed&#8221; bg_override=&#8221;full&#8221; enable_overlay=&#8221;enable_overlay_value&#8221; overlay_color=&#8221;#000000&#8243; type=&#8221;vc_default&#8221; min_height=&#8221;80%&#8221;][vc_column]<div class=\"ult-spacer spacer-6a04ab6903e9a\" data-id=\"6a04ab6903e9a\" data-height=\"300\" data-height-mobile=\"100\" data-height-tab=\"150\" data-height-tab-portrait=\"150\" data-height-mobile-landscape=\"100\" style=\"clear:both;display:block;\"><\/div>[vc_row_inner][vc_column_inner width=&#8221;2\/3&#8243;]<div id=\"ultimate-heading-52326a04ab6903f1d\" class=\"uvc-heading ult-adjust-bottom-margin ultimate-heading-52326a04ab6903f1d uvc-2999 \" data-hspacer=\"no_spacer\"  data-halign=\"left\" style=\"text-align:left\"><div class=\"uvc-heading-spacer no_spacer\" style=\"top\"><\/div><div class=\"uvc-main-heading ult-responsive\"  data-ultimate-target='.uvc-heading.ultimate-heading-52326a04ab6903f1d h1'  data-responsive-json-new='{\"font-size\":\"desktop:60px;tablet:50px;tablet_portrait:50px;mobile_landscape:30px;mobile:30px;\",\"line-height\":\"desktop:60px;tablet:50px;tablet_portrait:50px;mobile_landscape:30px;mobile:30px;\"}' ><h1 style=\"font-family:&#039;M PLUS Rounded 1c&#039;;font-weight:700;color:#ffffff;margin-bottom:20px;\">Fundadores<\/h1><\/div><div class=\"uvc-sub-heading ult-responsive\"  data-ultimate-target='.uvc-heading.ultimate-heading-52326a04ab6903f1d .uvc-sub-heading '  data-responsive-json-new='{\"font-size\":\"desktop:30px;tablet:25px;tablet_portrait:25px;mobile_landscape:20px;mobile:20px;\",\"line-height\":\"desktop:30px;tablet:25px;tablet_portrait:25px;mobile_landscape:20px;mobile:20px;\"}'  style=\"font-family:&#039;Raleway&#039;;font-style:italic;font-weight:300;color:#ffffff;margin-bottom:20px;\">Inspirado por nuestro amor por el oc\u00e9ano<\/div><\/div>[\/vc_column_inner][vc_column_inner width=&#8221;1\/3&#8243;][\/vc_column_inner][\/vc_row_inner]<div class=\"ult-spacer spacer-6a04ab6903fa2\" data-id=\"6a04ab6903fa2\" data-height=\"100\" data-height-mobile=\"40\" data-height-tab=\"50\" data-height-tab-portrait=\"50\" data-height-mobile-landscape=\"40\" style=\"clear:both;display:block;\"><\/div>[\/vc_column][\/vc_row][vc_row equal_height=&#8221;yes&#8221; content_placement=&#8221;top&#8221; css=&#8221;.vc_custom_1707003178287{margin-top: 40px !important;margin-bottom: 40px !important;}&#8221;][vc_column width=&#8221;1\/2&#8243;][vc_column_text]En el a\u00f1o 2000, Scuba Dogs se embarc\u00f3 en un viaje extraordinario, impulsado por un amor inquebrantable por la Madre Naturaleza, el encantador oc\u00e9ano y sus maravillosos habitantes. Nuestro compromiso fue claro desde el principio: brindar una amplia gama de entrenamiento de buceo, campamentos cautivadores para ni\u00f1os, emocionantes expediciones de buceo y equipos de primer nivel, todo desde los acogedores confines de nuestro hogar.<\/p>\n<p>A medida que pas\u00f3 el tiempo, nuestra dedicaci\u00f3n al medio ambiente se profundiz\u00f3. En 2002, adoptamos una postura proactiva en materia de conservaci\u00f3n, dando origen a la campa\u00f1a educativa &#8220;Trash Fish&#8221; y liderando la Limpieza Costera Internacional. Esta iniciativa se ha convertido en el esfuerzo de limpieza de playas m\u00e1s extenso de la isla, ahora encabezado por la organizaci\u00f3n sin fines de lucro Scuba Dogs Society.<\/p>\n<p>&nbsp;<\/p>\n<h3><strong><em>Hoy en d\u00eda, nuestras operaciones se extienden en tres ubicaciones destacadas:<\/em><\/strong><\/h3>\n<p>&nbsp;<\/p>\n<p><strong>Bucear y practicar Centro Acu\u00e1tico @ Guaynabo:<\/strong> En 2005, presentamos con orgullo nuestra sede en el Centro Acu\u00e1tico de Guaynabo, que cuenta con una piscina climatizada de 12 pies de profundidad. Aqu\u00ed, personas de todas las edades descubren el placer de nadar, participan en vigorizantes ejercicios acu\u00e1ticos, participan en campamentos de buceo, organizan fiestas inolvidables en la piscina y exploran un tesoro escondido de equipos de buceo y m\u00e1s.<\/p>\n<p>&nbsp;<\/p>\n<p><strong>Parque Marino Escambr\u00f3n @ San Juan:<\/strong> En 2010, emprendimos un viaje transformador, convirtiendo a Escambr\u00f3n en un para\u00edso para el buceo. Ubicado dentro de este vibrante parque marino, construimos un encantador quiosco en la playa, equipado con una encantadora tienda de regalos, todo el equipo que pueda so\u00f1ar, un compresor confiable, ba\u00f1os convenientes, duchas refrescantes y mucho m\u00e1s. Esta joya costera de San Juan es el escenario de nuestros recorridos diarios, sesiones de capacitaci\u00f3n y eventos especiales.<\/p>\n<p>&nbsp;<\/p>\n<p><strong>Copamarina @ Gu\u00e1nica:<\/strong> Nuestro \u00faltimo esfuerzo, en 2022, nos llev\u00f3 a zarpar hacia el pintoresco Copamarina Beach Resort &amp; Spa. Aqu\u00ed hemos presentado &#8220;Gu\u00e1nicAmazing&#8221;, una reserva de la biosfera apreciada y protegida por las Naciones Unidas desde 1981. Es el escenario perfecto para nuestra operaci\u00f3n de buceo en barco, permiti\u00e9ndole explorar las maravillas de este santuario pr\u00edstino.<\/p>\n<p>&nbsp;<\/p>\n<p>Scuba Dogs es m\u00e1s que un simple negocio de aventuras acu\u00e1ticas; es una comunidad vibrante. A lo largo de los a\u00f1os, hemos tejido un tapiz de buceadores y entusiastas de la naturaleza de todos los rincones del mundo. Ahora les extendemos una invitaci\u00f3n abierta. \u00danase a nuestra comunidad, comparta nuestra pasi\u00f3n y emb\u00e1rquese en aventuras inolvidables con Scuba Dogs. \ud83d\udc3e\u2764\ufe0f[\/vc_column_text][\/vc_column][vc_column width=&#8221;1\/2&#8243;]<div class=\"ult_row_spacer\"><div class=\"ult-sticky-anchor\"><div class=\"ult-sticky-section ult-sticky \"  data-gutter= '180' data-stick_behaviour= 'stick_with_scroll_row'  data-sticky_position= 'top' data-mobile='no' data-support='no'>[vc_single_image image=&#8221;6901&#8243; img_size=&#8221;full&#8221; style=&#8221;vc_box_rounded&#8221;][vc_column_text]<em>Conoce a Elsa y a ella. Alberto Mart\u00ed, el coraz\u00f3n y el alma detr\u00e1s de todo, los propietarios fundadores que ponen su coraz\u00f3n en cada aspecto de nuestra familia Scuba Dogs.<\/em>[\/vc_column_text]<\/div><div class=\"ult-space\"><\/div><\/div><\/div>[\/vc_column][\/vc_row]<\/p>\n<\/div>","protected":false},"excerpt":{"rendered":"<p>[vc_row content_placement=&#8221;middle&#8221; bg_type=&#8221;image&#8221; parallax_style=&#8221;vcpb-default&#8221; bg_image_new=&#8221;id^6012|url^https:\/\/scubadogs.net\/wp-content\/uploads\/scubadogs-AyE-Sharks-scaled.jpg|caption^null|alt^null|title^scubadogs-AyE-Sharks|description^null&#8221; bg_image_repeat=&#8221;no-repeat&#8221; bg_img_attach=&#8221;fixed&#8221; bg_override=&#8221;full&#8221; enable_overlay=&#8221;enable_overlay_value&#8221; overlay_color=&#8221;#000000&#8243; type=&#8221;vc_default&#8221; min_height=&#8221;80%&#8221;][vc_column][vc_row_inner][vc_column_inner width=&#8221;2\/3&#8243;][\/vc_column_inner][vc_column_inner width=&#8221;1\/3&#8243;][\/vc_column_inner][\/vc_row_inner][\/vc_column][\/vc_row][vc_row equal_height=&#8221;yes&#8221; content_placement=&#8221;top&#8221; css=&#8221;.vc_custom_1707003178287{margin-top: 40px !important;margin-bottom: 40px !important;}&#8221;][vc_column width=&#8221;1\/2&#8243;][vc_column_text]En el a\u00f1o 2000, Scuba Dogs se embarc\u00f3 en un viaje extraordinario, impulsado por un amor inquebrantable por la Madre Naturaleza, el encantador oc\u00e9ano y sus maravillosos habitantes. Nuestro compromiso fue claro desde el&hellip;<\/p>\n","protected":false},"author":3,"featured_media":0,"parent":7154,"menu_order":0,"comment_status":"closed","ping_status":"closed","template":"","meta":{"footnotes":""},"categories":[],"tags":[],"class_list":["post-6974","page","type-page","status-publish","hentry","description-off"],"yoast_head":"<!-- This site is optimized with the Yoast SEO Premium plugin v26.2 (Yoast SEO v26.2) - https:\/\/yoast.com\/wordpress\/plugins\/seo\/ -->\n<title>Fundadores - Scuba Dogs<\/title>\n<meta name=\"robots\" content=\"index, follow, max-snippet:-1, max-image-preview:large, max-video-preview:-1\" \/>\n<link rel=\"canonical\" href=\"https:\/\/scubadogs.net\/es\/contactenos\/fundadores\/\" \/>\n<meta property=\"og:locale\" content=\"es_ES\" \/>\n<meta property=\"og:type\" content=\"article\" \/>\n<meta property=\"og:title\" content=\"Fundadores\" \/>\n<meta property=\"og:description\" content=\"[vc_row content_placement=&#8221;middle&#8221; bg_type=&#8221;image&#8221; parallax_style=&#8221;vcpb-default&#8221; bg_image_new=&#8221;id^6012|url^https:\/\/scubadogs.net\/wp-content\/uploads\/scubadogs-AyE-Sharks-scaled.jpg|caption^null|alt^null|title^scubadogs-AyE-Sharks|description^null&#8221; bg_image_repeat=&#8221;no-repeat&#8221; bg_img_attach=&#8221;fixed&#8221; bg_override=&#8221;full&#8221; enable_overlay=&#8221;enable_overlay_value&#8221; overlay_color=&#8221;#000000&#8243; type=&#8221;vc_default&#8221; min_height=&#8221;80%&#8221;][vc_column][vc_row_inner][vc_column_inner width=&#8221;2\/3&#8243;][\/vc_column_inner][vc_column_inner width=&#8221;1\/3&#8243;][\/vc_column_inner][\/vc_row_inner][\/vc_column][\/vc_row][vc_row equal_height=&#8221;yes&#8221; content_placement=&#8221;top&#8221; css=&#8221;.vc_custom_1707003178287{margin-top: 40px !important;margin-bottom: 40px !important;}&#8221;][vc_column width=&#8221;1\/2&#8243;][vc_column_text]En el a\u00f1o 2000, Scuba Dogs se embarc\u00f3 en un viaje extraordinario, impulsado por un amor inquebrantable por la Madre Naturaleza, el encantador oc\u00e9ano y sus maravillosos habitantes. Nuestro compromiso fue claro desde el&hellip;\" \/>\n<meta property=\"og:url\" content=\"https:\/\/scubadogs.net\/es\/contactenos\/fundadores\/\" \/>\n<meta property=\"og:site_name\" content=\"Scuba Dogs\" \/>\n<meta property=\"article:publisher\" content=\"https:\/\/www.facebook.com\/scubadogs\/\" \/>\n<meta property=\"article:modified_time\" content=\"2024-02-25T14:47:36+00:00\" \/>\n<meta name=\"twitter:card\" content=\"summary_large_image\" \/>\n<script type=\"application\/ld+json\" class=\"yoast-schema-graph\">{\"@context\":\"https:\/\/schema.org\",\"@graph\":[{\"@type\":\"WebPage\",\"@id\":\"https:\/\/scubadogs.net\/es\/contactenos\/fundadores\/\",\"url\":\"https:\/\/scubadogs.net\/es\/contactenos\/fundadores\/\",\"name\":\"Fundadores - Scuba Dogs\",\"isPartOf\":{\"@id\":\"https:\/\/scubadogs.net\/es\/#website\"},\"datePublished\":\"2024-01-23T14:57:41+00:00\",\"dateModified\":\"2024-02-25T14:47:36+00:00\",\"breadcrumb\":{\"@id\":\"https:\/\/scubadogs.net\/es\/contactenos\/fundadores\/#breadcrumb\"},\"inLanguage\":\"es\",\"potentialAction\":[{\"@type\":\"ReadAction\",\"target\":[\"https:\/\/scubadogs.net\/es\/contactenos\/fundadores\/\"]}]},{\"@type\":\"BreadcrumbList\",\"@id\":\"https:\/\/scubadogs.net\/es\/contactenos\/fundadores\/#breadcrumb\",\"itemListElement\":[{\"@type\":\"ListItem\",\"position\":1,\"name\":\"Home\",\"item\":\"https:\/\/scubadogs.net\/es\/\"},{\"@type\":\"ListItem\",\"position\":2,\"name\":\"Contactenos\",\"item\":\"https:\/\/scubadogs.net\/es\/contactenos\/\"},{\"@type\":\"ListItem\",\"position\":3,\"name\":\"Fundadores\"}]},{\"@type\":\"WebSite\",\"@id\":\"https:\/\/scubadogs.net\/es\/#website\",\"url\":\"https:\/\/scubadogs.net\/es\/\",\"name\":\"Scuba Dogs\",\"description\":\"El Mejor Amigo del Buzo\",\"publisher\":{\"@id\":\"https:\/\/scubadogs.net\/es\/#organization\"},\"potentialAction\":[{\"@type\":\"SearchAction\",\"target\":{\"@type\":\"EntryPoint\",\"urlTemplate\":\"https:\/\/scubadogs.net\/es\/?s={search_term_string}\"},\"query-input\":{\"@type\":\"PropertyValueSpecification\",\"valueRequired\":true,\"valueName\":\"search_term_string\"}}],\"inLanguage\":\"es\"},{\"@type\":[\"Organization\",\"Place\"],\"@id\":\"https:\/\/scubadogs.net\/es\/#organization\",\"name\":\"Scuba Dogs\",\"alternateName\":\"Scuba Dogs\",\"url\":\"https:\/\/scubadogs.net\/es\/\",\"logo\":{\"@type\":\"ImageObject\",\"inLanguage\":\"es\",\"@id\":\"https:\/\/scubadogs.net\/es\/#\/schema\/logo\/image\/\",\"url\":\"https:\/\/scubadogs.net\/wp-content\/uploads\/Scubadogs-paw-icon.png\",\"contentUrl\":\"https:\/\/scubadogs.net\/wp-content\/uploads\/Scubadogs-paw-icon.png\",\"width\":512,\"height\":512,\"caption\":\"Scuba Dogs\"},\"image\":{\"@id\":\"https:\/\/scubadogs.net\/es\/#\/schema\/logo\/image\/\"},\"sameAs\":[\"https:\/\/www.facebook.com\/scubadogs\/\",\"https:\/\/www.instagram.com\/scubadogspr\/?hl=en\"],\"mainEntityOfPage\":{\"@id\":\"https:\/\/scubadogs.net\/es\/contactenos\/fundadores\/\"}}]}<\/script>\n<!-- \/ Yoast SEO Premium plugin. -->","yoast_head_json":{"title":"Fundadores - Scuba Dogs","robots":{"index":"index","follow":"follow","max-snippet":"max-snippet:-1","max-image-preview":"max-image-preview:large","max-video-preview":"max-video-preview:-1"},"canonical":"https:\/\/scubadogs.net\/es\/contactenos\/fundadores\/","og_locale":"es_ES","og_type":"article","og_title":"Fundadores","og_description":"[vc_row content_placement=&#8221;middle&#8221; bg_type=&#8221;image&#8221; parallax_style=&#8221;vcpb-default&#8221; bg_image_new=&#8221;id^6012|url^https:\/\/scubadogs.net\/wp-content\/uploads\/scubadogs-AyE-Sharks-scaled.jpg|caption^null|alt^null|title^scubadogs-AyE-Sharks|description^null&#8221; bg_image_repeat=&#8221;no-repeat&#8221; bg_img_attach=&#8221;fixed&#8221; bg_override=&#8221;full&#8221; enable_overlay=&#8221;enable_overlay_value&#8221; overlay_color=&#8221;#000000&#8243; type=&#8221;vc_default&#8221; min_height=&#8221;80%&#8221;][vc_column][vc_row_inner][vc_column_inner width=&#8221;2\/3&#8243;][\/vc_column_inner][vc_column_inner width=&#8221;1\/3&#8243;][\/vc_column_inner][\/vc_row_inner][\/vc_column][\/vc_row][vc_row equal_height=&#8221;yes&#8221; content_placement=&#8221;top&#8221; css=&#8221;.vc_custom_1707003178287{margin-top: 40px !important;margin-bottom: 40px !important;}&#8221;][vc_column width=&#8221;1\/2&#8243;][vc_column_text]En el a\u00f1o 2000, Scuba Dogs se embarc\u00f3 en un viaje extraordinario, impulsado por un amor inquebrantable por la Madre Naturaleza, el encantador oc\u00e9ano y sus maravillosos habitantes. Nuestro compromiso fue claro desde el&hellip;","og_url":"https:\/\/scubadogs.net\/es\/contactenos\/fundadores\/","og_site_name":"Scuba Dogs","article_publisher":"https:\/\/www.facebook.com\/scubadogs\/","article_modified_time":"2024-02-25T14:47:36+00:00","twitter_card":"summary_large_image","schema":{"@context":"https:\/\/schema.org","@graph":[{"@type":"WebPage","@id":"https:\/\/scubadogs.net\/es\/contactenos\/fundadores\/","url":"https:\/\/scubadogs.net\/es\/contactenos\/fundadores\/","name":"Fundadores - Scuba Dogs","isPartOf":{"@id":"https:\/\/scubadogs.net\/es\/#website"},"datePublished":"2024-01-23T14:57:41+00:00","dateModified":"2024-02-25T14:47:36+00:00","breadcrumb":{"@id":"https:\/\/scubadogs.net\/es\/contactenos\/fundadores\/#breadcrumb"},"inLanguage":"es","potentialAction":[{"@type":"ReadAction","target":["https:\/\/scubadogs.net\/es\/contactenos\/fundadores\/"]}]},{"@type":"BreadcrumbList","@id":"https:\/\/scubadogs.net\/es\/contactenos\/fundadores\/#breadcrumb","itemListElement":[{"@type":"ListItem","position":1,"name":"Home","item":"https:\/\/scubadogs.net\/es\/"},{"@type":"ListItem","position":2,"name":"Contactenos","item":"https:\/\/scubadogs.net\/es\/contactenos\/"},{"@type":"ListItem","position":3,"name":"Fundadores"}]},{"@type":"WebSite","@id":"https:\/\/scubadogs.net\/es\/#website","url":"https:\/\/scubadogs.net\/es\/","name":"Scuba Dogs","description":"El Mejor Amigo del Buzo","publisher":{"@id":"https:\/\/scubadogs.net\/es\/#organization"},"potentialAction":[{"@type":"SearchAction","target":{"@type":"EntryPoint","urlTemplate":"https:\/\/scubadogs.net\/es\/?s={search_term_string}"},"query-input":{"@type":"PropertyValueSpecification","valueRequired":true,"valueName":"search_term_string"}}],"inLanguage":"es"},{"@type":["Organization","Place"],"@id":"https:\/\/scubadogs.net\/es\/#organization","name":"Scuba Dogs","alternateName":"Scuba Dogs","url":"https:\/\/scubadogs.net\/es\/","logo":{"@type":"ImageObject","inLanguage":"es","@id":"https:\/\/scubadogs.net\/es\/#\/schema\/logo\/image\/","url":"https:\/\/scubadogs.net\/wp-content\/uploads\/Scubadogs-paw-icon.png","contentUrl":"https:\/\/scubadogs.net\/wp-content\/uploads\/Scubadogs-paw-icon.png","width":512,"height":512,"caption":"Scuba Dogs"},"image":{"@id":"https:\/\/scubadogs.net\/es\/#\/schema\/logo\/image\/"},"sameAs":["https:\/\/www.facebook.com\/scubadogs\/","https:\/\/www.instagram.com\/scubadogspr\/?hl=en"],"mainEntityOfPage":{"@id":"https:\/\/scubadogs.net\/es\/contactenos\/fundadores\/"}}]}},"_links":{"self":[{"href":"https:\/\/scubadogs.net\/es\/wp-json\/wp\/v2\/pages\/6974","targetHints":{"allow":["GET"]}}],"collection":[{"href":"https:\/\/scubadogs.net\/es\/wp-json\/wp\/v2\/pages"}],"about":[{"href":"https:\/\/scubadogs.net\/es\/wp-json\/wp\/v2\/types\/page"}],"author":[{"embeddable":true,"href":"https:\/\/scubadogs.net\/es\/wp-json\/wp\/v2\/users\/3"}],"replies":[{"embeddable":true,"href":"https:\/\/scubadogs.net\/es\/wp-json\/wp\/v2\/comments?post=6974"}],"version-history":[{"count":0,"href":"https:\/\/scubadogs.net\/es\/wp-json\/wp\/v2\/pages\/6974\/revisions"}],"up":[{"embeddable":true,"href":"https:\/\/scubadogs.net\/es\/wp-json\/wp\/v2\/pages\/7154"}],"wp:attachment":[{"href":"https:\/\/scubadogs.net\/es\/wp-json\/wp\/v2\/media?parent=6974"}],"wp:term":[{"taxonomy":"category","embeddable":true,"href":"https:\/\/scubadogs.net\/es\/wp-json\/wp\/v2\/categories?post=6974"},{"taxonomy":"post_tag","embeddable":true,"href":"https:\/\/scubadogs.net\/es\/wp-json\/wp\/v2\/tags?post=6974"}],"curies":[{"name":"wp","href":"https:\/\/api.w.org\/{rel}","templated":true}]}}