{"id":6975,"date":"2024-01-19T09:29:55","date_gmt":"2024-01-19T13:29:55","guid":{"rendered":"https:\/\/scubadogs.net\/contact-us\/required-forms\/"},"modified":"2026-03-17T21:23:12","modified_gmt":"2026-03-18T01:23:12","slug":"formas-requeridas","status":"publish","type":"page","link":"https:\/\/scubadogs.net\/es\/formas-requeridas\/","title":{"rendered":"Formas Requeridas"},"content":{"rendered":"<div class=\"wpb-content-wrapper\"><p>[vc_row content_placement=&#8221;middle&#8221; bg_type=&#8221;image&#8221; parallax_style=&#8221;vcpb-default&#8221; bg_image_new=&#8221;id^5776|url^https:\/\/scubadogs.net\/wp-content\/uploads\/PADI-ScubaDogs-22.webp|caption^null|alt^null|title^PADI-ScubaDogs-22|description^null&#8221; bg_override=&#8221;full&#8221; enable_overlay=&#8221;enable_overlay_value&#8221; overlay_color=&#8221;#000000&#8243; type=&#8221;vc_default&#8221; min_height=&#8221;80%&#8221;][vc_column]<div class=\"ult-spacer spacer-69dcd09e34664\" data-id=\"69dcd09e34664\" data-height=\"300\" data-height-mobile=\"100\" data-height-tab=\"150\" data-height-tab-portrait=\"150\" data-height-mobile-landscape=\"100\" style=\"clear:both;display:block;\"><\/div>[vc_row_inner][vc_column_inner width=&#8221;1\/2&#8243;]<div id=\"ultimate-heading-84569dcd09e346dd\" class=\"uvc-heading ult-adjust-bottom-margin ultimate-heading-84569dcd09e346dd uvc-3937 \" data-hspacer=\"no_spacer\"  data-halign=\"left\" style=\"text-align:left\"><div class=\"uvc-heading-spacer no_spacer\" style=\"top\"><\/div><div class=\"uvc-main-heading ult-responsive\"  data-ultimate-target='.uvc-heading.ultimate-heading-84569dcd09e346dd h1'  data-responsive-json-new='{\"font-size\":\"desktop:60px;tablet:50px;tablet_portrait:50px;mobile_landscape:30px;mobile:30px;\",\"line-height\":\"desktop:60px;tablet:50px;tablet_portrait:50px;mobile_landscape:30px;mobile:30px;\"}' ><h1 style=\"font-family:&#039;M PLUS Rounded 1c&#039;;font-weight:700;color:#ffffff;margin-bottom:20px;\">Formas Requeridas<\/h1><\/div><div class=\"uvc-sub-heading ult-responsive\"  data-ultimate-target='.uvc-heading.ultimate-heading-84569dcd09e346dd .uvc-sub-heading '  data-responsive-json-new='{\"font-size\":\"desktop:30px;tablet:25px;tablet_portrait:25px;mobile_landscape:20px;mobile:20px;\",\"line-height\":\"desktop:30px;tablet:25px;tablet_portrait:25px;mobile_landscape:20px;mobile:20px;\"}'  style=\"font-family:&#039;Raleway&#039;;font-style:italic;font-weight:300;color:#ffffff;margin-bottom:20px;\">Acceso r\u00e1pido para su conveniencia<\/div><\/div>[\/vc_column_inner][vc_column_inner width=&#8221;1\/2&#8243;][\/vc_column_inner][\/vc_row_inner]<div class=\"ult-spacer spacer-69dcd09e34758\" data-id=\"69dcd09e34758\" data-height=\"100\" data-height-mobile=\"40\" data-height-tab=\"50\" data-height-tab-portrait=\"50\" data-height-mobile-landscape=\"40\" style=\"clear:both;display:block;\"><\/div>[\/vc_column][\/vc_row][vc_row css=&#8221;.vc_custom_1699913269630{margin-top: 40px !important;margin-bottom: 40px !important;}&#8221;][vc_column][vc_column_text css=&#8221;&#8221;]Para su comodidad, aqu\u00ed encontrar\u00e1 los formularios y autorizaciones m\u00e1s comunes que debe completar antes de recibir sus servicios acu\u00e1ticos. Simplemente impr\u00edmalos, f\u00edrmelo y env\u00edelos. \u00a1Gracias![\/vc_column_text][\/vc_column][\/vc_row][vc_row][vc_column]<div id=\"ultimate-heading-111269dcd09e34797\" class=\"uvc-heading ult-adjust-bottom-margin ultimate-heading-111269dcd09e34797 uvc-4456 \" data-hspacer=\"no_spacer\"  data-halign=\"left\" style=\"text-align:left\"><div class=\"uvc-heading-spacer no_spacer\" style=\"top\"><\/div><div class=\"uvc-main-heading ult-responsive\"  data-ultimate-target='.uvc-heading.ultimate-heading-111269dcd09e34797 h1'  data-responsive-json-new='{\"font-size\":\"desktop:34px;tablet:24px;tablet_portrait:24px;mobile_landscape:18px;mobile:18px;\",\"line-height\":\"desktop:34px;tablet:24px;tablet_portrait:24px;mobile_landscape:18px;mobile:18px;\"}' ><h1 style=\"font-family:&#039;M PLUS Rounded 1c&#039;;font-weight:700;color:#1e73be;margin-bottom:20px;\">Formularios administrativos<\/h1><\/div><\/div>[vc_column_text css=&#8221;&#8221;]<strong>Formulario de registro:<\/strong> <a href=\"https:\/\/scubadogs.net\/wp-content\/uploads\/REGISTRATION-FORM.pdf\" target=\"_blank\" rel=\"noopener\">Haga clic aqu\u00ed<\/a><br \/>\n<strong>Acuerdo de servicio de equipo:<\/strong> <a href=\"https:\/\/scubadogs.net\/wp-content\/uploads\/Acuerdo_de-servicios_acuaticos_revisado_2026.pdf\" target=\"_blank\" rel=\"noopener\">Haga clic aqu\u00ed<\/a><br \/>\n<strong>Formulario de autorizaci\u00f3n de multimedia:<\/strong> <a href=\"https:\/\/scubadogs.net\/wp-content\/uploads\/Multimedia_Release_Form.pdf\" target=\"_blank\" rel=\"noopener\">Haga clic aqu\u00ed<\/a>[\/vc_column_text][\/vc_column][\/vc_row][vc_row bg_type=&#8221;image&#8221; parallax_style=&#8221;vcpb-default&#8221; bg_image_new=&#8221;id^6058|url^https:\/\/scubadogs.net\/wp-content\/uploads\/Scubadogs_water_background.webp|caption^null|alt^null|title^Scubadogs_water_background|description^null&#8221; bg_image_repeat=&#8221;no-repeat&#8221; bg_img_attach=&#8221;fixed&#8221; bg_override=&#8221;full&#8221;][vc_column]<div id=\"ultimate-heading-65869dcd09e347fc\" class=\"uvc-heading ult-adjust-bottom-margin ultimate-heading-65869dcd09e347fc uvc-760 \" data-hspacer=\"no_spacer\"  data-halign=\"left\" style=\"text-align:left\"><div class=\"uvc-heading-spacer no_spacer\" style=\"top\"><\/div><div class=\"uvc-main-heading ult-responsive\"  data-ultimate-target='.uvc-heading.ultimate-heading-65869dcd09e347fc h1'  data-responsive-json-new='{\"font-size\":\"desktop:34px;tablet:24px;tablet_portrait:24px;mobile_landscape:18px;mobile:18px;\",\"line-height\":\"desktop:34px;tablet:24px;tablet_portrait:24px;mobile_landscape:18px;mobile:18px;\"}' ><h1 style=\"font-family:&#039;M PLUS Rounded 1c&#039;;font-weight:700;color:#1e73be;margin-bottom:20px;\">Formularios de nataci\u00f3n y actividades acu\u00e1ticas<\/h1><\/div><\/div>[vc_column_text css=&#8221;&#8221;]<strong>Hoja de progreso de la escuela de nataci\u00f3n:<\/strong> <a href=\"https:\/\/scubadogs.net\/wp-content\/uploads\/2022\/12\/PROGRESSION-TABLE-PADI-Swim-School.pdf\">Haga clic aqu\u00ed<\/a><br \/>\n<strong>Contrato de servicio acu\u00e1tico:<\/strong> <a href=\"https:\/\/scubadogs.net\/wp-content\/uploads\/Acuerdo_de-servicios_acuaticos_revisado2026-1.pdf\">Haga clic aqu\u00ed<\/a><br \/>\n<strong>Exenci\u00f3n de responsabilidad acu\u00e1tica:<\/strong> <a href=\"https:\/\/scubadogs.net\/wp-content\/uploads\/2022\/12\/Aquatic-Liability-Release-Form-revised-2022.pdf\">Haga clic aqu\u00ed<\/a>[\/vc_column_text][\/vc_column][\/vc_row][vc_row][vc_column]<div id=\"ultimate-heading-822669dcd09e3485d\" class=\"uvc-heading ult-adjust-bottom-margin ultimate-heading-822669dcd09e3485d uvc-3703 \" data-hspacer=\"no_spacer\"  data-halign=\"left\" style=\"text-align:left\"><div class=\"uvc-heading-spacer no_spacer\" style=\"top\"><\/div><div class=\"uvc-main-heading ult-responsive\"  data-ultimate-target='.uvc-heading.ultimate-heading-822669dcd09e3485d h1'  data-responsive-json-new='{\"font-size\":\"desktop:34px;tablet:24px;tablet_portrait:24px;mobile_landscape:18px;mobile:18px;\",\"line-height\":\"desktop:34px;tablet:24px;tablet_portrait:24px;mobile_landscape:18px;mobile:18px;\"}' ><h1 style=\"font-family:&#039;M PLUS Rounded 1c&#039;;font-weight:700;color:#1e73be;margin-bottom:20px;\">Formularios de TOURS Y CAPACITACI\u00d3N<\/h1><\/div><\/div>[vc_column_text css=&#8221;&#8221;]<strong>Declaraci\u00f3n de Entendimiento:<\/strong> <a href=\"https:\/\/scubadogs.net\/wp-content\/uploads\/2022\/10\/10060_Statement_of_Understanding_v201_EN.pdf\">Haga clic aqu\u00ed<\/a><br \/>\n<strong>Declaraci\u00f3n M\u00e9dica:<\/strong> <a href=\"https:\/\/scubadogs.net\/wp-content\/uploads\/2022\/05\/Medical-Statement.pdf\">Haga clic aqu\u00ed<\/a><br \/>\n<strong>Buceo Juvenil: Responsabilidad y Reconocimiento de Riesgos: <a href=\"https:\/\/scubadogs.net\/wp-content\/uploads\/2022\/10\/10615_Youth-Diving-Responsibility-and-Risks-Acknowledgment-V201_EN.pdf\">Haga clic aqu\u00ed<\/a><br \/>\n<strong>Exenci\u00f3n de Responsabilidad por Educaci\u00f3n Continua:<\/strong> <a href=\"https:\/\/scubadogs.net\/wp-content\/uploads\/2022\/10\/10541EU_Continuing_Education_Administrative_Document_v2_FF.pdf\">Haga clic aqu\u00ed<\/a><br \/>\n<strong>Formularios para Descubre el Buceo:<\/strong> <a href=\"https:\/\/scubadogs.net\/wp-content\/uploads\/2022\/11\/DSD-FORMS-edited.pdf\">Haga clic aqu\u00ed<\/a><br \/>\n<strong>Exenci\u00f3n de Responsabilidad de PADI Formulario: <a href=\"https:\/\/scubadogs.net\/wp-content\/uploads\/PADI-Liability-Release-Form.pdf\">Haga clic aqu\u00ed<\/a><br \/>\n<strong>Exenci\u00f3n de responsabilidad para tours y entrenamientos:<\/strong> <a href=\"https:\/\/scubadogs.net\/wp-content\/uploads\/TOURS-TRAININGS-LIABILITY-RELEASE.pdf\">Haga clic aqu\u00ed<\/a><br \/>\n<strong>Exenci\u00f3n de responsabilidad para embarcaciones:<\/strong> <a href=\"https:\/\/scubadogs.net\/wp-content\/uploads\/Boat-Liability-Release.pdf\">Haga clic aqu\u00ed<\/a><br \/>\n<strong>Declaraci\u00f3n del Equipo PADI Seal:<\/strong> <a href=\"https:\/\/scubadogs.net\/wp-content\/uploads\/PADI-Seal-Team-Statement.pdf\">Haga clic aqu\u00ed<\/a><\/strong><\/strong>[\/vc_column_text][\/vc_column][\/vc_row]<\/p>\n<\/div>","protected":false},"excerpt":{"rendered":"<p>[vc_row content_placement=&#8221;middle&#8221; bg_type=&#8221;image&#8221; parallax_style=&#8221;vcpb-default&#8221; bg_image_new=&#8221;id^5776|url^https:\/\/scubadogs.net\/wp-content\/uploads\/PADI-ScubaDogs-22.webp|caption^null|alt^null|title^PADI-ScubaDogs-22|description^null&#8221; bg_override=&#8221;full&#8221; enable_overlay=&#8221;enable_overlay_value&#8221; overlay_color=&#8221;#000000&#8243; type=&#8221;vc_default&#8221; min_height=&#8221;80%&#8221;][vc_column][vc_row_inner][vc_column_inner width=&#8221;1\/2&#8243;][\/vc_column_inner][vc_column_inner width=&#8221;1\/2&#8243;][\/vc_column_inner][\/vc_row_inner][\/vc_column][\/vc_row][vc_row css=&#8221;.vc_custom_1699913269630{margin-top: 40px !important;margin-bottom: 40px !important;}&#8221;][vc_column][vc_column_text css=&#8221;&#8221;]Para su comodidad, aqu\u00ed encontrar\u00e1 los formularios y autorizaciones m\u00e1s comunes que debe completar antes de recibir sus servicios acu\u00e1ticos. Simplemente impr\u00edmalos, f\u00edrmelo y env\u00edelos. \u00a1Gracias![\/vc_column_text][\/vc_column][\/vc_row][vc_row][vc_column][vc_column_text css=&#8221;&#8221;]Formulario de registro: Haga clic aqu\u00ed Acuerdo de servicio de equipo: Haga&hellip;<\/p>\n","protected":false},"author":3,"featured_media":0,"parent":0,"menu_order":0,"comment_status":"closed","ping_status":"closed","template":"","meta":{"footnotes":""},"categories":[],"tags":[],"class_list":["post-6975","page","type-page","status-publish","hentry","description-off"],"yoast_head":"<!-- This site is optimized with the Yoast SEO Premium plugin v26.2 (Yoast SEO v26.2) - https:\/\/yoast.com\/wordpress\/plugins\/seo\/ -->\n<title>Formas Requeridas - Scuba Dogs<\/title>\n<meta name=\"robots\" content=\"index, follow, max-snippet:-1, max-image-preview:large, max-video-preview:-1\" \/>\n<link rel=\"canonical\" href=\"https:\/\/scubadogs.net\/es\/formas-requeridas\/\" \/>\n<meta property=\"og:locale\" content=\"es_ES\" \/>\n<meta property=\"og:type\" content=\"article\" \/>\n<meta property=\"og:title\" content=\"Formas Requeridas\" \/>\n<meta property=\"og:description\" content=\"[vc_row content_placement=&#8221;middle&#8221; bg_type=&#8221;image&#8221; parallax_style=&#8221;vcpb-default&#8221; bg_image_new=&#8221;id^5776|url^https:\/\/scubadogs.net\/wp-content\/uploads\/PADI-ScubaDogs-22.webp|caption^null|alt^null|title^PADI-ScubaDogs-22|description^null&#8221; bg_override=&#8221;full&#8221; enable_overlay=&#8221;enable_overlay_value&#8221; overlay_color=&#8221;#000000&#8243; type=&#8221;vc_default&#8221; min_height=&#8221;80%&#8221;][vc_column][vc_row_inner][vc_column_inner width=&#8221;1\/2&#8243;][\/vc_column_inner][vc_column_inner width=&#8221;1\/2&#8243;][\/vc_column_inner][\/vc_row_inner][\/vc_column][\/vc_row][vc_row css=&#8221;.vc_custom_1699913269630{margin-top: 40px !important;margin-bottom: 40px !important;}&#8221;][vc_column][vc_column_text css=&#8221;&#8221;]Para su comodidad, aqu\u00ed encontrar\u00e1 los formularios y autorizaciones m\u00e1s comunes que debe completar antes de recibir sus servicios acu\u00e1ticos. Simplemente impr\u00edmalos, f\u00edrmelo y env\u00edelos. \u00a1Gracias![\/vc_column_text][\/vc_column][\/vc_row][vc_row][vc_column][vc_column_text css=&#8221;&#8221;]Formulario de registro: Haga clic aqu\u00ed Acuerdo de servicio de equipo: Haga&hellip;\" \/>\n<meta property=\"og:url\" content=\"https:\/\/scubadogs.net\/es\/formas-requeridas\/\" \/>\n<meta property=\"og:site_name\" content=\"Scuba Dogs\" \/>\n<meta property=\"article:publisher\" content=\"https:\/\/www.facebook.com\/scubadogs\/\" \/>\n<meta property=\"article:modified_time\" content=\"2026-03-18T01:23:12+00:00\" \/>\n<meta name=\"twitter:card\" content=\"summary_large_image\" \/>\n<script type=\"application\/ld+json\" class=\"yoast-schema-graph\">{\"@context\":\"https:\/\/schema.org\",\"@graph\":[{\"@type\":\"WebPage\",\"@id\":\"https:\/\/scubadogs.net\/es\/formas-requeridas\/\",\"url\":\"https:\/\/scubadogs.net\/es\/formas-requeridas\/\",\"name\":\"Formas Requeridas - Scuba Dogs\",\"isPartOf\":{\"@id\":\"https:\/\/scubadogs.net\/es\/#website\"},\"datePublished\":\"2024-01-19T13:29:55+00:00\",\"dateModified\":\"2026-03-18T01:23:12+00:00\",\"breadcrumb\":{\"@id\":\"https:\/\/scubadogs.net\/es\/formas-requeridas\/#breadcrumb\"},\"inLanguage\":\"es\",\"potentialAction\":[{\"@type\":\"ReadAction\",\"target\":[\"https:\/\/scubadogs.net\/es\/formas-requeridas\/\"]}]},{\"@type\":\"BreadcrumbList\",\"@id\":\"https:\/\/scubadogs.net\/es\/formas-requeridas\/#breadcrumb\",\"itemListElement\":[{\"@type\":\"ListItem\",\"position\":1,\"name\":\"Home\",\"item\":\"https:\/\/scubadogs.net\/es\/\"},{\"@type\":\"ListItem\",\"position\":2,\"name\":\"Formas Requeridas\"}]},{\"@type\":\"WebSite\",\"@id\":\"https:\/\/scubadogs.net\/es\/#website\",\"url\":\"https:\/\/scubadogs.net\/es\/\",\"name\":\"Scuba Dogs\",\"description\":\"El Mejor Amigo del Buzo\",\"publisher\":{\"@id\":\"https:\/\/scubadogs.net\/es\/#organization\"},\"potentialAction\":[{\"@type\":\"SearchAction\",\"target\":{\"@type\":\"EntryPoint\",\"urlTemplate\":\"https:\/\/scubadogs.net\/es\/?s={search_term_string}\"},\"query-input\":{\"@type\":\"PropertyValueSpecification\",\"valueRequired\":true,\"valueName\":\"search_term_string\"}}],\"inLanguage\":\"es\"},{\"@type\":[\"Organization\",\"Place\"],\"@id\":\"https:\/\/scubadogs.net\/es\/#organization\",\"name\":\"Scuba Dogs\",\"alternateName\":\"Scuba Dogs\",\"url\":\"https:\/\/scubadogs.net\/es\/\",\"logo\":{\"@type\":\"ImageObject\",\"inLanguage\":\"es\",\"@id\":\"https:\/\/scubadogs.net\/es\/#\/schema\/logo\/image\/\",\"url\":\"https:\/\/scubadogs.net\/wp-content\/uploads\/Scubadogs-paw-icon.png\",\"contentUrl\":\"https:\/\/scubadogs.net\/wp-content\/uploads\/Scubadogs-paw-icon.png\",\"width\":512,\"height\":512,\"caption\":\"Scuba Dogs\"},\"image\":{\"@id\":\"https:\/\/scubadogs.net\/es\/#\/schema\/logo\/image\/\"},\"sameAs\":[\"https:\/\/www.facebook.com\/scubadogs\/\",\"https:\/\/www.instagram.com\/scubadogspr\/?hl=en\"],\"mainEntityOfPage\":{\"@id\":\"https:\/\/scubadogs.net\/es\/formas-requeridas\/\"}}]}<\/script>\n<!-- \/ Yoast SEO Premium plugin. -->","yoast_head_json":{"title":"Formas Requeridas - Scuba Dogs","robots":{"index":"index","follow":"follow","max-snippet":"max-snippet:-1","max-image-preview":"max-image-preview:large","max-video-preview":"max-video-preview:-1"},"canonical":"https:\/\/scubadogs.net\/es\/formas-requeridas\/","og_locale":"es_ES","og_type":"article","og_title":"Formas Requeridas","og_description":"[vc_row content_placement=&#8221;middle&#8221; bg_type=&#8221;image&#8221; parallax_style=&#8221;vcpb-default&#8221; bg_image_new=&#8221;id^5776|url^https:\/\/scubadogs.net\/wp-content\/uploads\/PADI-ScubaDogs-22.webp|caption^null|alt^null|title^PADI-ScubaDogs-22|description^null&#8221; bg_override=&#8221;full&#8221; enable_overlay=&#8221;enable_overlay_value&#8221; overlay_color=&#8221;#000000&#8243; type=&#8221;vc_default&#8221; min_height=&#8221;80%&#8221;][vc_column][vc_row_inner][vc_column_inner width=&#8221;1\/2&#8243;][\/vc_column_inner][vc_column_inner width=&#8221;1\/2&#8243;][\/vc_column_inner][\/vc_row_inner][\/vc_column][\/vc_row][vc_row css=&#8221;.vc_custom_1699913269630{margin-top: 40px !important;margin-bottom: 40px !important;}&#8221;][vc_column][vc_column_text css=&#8221;&#8221;]Para su comodidad, aqu\u00ed encontrar\u00e1 los formularios y autorizaciones m\u00e1s comunes que debe completar antes de recibir sus servicios acu\u00e1ticos. Simplemente impr\u00edmalos, f\u00edrmelo y env\u00edelos. \u00a1Gracias![\/vc_column_text][\/vc_column][\/vc_row][vc_row][vc_column][vc_column_text css=&#8221;&#8221;]Formulario de registro: Haga clic aqu\u00ed Acuerdo de servicio de equipo: Haga&hellip;","og_url":"https:\/\/scubadogs.net\/es\/formas-requeridas\/","og_site_name":"Scuba Dogs","article_publisher":"https:\/\/www.facebook.com\/scubadogs\/","article_modified_time":"2026-03-18T01:23:12+00:00","twitter_card":"summary_large_image","schema":{"@context":"https:\/\/schema.org","@graph":[{"@type":"WebPage","@id":"https:\/\/scubadogs.net\/es\/formas-requeridas\/","url":"https:\/\/scubadogs.net\/es\/formas-requeridas\/","name":"Formas Requeridas - Scuba Dogs","isPartOf":{"@id":"https:\/\/scubadogs.net\/es\/#website"},"datePublished":"2024-01-19T13:29:55+00:00","dateModified":"2026-03-18T01:23:12+00:00","breadcrumb":{"@id":"https:\/\/scubadogs.net\/es\/formas-requeridas\/#breadcrumb"},"inLanguage":"es","potentialAction":[{"@type":"ReadAction","target":["https:\/\/scubadogs.net\/es\/formas-requeridas\/"]}]},{"@type":"BreadcrumbList","@id":"https:\/\/scubadogs.net\/es\/formas-requeridas\/#breadcrumb","itemListElement":[{"@type":"ListItem","position":1,"name":"Home","item":"https:\/\/scubadogs.net\/es\/"},{"@type":"ListItem","position":2,"name":"Formas Requeridas"}]},{"@type":"WebSite","@id":"https:\/\/scubadogs.net\/es\/#website","url":"https:\/\/scubadogs.net\/es\/","name":"Scuba Dogs","description":"El Mejor Amigo del Buzo","publisher":{"@id":"https:\/\/scubadogs.net\/es\/#organization"},"potentialAction":[{"@type":"SearchAction","target":{"@type":"EntryPoint","urlTemplate":"https:\/\/scubadogs.net\/es\/?s={search_term_string}"},"query-input":{"@type":"PropertyValueSpecification","valueRequired":true,"valueName":"search_term_string"}}],"inLanguage":"es"},{"@type":["Organization","Place"],"@id":"https:\/\/scubadogs.net\/es\/#organization","name":"Scuba Dogs","alternateName":"Scuba Dogs","url":"https:\/\/scubadogs.net\/es\/","logo":{"@type":"ImageObject","inLanguage":"es","@id":"https:\/\/scubadogs.net\/es\/#\/schema\/logo\/image\/","url":"https:\/\/scubadogs.net\/wp-content\/uploads\/Scubadogs-paw-icon.png","contentUrl":"https:\/\/scubadogs.net\/wp-content\/uploads\/Scubadogs-paw-icon.png","width":512,"height":512,"caption":"Scuba Dogs"},"image":{"@id":"https:\/\/scubadogs.net\/es\/#\/schema\/logo\/image\/"},"sameAs":["https:\/\/www.facebook.com\/scubadogs\/","https:\/\/www.instagram.com\/scubadogspr\/?hl=en"],"mainEntityOfPage":{"@id":"https:\/\/scubadogs.net\/es\/formas-requeridas\/"}}]}},"_links":{"self":[{"href":"https:\/\/scubadogs.net\/es\/wp-json\/wp\/v2\/pages\/6975","targetHints":{"allow":["GET"]}}],"collection":[{"href":"https:\/\/scubadogs.net\/es\/wp-json\/wp\/v2\/pages"}],"about":[{"href":"https:\/\/scubadogs.net\/es\/wp-json\/wp\/v2\/types\/page"}],"author":[{"embeddable":true,"href":"https:\/\/scubadogs.net\/es\/wp-json\/wp\/v2\/users\/3"}],"replies":[{"embeddable":true,"href":"https:\/\/scubadogs.net\/es\/wp-json\/wp\/v2\/comments?post=6975"}],"version-history":[{"count":0,"href":"https:\/\/scubadogs.net\/es\/wp-json\/wp\/v2\/pages\/6975\/revisions"}],"wp:attachment":[{"href":"https:\/\/scubadogs.net\/es\/wp-json\/wp\/v2\/media?parent=6975"}],"wp:term":[{"taxonomy":"category","embeddable":true,"href":"https:\/\/scubadogs.net\/es\/wp-json\/wp\/v2\/categories?post=6975"},{"taxonomy":"post_tag","embeddable":true,"href":"https:\/\/scubadogs.net\/es\/wp-json\/wp\/v2\/tags?post=6975"}],"curies":[{"name":"wp","href":"https:\/\/api.w.org\/{rel}","templated":true}]}}