{"id":6976,"date":"2024-01-19T10:08:31","date_gmt":"2024-01-19T14:08:31","guid":{"rendered":"https:\/\/scubadogs.net\/contact-us\/submit-a-review\/"},"modified":"2024-04-03T13:18:51","modified_gmt":"2024-04-03T17:18:51","slug":"enviar-resena","status":"publish","type":"page","link":"https:\/\/scubadogs.net\/es\/enviar-resena\/","title":{"rendered":"Enviar Rese\u00f1a"},"content":{"rendered":"<div class=\"wpb-content-wrapper\"><p>[vc_row content_placement=&#8221;middle&#8221; bg_type=&#8221;image&#8221; parallax_style=&#8221;vcpb-default&#8221; bg_image_new=&#8221;id^5771|url^https:\/\/scubadogs.net\/wp-content\/uploads\/PADI-ScubaDogs-16-scaled.webp|caption^null|alt^null|title^PADI-ScubaDogs-16|description^null&#8221; bg_override=&#8221;full&#8221; enable_overlay=&#8221;enable_overlay_value&#8221; overlay_color=&#8221;#000000&#8243; type=&#8221;vc_default&#8221; min_height=&#8221;80%&#8221;][vc_column]<div class=\"ult-spacer spacer-69dc7dd0dc7e3\" data-id=\"69dc7dd0dc7e3\" data-height=\"300\" data-height-mobile=\"100\" data-height-tab=\"150\" data-height-tab-portrait=\"150\" data-height-mobile-landscape=\"100\" style=\"clear:both;display:block;\"><\/div>[vc_row_inner][vc_column_inner width=&#8221;2\/3&#8243;]<div id=\"ultimate-heading-201069dc7dd0dc85f\" class=\"uvc-heading ult-adjust-bottom-margin ultimate-heading-201069dc7dd0dc85f uvc-5470 \" data-hspacer=\"no_spacer\"  data-halign=\"left\" style=\"text-align:left\"><div class=\"uvc-heading-spacer no_spacer\" style=\"top\"><\/div><div class=\"uvc-main-heading ult-responsive\"  data-ultimate-target='.uvc-heading.ultimate-heading-201069dc7dd0dc85f h1'  data-responsive-json-new='{\"font-size\":\"desktop:60px;tablet:50px;tablet_portrait:50px;mobile_landscape:30px;mobile:30px;\",\"line-height\":\"desktop:60px;tablet:50px;tablet_portrait:50px;mobile_landscape:30px;mobile:30px;\"}' ><h1 style=\"font-family:&#039;M PLUS Rounded 1c&#039;;font-weight:700;color:#ffffff;margin-bottom:20px;\">Enviar una rese\u00f1a<\/h1><\/div><div class=\"uvc-sub-heading ult-responsive\"  data-ultimate-target='.uvc-heading.ultimate-heading-201069dc7dd0dc85f .uvc-sub-heading '  data-responsive-json-new='{\"font-size\":\"desktop:30px;tablet:25px;tablet_portrait:25px;mobile_landscape:20px;mobile:20px;\",\"line-height\":\"desktop:30px;tablet:25px;tablet_portrait:25px;mobile_landscape:20px;mobile:20px;\"}'  style=\"font-family:&#039;Raleway&#039;;font-style:italic;font-weight:300;color:#ffffff;margin-bottom:20px;\">Comparta su experiencia<\/div><\/div>[\/vc_column_inner][vc_column_inner width=&#8221;1\/3&#8243;][\/vc_column_inner][\/vc_row_inner]<div class=\"ult-spacer spacer-69dc7dd0dc8da\" data-id=\"69dc7dd0dc8da\" data-height=\"100\" data-height-mobile=\"40\" data-height-tab=\"50\" data-height-tab-portrait=\"50\" data-height-mobile-landscape=\"40\" style=\"clear:both;display:block;\"><\/div>[\/vc_column][\/vc_row][vc_row css=&#8221;.vc_custom_1705676484172{padding-top: 40px !important;padding-bottom: 40px !important;}&#8221;][vc_column][vc_column_text]\u00bfDisfruto su experiencia con nosotros? Nos encantar\u00eda saber de usted y tal vez invitar a otros si lo disfrut\u00f3. Esperamos sus comentarios. Como \u201cel mejor amigo del buzo\u201d queremos aprender y seguir mejorando. Seleccione el servicio espec\u00edfico que realiz\u00f3 con nosotros y cu\u00e9ntenoslo. \u00a1Gracias![\/vc_column_text][\/vc_column][\/vc_row][vc_row content_placement=&#8221;top&#8221; bg_type=&#8221;image&#8221; parallax_style=&#8221;vcpb-default&#8221; bg_image_new=&#8221;id^6058|url^https:\/\/scubadogs.net\/wp-content\/uploads\/Scubadogs_water_background.webp|caption^null|alt^null|title^Scubadogs_water_background|description^null&#8221; bg_image_repeat=&#8221;no-repeat&#8221; bg_img_attach=&#8221;fixed&#8221; bg_override=&#8221;ex-full&#8221; css=&#8221;.vc_custom_1706874610785{padding-top: 40px !important;padding-bottom: 40px !important;}&#8221;][vc_column width=&#8221;1\/2&#8243;][vc_single_image image=&#8221;6745&#8243; img_size=&#8221;full&#8221; style=&#8221;vc_box_rounded&#8221; css=&#8221;.vc_custom_1705675426987{border-radius: 10px !important;}&#8221;][\/vc_column][vc_column width=&#8221;1\/2&#8243;]<div id=\"ultimate-heading-54369dc7dd0dc91a\" class=\"uvc-heading ult-adjust-bottom-margin ultimate-heading-54369dc7dd0dc91a uvc-8011 \" data-hspacer=\"no_spacer\"  data-halign=\"left\" style=\"text-align:left\"><div class=\"uvc-heading-spacer no_spacer\" style=\"top\"><\/div><div class=\"uvc-main-heading ult-responsive\"  data-ultimate-target='.uvc-heading.ultimate-heading-54369dc7dd0dc91a h2'  data-responsive-json-new='{\"font-size\":\"desktop:22px;tablet:22px;tablet_portrait:22px;mobile_landscape:22px;mobile:22px;\",\"line-height\":\"desktop:24px;tablet:24px;tablet_portrait:24px;mobile_landscape:24px;mobile:24px;\"}' ><h2 style=\"font-family:&#039;M PLUS Rounded 1c&#039;;font-weight:700;color:#1e73be;margin-bottom:20px;\">Centro Acu\u00e1tico Y Buceo @ Guaynabo<\/h2><\/div><div class=\"uvc-sub-heading ult-responsive\"  data-ultimate-target='.uvc-heading.ultimate-heading-54369dc7dd0dc91a .uvc-sub-heading '  data-responsive-json-new='{\"font-size\":\"desktop:16px;tablet:16px;tablet_portrait:16px;mobile_landscape:16px;mobile:16px;\",\"line-height\":\"desktop:22px;tablet:22px;tablet_portrait:22px;mobile_landscape:22px;mobile:22px;\"}'  style=\"font-family:&#039;Raleway&#039;;font-weight:600;margin-bottom:20px;\">Sede de la familia Scuba Dogs donde podr\u00e1 sumergirse en la excelencia acu\u00e1tica. Nuestras modernas instalaciones perfeccionan las habilidades e impulsan las aventuras submarinas, con la mejor selecci\u00f3n de equipo y nuestra piscina climatizada de 12&#8242; de profundidad. \u00danase a nosotros, deje que Scuba Dogs mejore su experiencia.<\/div><\/div><style type=\"text\/css\" data-type=\"the7_shortcodes-inline-css\">#default-btn-5e0a0dcf6f64e645b86002df4baabbb8.ico-right-side > i {\n  margin-right: 0px;\n  margin-left: 8px;\n}\n#default-btn-5e0a0dcf6f64e645b86002df4baabbb8 > i {\n  margin-right: 8px;\n}<\/style><a href=\"https:\/\/www.google.com\/maps\/place\/Scuba+Dogs+in+Guaynabo\/@18.3942029,-66.1205895,17z\/data=!3m1!4b1!4m6!3m5!1s0x8c03699782158d2f:0x2eea517464186fee!8m2!3d18.3942029!4d-66.1205895!16s%2Fg%2F1tfx5yk3?entry=ttu\" class=\"default-btn-shortcode dt-btn dt-btn-m link-hover-off btn-inline-left  vc_custom_1705674823202\" id=\"default-btn-5e0a0dcf6f64e645b86002df4baabbb8\"><span>Google Reviews<\/span><\/a>[\/vc_column][\/vc_row][vc_row content_placement=&#8221;top&#8221; css=&#8221;.vc_custom_1705676458095{padding-top: 40px !important;padding-bottom: 40px !important;}&#8221;][vc_column width=&#8221;1\/2&#8243;][vc_single_image image=&#8221;6347&#8243; img_size=&#8221;full&#8221; style=&#8221;vc_box_rounded&#8221; css=&#8221;.vc_custom_1705675533623{border-radius: 10px !important;}&#8221;][\/vc_column][vc_column width=&#8221;1\/2&#8243;]<div id=\"ultimate-heading-545869dc7dd0dca9c\" class=\"uvc-heading ult-adjust-bottom-margin ultimate-heading-545869dc7dd0dca9c uvc-4289 \" data-hspacer=\"no_spacer\"  data-halign=\"left\" style=\"text-align:left\"><div class=\"uvc-heading-spacer no_spacer\" style=\"top\"><\/div><div class=\"uvc-main-heading ult-responsive\"  data-ultimate-target='.uvc-heading.ultimate-heading-545869dc7dd0dca9c h2'  data-responsive-json-new='{\"font-size\":\"desktop:22px;tablet:22px;tablet_portrait:22px;mobile_landscape:22px;mobile:22px;\",\"line-height\":\"desktop:24px;tablet:24px;tablet_portrait:24px;mobile_landscape:24px;mobile:24px;\"}' ><h2 style=\"font-family:&#039;M PLUS Rounded 1c&#039;;font-weight:700;color:#1e73be;margin-bottom:20px;\">Parque Marino del Escambr\u00f3n @ San Juan<\/h2><\/div><div class=\"uvc-sub-heading ult-responsive\"  data-ultimate-target='.uvc-heading.ultimate-heading-545869dc7dd0dca9c .uvc-sub-heading '  data-responsive-json-new='{\"font-size\":\"desktop:16px;tablet:16px;tablet_portrait:16px;mobile_landscape:16px;mobile:16px;\",\"line-height\":\"desktop:22px;tablet:22px;tablet_portrait:22px;mobile_landscape:22px;mobile:22px;\"}'  style=\"font-family:&#039;Raleway&#039;;font-weight:600;margin-bottom:20px;\">Parte del legado de Scuba Dogs, el Parque Marino del Escambr\u00f3n, combina la historia de San Juan con la belleza submarina. Durante siglos ha guardado secretos marinos. Sum\u00e9rjase en paisajes submarinos intrigantes, arrecifes y vida marina bajo la gu\u00eda experta de Scuba Dogs. La naturaleza y la historia convergen.<\/div><\/div><style type=\"text\/css\" data-type=\"the7_shortcodes-inline-css\">#default-btn-fbf16e6c5abcd0745dd7b3a6a32b7b1d.ico-right-side > i {\n  margin-right: 0px;\n  margin-left: 8px;\n}\n#default-btn-fbf16e6c5abcd0745dd7b3a6a32b7b1d > i {\n  margin-right: 8px;\n}<\/style><a href=\"https:\/\/www.tripadvisor.com\/UserReviewEdit-g147320-d24106820-Scuba_Dogs-San_Juan_Puerto_Rico.html\" class=\"default-btn-shortcode dt-btn dt-btn-l link-hover-off btn-inline-left \" id=\"default-btn-fbf16e6c5abcd0745dd7b3a6a32b7b1d\"><span>Trip Advisor<\/span><\/a><style type=\"text\/css\" data-type=\"the7_shortcodes-inline-css\">#default-btn-0cb0a549a9958aadb0df6318bbefc1ca.ico-right-side > i {\n  margin-right: 0px;\n  margin-left: 8px;\n}\n#default-btn-0cb0a549a9958aadb0df6318bbefc1ca > i {\n  margin-right: 8px;\n}<\/style><div class=\"btn-align-left\"><a href=\"https:\/\/www.google.com\/maps\/place\/Scuba+Dogs+at+Escambr%C3%B3n+Marine+Park\/@18.465566,-66.0900319,17z\/data=!4m16!1m9!3m8!1s0x8c036f222ef38261:0x714cc3ca720dc3a5!2sScuba+Dogs+at+Escambr%C3%B3n+Marine+Park!8m2!3d18.465566!4d-66.087457!9m1!1b1!16s%2Fg%2F12q4xm74q!3m5!1s0x8c036f222ef38261:0x714cc3ca720dc3a5!8m2!3d18.465566!4d-66.087457!16s%2Fg%2F12q4xm74q?entry=ttu\" class=\"default-btn-shortcode dt-btn dt-btn-s link-hover-off  vc_custom_1712163985084\" id=\"default-btn-0cb0a549a9958aadb0df6318bbefc1ca\"><span>Google Reviews<\/span><\/a><\/div>[\/vc_column][\/vc_row][vc_row content_placement=&#8221;top&#8221; bg_type=&#8221;image&#8221; parallax_style=&#8221;vcpb-default&#8221; bg_image_new=&#8221;id^6058|url^https:\/\/scubadogs.net\/wp-content\/uploads\/Scubadogs_water_background.webp|caption^null|alt^null|title^Scubadogs_water_background|description^null&#8221; bg_image_repeat=&#8221;no-repeat&#8221; bg_img_attach=&#8221;fixed&#8221; bg_override=&#8221;ex-full&#8221; css=&#8221;.vc_custom_1706874632672{padding-top: 40px !important;padding-bottom: 40px !important;}&#8221;][vc_column width=&#8221;1\/2&#8243;][vc_single_image image=&#8221;6552&#8243; img_size=&#8221;full&#8221; style=&#8221;vc_box_rounded&#8221; css=&#8221;.vc_custom_1705675739711{border-radius: 10px !important;}&#8221;][\/vc_column][vc_column width=&#8221;1\/2&#8243;]<div id=\"ultimate-heading-157469dc7dd0dcc04\" class=\"uvc-heading ult-adjust-bottom-margin ultimate-heading-157469dc7dd0dcc04 uvc-9401 \" data-hspacer=\"no_spacer\"  data-halign=\"left\" style=\"text-align:left\"><div class=\"uvc-heading-spacer no_spacer\" style=\"top\"><\/div><div class=\"uvc-main-heading ult-responsive\"  data-ultimate-target='.uvc-heading.ultimate-heading-157469dc7dd0dcc04 h2'  data-responsive-json-new='{\"font-size\":\"desktop:22px;tablet:22px;tablet_portrait:22px;mobile_landscape:22px;mobile:22px;\",\"line-height\":\"desktop:24px;tablet:24px;tablet_portrait:24px;mobile_landscape:24px;mobile:24px;\"}' ><h2 style=\"font-family:&#039;M PLUS Rounded 1c&#039;;font-weight:700;color:#1e73be;margin-bottom:20px;\">Copamarina Resort &amp; Spa @ Gu\u00e1nica<\/h2><\/div><div class=\"uvc-sub-heading ult-responsive\"  data-ultimate-target='.uvc-heading.ultimate-heading-157469dc7dd0dcc04 .uvc-sub-heading '  data-responsive-json-new='{\"font-size\":\"desktop:16px;tablet:16px;tablet_portrait:16px;mobile_landscape:16px;mobile:16px;\",\"line-height\":\"desktop:22px;tablet:22px;tablet_portrait:22px;mobile_landscape:22px;mobile:22px;\"}'  style=\"font-family:&#039;Raleway&#039;;font-weight:600;margin-bottom:20px;\">Ubicado en la Reserva de la Biosfera del Bosque Seco de Gu\u00e1nica, Copamarina Beach Resort &amp; Spa refleja el esp\u00edritu de Scuba Dogs. Playas v\u00edrgenes se combinan con jardines, piscinas, tenis, spas y deliciosos restaurantes, perfectos despu\u00e9s de nuestras aventuras acu\u00e1ticas. Deje que Scuba Dogs redefina su vacaci\u00f3n.<\/div><\/div><style type=\"text\/css\" data-type=\"the7_shortcodes-inline-css\">#default-btn-74a2e527affbeb22e8a79cc1cd13ee03.ico-right-side > i {\n  margin-right: 0px;\n  margin-left: 8px;\n}\n#default-btn-74a2e527affbeb22e8a79cc1cd13ee03 > i {\n  margin-right: 8px;\n}<\/style><a href=\"https:\/\/www.tripadvisor.com\/UserReviewEdit-g736581-d25286898-Scuba_Dogs_GuanicAmazing-Guanica_Puerto_Rico.html\" class=\"default-btn-shortcode dt-btn dt-btn-l link-hover-off btn-inline-left \" id=\"default-btn-74a2e527affbeb22e8a79cc1cd13ee03\"><span>Trip Advisor<\/span><\/a><style type=\"text\/css\" data-type=\"the7_shortcodes-inline-css\">#default-btn-1f2417877ef4b83c3ef9c7e843b4bd1c.ico-right-side > i {\n  margin-right: 0px;\n  margin-left: 8px;\n}\n#default-btn-1f2417877ef4b83c3ef9c7e843b4bd1c > i {\n  margin-right: 8px;\n}<\/style><div class=\"btn-align-left\"><a href=\"https:\/\/www.google.com\/maps\/place\/Scuba+Dogs+at+Copamarina\/@17.9522886,-66.8790102,17z\/data=!3m1!4b1!4m6!3m5!1s0x8c1d31eb20b0031b:0x31d2ad026da66486!8m2!3d17.9522886!4d-66.8790102!16s%2Fg%2F11pcrvvb0n?entry=ttu\" class=\"default-btn-shortcode dt-btn dt-btn-s link-hover-off  vc_custom_1712163977840\" id=\"default-btn-1f2417877ef4b83c3ef9c7e843b4bd1c\"><span>Google Reviews<\/span><\/a><\/div>[\/vc_column][\/vc_row]<\/p>\n<\/div>","protected":false},"excerpt":{"rendered":"<p>[vc_row content_placement=&#8221;middle&#8221; bg_type=&#8221;image&#8221; parallax_style=&#8221;vcpb-default&#8221; bg_image_new=&#8221;id^5771|url^https:\/\/scubadogs.net\/wp-content\/uploads\/PADI-ScubaDogs-16-scaled.webp|caption^null|alt^null|title^PADI-ScubaDogs-16|description^null&#8221; bg_override=&#8221;full&#8221; enable_overlay=&#8221;enable_overlay_value&#8221; overlay_color=&#8221;#000000&#8243; type=&#8221;vc_default&#8221; min_height=&#8221;80%&#8221;][vc_column][vc_row_inner][vc_column_inner width=&#8221;2\/3&#8243;][\/vc_column_inner][vc_column_inner width=&#8221;1\/3&#8243;][\/vc_column_inner][\/vc_row_inner][\/vc_column][\/vc_row][vc_row css=&#8221;.vc_custom_1705676484172{padding-top: 40px !important;padding-bottom: 40px !important;}&#8221;][vc_column][vc_column_text]\u00bfDisfruto su experiencia con nosotros? Nos encantar\u00eda saber de usted y tal vez invitar a otros si lo disfrut\u00f3. Esperamos sus comentarios. Como \u201cel mejor amigo del buzo\u201d queremos aprender y seguir mejorando. Seleccione el servicio espec\u00edfico que realiz\u00f3&hellip;<\/p>\n","protected":false},"author":3,"featured_media":0,"parent":0,"menu_order":0,"comment_status":"closed","ping_status":"closed","template":"","meta":{"footnotes":""},"categories":[],"tags":[],"class_list":["post-6976","page","type-page","status-publish","hentry","description-off"],"yoast_head":"<!-- This site is optimized with the Yoast SEO Premium plugin v26.2 (Yoast SEO v26.2) - https:\/\/yoast.com\/wordpress\/plugins\/seo\/ -->\n<title>Enviar Rese\u00f1a - Scuba Dogs<\/title>\n<meta name=\"robots\" content=\"index, follow, max-snippet:-1, max-image-preview:large, max-video-preview:-1\" \/>\n<link rel=\"canonical\" href=\"https:\/\/scubadogs.net\/es\/enviar-resena\/\" \/>\n<meta property=\"og:locale\" content=\"es_ES\" \/>\n<meta property=\"og:type\" content=\"article\" \/>\n<meta property=\"og:title\" content=\"Enviar Rese\u00f1a\" \/>\n<meta property=\"og:description\" content=\"[vc_row content_placement=&#8221;middle&#8221; bg_type=&#8221;image&#8221; parallax_style=&#8221;vcpb-default&#8221; bg_image_new=&#8221;id^5771|url^https:\/\/scubadogs.net\/wp-content\/uploads\/PADI-ScubaDogs-16-scaled.webp|caption^null|alt^null|title^PADI-ScubaDogs-16|description^null&#8221; bg_override=&#8221;full&#8221; enable_overlay=&#8221;enable_overlay_value&#8221; overlay_color=&#8221;#000000&#8243; type=&#8221;vc_default&#8221; min_height=&#8221;80%&#8221;][vc_column][vc_row_inner][vc_column_inner width=&#8221;2\/3&#8243;][\/vc_column_inner][vc_column_inner width=&#8221;1\/3&#8243;][\/vc_column_inner][\/vc_row_inner][\/vc_column][\/vc_row][vc_row css=&#8221;.vc_custom_1705676484172{padding-top: 40px !important;padding-bottom: 40px !important;}&#8221;][vc_column][vc_column_text]\u00bfDisfruto su experiencia con nosotros? Nos encantar\u00eda saber de usted y tal vez invitar a otros si lo disfrut\u00f3. Esperamos sus comentarios. Como \u201cel mejor amigo del buzo\u201d queremos aprender y seguir mejorando. Seleccione el servicio espec\u00edfico que realiz\u00f3&hellip;\" \/>\n<meta property=\"og:url\" content=\"https:\/\/scubadogs.net\/es\/enviar-resena\/\" \/>\n<meta property=\"og:site_name\" content=\"Scuba Dogs\" \/>\n<meta property=\"article:publisher\" content=\"https:\/\/www.facebook.com\/scubadogs\/\" \/>\n<meta property=\"article:modified_time\" content=\"2024-04-03T17:18:51+00:00\" \/>\n<meta name=\"twitter:card\" content=\"summary_large_image\" \/>\n<script type=\"application\/ld+json\" class=\"yoast-schema-graph\">{\"@context\":\"https:\/\/schema.org\",\"@graph\":[{\"@type\":\"WebPage\",\"@id\":\"https:\/\/scubadogs.net\/es\/enviar-resena\/\",\"url\":\"https:\/\/scubadogs.net\/es\/enviar-resena\/\",\"name\":\"Enviar Rese\u00f1a - Scuba Dogs\",\"isPartOf\":{\"@id\":\"https:\/\/scubadogs.net\/es\/#website\"},\"datePublished\":\"2024-01-19T14:08:31+00:00\",\"dateModified\":\"2024-04-03T17:18:51+00:00\",\"breadcrumb\":{\"@id\":\"https:\/\/scubadogs.net\/es\/enviar-resena\/#breadcrumb\"},\"inLanguage\":\"es\",\"potentialAction\":[{\"@type\":\"ReadAction\",\"target\":[\"https:\/\/scubadogs.net\/es\/enviar-resena\/\"]}]},{\"@type\":\"BreadcrumbList\",\"@id\":\"https:\/\/scubadogs.net\/es\/enviar-resena\/#breadcrumb\",\"itemListElement\":[{\"@type\":\"ListItem\",\"position\":1,\"name\":\"Home\",\"item\":\"https:\/\/scubadogs.net\/es\/\"},{\"@type\":\"ListItem\",\"position\":2,\"name\":\"Enviar Rese\u00f1a\"}]},{\"@type\":\"WebSite\",\"@id\":\"https:\/\/scubadogs.net\/es\/#website\",\"url\":\"https:\/\/scubadogs.net\/es\/\",\"name\":\"Scuba Dogs\",\"description\":\"El Mejor Amigo del Buzo\",\"publisher\":{\"@id\":\"https:\/\/scubadogs.net\/es\/#organization\"},\"potentialAction\":[{\"@type\":\"SearchAction\",\"target\":{\"@type\":\"EntryPoint\",\"urlTemplate\":\"https:\/\/scubadogs.net\/es\/?s={search_term_string}\"},\"query-input\":{\"@type\":\"PropertyValueSpecification\",\"valueRequired\":true,\"valueName\":\"search_term_string\"}}],\"inLanguage\":\"es\"},{\"@type\":[\"Organization\",\"Place\"],\"@id\":\"https:\/\/scubadogs.net\/es\/#organization\",\"name\":\"Scuba Dogs\",\"alternateName\":\"Scuba Dogs\",\"url\":\"https:\/\/scubadogs.net\/es\/\",\"logo\":{\"@type\":\"ImageObject\",\"inLanguage\":\"es\",\"@id\":\"https:\/\/scubadogs.net\/es\/#\/schema\/logo\/image\/\",\"url\":\"https:\/\/scubadogs.net\/wp-content\/uploads\/Scubadogs-paw-icon.png\",\"contentUrl\":\"https:\/\/scubadogs.net\/wp-content\/uploads\/Scubadogs-paw-icon.png\",\"width\":512,\"height\":512,\"caption\":\"Scuba Dogs\"},\"image\":{\"@id\":\"https:\/\/scubadogs.net\/es\/#\/schema\/logo\/image\/\"},\"sameAs\":[\"https:\/\/www.facebook.com\/scubadogs\/\",\"https:\/\/www.instagram.com\/scubadogspr\/?hl=en\"],\"mainEntityOfPage\":{\"@id\":\"https:\/\/scubadogs.net\/es\/enviar-resena\/\"}}]}<\/script>\n<!-- \/ Yoast SEO Premium plugin. -->","yoast_head_json":{"title":"Enviar Rese\u00f1a - Scuba Dogs","robots":{"index":"index","follow":"follow","max-snippet":"max-snippet:-1","max-image-preview":"max-image-preview:large","max-video-preview":"max-video-preview:-1"},"canonical":"https:\/\/scubadogs.net\/es\/enviar-resena\/","og_locale":"es_ES","og_type":"article","og_title":"Enviar Rese\u00f1a","og_description":"[vc_row content_placement=&#8221;middle&#8221; bg_type=&#8221;image&#8221; parallax_style=&#8221;vcpb-default&#8221; bg_image_new=&#8221;id^5771|url^https:\/\/scubadogs.net\/wp-content\/uploads\/PADI-ScubaDogs-16-scaled.webp|caption^null|alt^null|title^PADI-ScubaDogs-16|description^null&#8221; bg_override=&#8221;full&#8221; enable_overlay=&#8221;enable_overlay_value&#8221; overlay_color=&#8221;#000000&#8243; type=&#8221;vc_default&#8221; min_height=&#8221;80%&#8221;][vc_column][vc_row_inner][vc_column_inner width=&#8221;2\/3&#8243;][\/vc_column_inner][vc_column_inner width=&#8221;1\/3&#8243;][\/vc_column_inner][\/vc_row_inner][\/vc_column][\/vc_row][vc_row css=&#8221;.vc_custom_1705676484172{padding-top: 40px !important;padding-bottom: 40px !important;}&#8221;][vc_column][vc_column_text]\u00bfDisfruto su experiencia con nosotros? Nos encantar\u00eda saber de usted y tal vez invitar a otros si lo disfrut\u00f3. Esperamos sus comentarios. Como \u201cel mejor amigo del buzo\u201d queremos aprender y seguir mejorando. Seleccione el servicio espec\u00edfico que realiz\u00f3&hellip;","og_url":"https:\/\/scubadogs.net\/es\/enviar-resena\/","og_site_name":"Scuba Dogs","article_publisher":"https:\/\/www.facebook.com\/scubadogs\/","article_modified_time":"2024-04-03T17:18:51+00:00","twitter_card":"summary_large_image","schema":{"@context":"https:\/\/schema.org","@graph":[{"@type":"WebPage","@id":"https:\/\/scubadogs.net\/es\/enviar-resena\/","url":"https:\/\/scubadogs.net\/es\/enviar-resena\/","name":"Enviar Rese\u00f1a - Scuba Dogs","isPartOf":{"@id":"https:\/\/scubadogs.net\/es\/#website"},"datePublished":"2024-01-19T14:08:31+00:00","dateModified":"2024-04-03T17:18:51+00:00","breadcrumb":{"@id":"https:\/\/scubadogs.net\/es\/enviar-resena\/#breadcrumb"},"inLanguage":"es","potentialAction":[{"@type":"ReadAction","target":["https:\/\/scubadogs.net\/es\/enviar-resena\/"]}]},{"@type":"BreadcrumbList","@id":"https:\/\/scubadogs.net\/es\/enviar-resena\/#breadcrumb","itemListElement":[{"@type":"ListItem","position":1,"name":"Home","item":"https:\/\/scubadogs.net\/es\/"},{"@type":"ListItem","position":2,"name":"Enviar Rese\u00f1a"}]},{"@type":"WebSite","@id":"https:\/\/scubadogs.net\/es\/#website","url":"https:\/\/scubadogs.net\/es\/","name":"Scuba Dogs","description":"El Mejor Amigo del Buzo","publisher":{"@id":"https:\/\/scubadogs.net\/es\/#organization"},"potentialAction":[{"@type":"SearchAction","target":{"@type":"EntryPoint","urlTemplate":"https:\/\/scubadogs.net\/es\/?s={search_term_string}"},"query-input":{"@type":"PropertyValueSpecification","valueRequired":true,"valueName":"search_term_string"}}],"inLanguage":"es"},{"@type":["Organization","Place"],"@id":"https:\/\/scubadogs.net\/es\/#organization","name":"Scuba Dogs","alternateName":"Scuba Dogs","url":"https:\/\/scubadogs.net\/es\/","logo":{"@type":"ImageObject","inLanguage":"es","@id":"https:\/\/scubadogs.net\/es\/#\/schema\/logo\/image\/","url":"https:\/\/scubadogs.net\/wp-content\/uploads\/Scubadogs-paw-icon.png","contentUrl":"https:\/\/scubadogs.net\/wp-content\/uploads\/Scubadogs-paw-icon.png","width":512,"height":512,"caption":"Scuba Dogs"},"image":{"@id":"https:\/\/scubadogs.net\/es\/#\/schema\/logo\/image\/"},"sameAs":["https:\/\/www.facebook.com\/scubadogs\/","https:\/\/www.instagram.com\/scubadogspr\/?hl=en"],"mainEntityOfPage":{"@id":"https:\/\/scubadogs.net\/es\/enviar-resena\/"}}]}},"_links":{"self":[{"href":"https:\/\/scubadogs.net\/es\/wp-json\/wp\/v2\/pages\/6976","targetHints":{"allow":["GET"]}}],"collection":[{"href":"https:\/\/scubadogs.net\/es\/wp-json\/wp\/v2\/pages"}],"about":[{"href":"https:\/\/scubadogs.net\/es\/wp-json\/wp\/v2\/types\/page"}],"author":[{"embeddable":true,"href":"https:\/\/scubadogs.net\/es\/wp-json\/wp\/v2\/users\/3"}],"replies":[{"embeddable":true,"href":"https:\/\/scubadogs.net\/es\/wp-json\/wp\/v2\/comments?post=6976"}],"version-history":[{"count":0,"href":"https:\/\/scubadogs.net\/es\/wp-json\/wp\/v2\/pages\/6976\/revisions"}],"wp:attachment":[{"href":"https:\/\/scubadogs.net\/es\/wp-json\/wp\/v2\/media?parent=6976"}],"wp:term":[{"taxonomy":"category","embeddable":true,"href":"https:\/\/scubadogs.net\/es\/wp-json\/wp\/v2\/categories?post=6976"},{"taxonomy":"post_tag","embeddable":true,"href":"https:\/\/scubadogs.net\/es\/wp-json\/wp\/v2\/tags?post=6976"}],"curies":[{"name":"wp","href":"https:\/\/api.w.org\/{rel}","templated":true}]}}