{"id":6979,"date":"2024-01-23T08:50:19","date_gmt":"2024-01-23T12:50:19","guid":{"rendered":"https:\/\/scubadogs.net\/repair-shop\/"},"modified":"2024-02-27T23:13:23","modified_gmt":"2024-02-28T03:13:23","slug":"taller-de-reparacion","status":"publish","type":"page","link":"https:\/\/scubadogs.net\/es\/taller-de-reparacion\/","title":{"rendered":"Taller de Reparaci\u00f3n"},"content":{"rendered":"<div class=\"wpb-content-wrapper\"><p>[vc_row content_placement=&#8221;middle&#8221; bg_type=&#8221;image&#8221; parallax_style=&#8221;vcpb-default&#8221; bg_image_new=&#8221;id^6077|url^https:\/\/scubadogs.net\/wp-content\/uploads\/Scubadogs-tank-check-repair.png|caption^null|alt^null|title^Scubadogs-tank-check-repair|description^null&#8221; bg_image_repeat=&#8221;no-repeat&#8221; bg_img_attach=&#8221;fixed&#8221; bg_override=&#8221;full&#8221; enable_overlay=&#8221;enable_overlay_value&#8221; overlay_color=&#8221;#000000&#8243; type=&#8221;vc_default&#8221; min_height=&#8221;80%&#8221;][vc_column]<div class=\"ult-spacer spacer-69dc7d79d9e28\" data-id=\"69dc7d79d9e28\" data-height=\"300\" data-height-mobile=\"100\" data-height-tab=\"150\" data-height-tab-portrait=\"150\" data-height-mobile-landscape=\"100\" style=\"clear:both;display:block;\"><\/div>[vc_row_inner][vc_column_inner width=&#8221;2\/3&#8243;]<div id=\"ultimate-heading-280469dc7d79d9f18\" class=\"uvc-heading ult-adjust-bottom-margin ultimate-heading-280469dc7d79d9f18 uvc-7854 \" data-hspacer=\"no_spacer\"  data-halign=\"left\" style=\"text-align:left\"><div class=\"uvc-heading-spacer no_spacer\" style=\"top\"><\/div><div class=\"uvc-main-heading ult-responsive\"  data-ultimate-target='.uvc-heading.ultimate-heading-280469dc7d79d9f18 h1'  data-responsive-json-new='{\"font-size\":\"desktop:60px;tablet:50px;tablet_portrait:50px;mobile_landscape:30px;mobile:30px;\",\"line-height\":\"desktop:60px;tablet:50px;tablet_portrait:50px;mobile_landscape:30px;mobile:30px;\"}' ><h1 style=\"font-family:&#039;M PLUS Rounded 1c&#039;;font-weight:700;color:#ffffff;margin-bottom:20px;\">TIENDA DE REPARACI\u00d3N<\/h1><\/div><div class=\"uvc-sub-heading ult-responsive\"  data-ultimate-target='.uvc-heading.ultimate-heading-280469dc7d79d9f18 .uvc-sub-heading '  data-responsive-json-new='{\"font-size\":\"desktop:30px;tablet:25px;tablet_portrait:25px;mobile_landscape:20px;mobile:20px;\",\"line-height\":\"desktop:30px;tablet:25px;tablet_portrait:25px;mobile_landscape:20px;mobile:20px;\"}'  style=\"font-family:&#039;Raleway&#039;;font-style:italic;font-weight:300;color:#ffffff;margin-bottom:20px;\">Taller De Servicio Completo De Equipos<\/div><\/div>[\/vc_column_inner][vc_column_inner width=&#8221;1\/3&#8243;][\/vc_column_inner][\/vc_row_inner]<div class=\"ult-spacer spacer-69dc7d79da00f\" data-id=\"69dc7d79da00f\" data-height=\"100\" data-height-mobile=\"40\" data-height-tab=\"50\" data-height-tab-portrait=\"50\" data-height-mobile-landscape=\"40\" style=\"clear:both;display:block;\"><\/div>[\/vc_column][\/vc_row][vc_row equal_height=&#8221;yes&#8221; content_placement=&#8221;top&#8221; css=&#8221;.vc_custom_1707001597481{margin-top: 40px !important;margin-bottom: 40px !important;}&#8221;][vc_column width=&#8221;1\/2&#8243;]<div id=\"ultimate-heading-498169dc7d79da096\" class=\"uvc-heading ult-adjust-bottom-margin ultimate-heading-498169dc7d79da096 uvc-1399 \" data-hspacer=\"no_spacer\"  data-halign=\"left\" style=\"text-align:left\"><div class=\"uvc-heading-spacer no_spacer\" style=\"top\"><\/div><div class=\"uvc-sub-heading ult-responsive\"  data-ultimate-target='.uvc-heading.ultimate-heading-498169dc7d79da096 .uvc-sub-heading '  data-responsive-json-new='{\"font-size\":\"desktop:20px;\",\"line-height\":\"desktop:24px;\"}'  style=\"font-family:&#039;Raleway&#039;;font-weight:500;color:#3a3a3a;\">Como Centro de Buceo PADI 5 Estrellas ofrecemos todos los servicios relacionados con los servicios de equipos en nuestra sede central en Guaynabo. Los siguientes son los principales servicios que ofrecemos diariamente:<\/p>\n<p><strong>MANTENIMIENTO DEL REGULADOR<\/strong><\/p>\n<ul>\n<li>Limpieza y limpieza de primera y segunda etapa. servicio de revisi\u00f3n<\/li>\n<li>Inspecci\u00f3n y diagn\u00f3stico del conjunto regulador completo<\/li>\n<li>Instalaci\u00f3n de nuevos kits (los kits se venden por separado)<\/li>\n<li>Piezas de trabajo reemplazadas (juntas t\u00f3ricas, filtros, asientos de alta y baja presi\u00f3n)<\/li>\n<li>Reemplazo de piezas rotas (boquilla, mangueras, consola, instrumentos, etc.)<\/li>\n<li>Prueba final de primera etapa en agua y calibraci\u00f3n IP para una respiraci\u00f3n \u00f3ptima<\/li>\n<\/ul>\n<p><strong>MANTENIMIENTO DEL BCD<\/strong><\/p>\n<ul>\n<li>Servicio de revisi\u00f3n completo del dispositivo de control de flotabilidad (BCD)<\/li>\n<li>Inspecci\u00f3n y diagn\u00f3stico de BCD<\/li>\n<li>Limpieza de componentes externos y vejiga interna<\/li>\n<li>Servicio de inflador el\u00e9ctrico con instalaci\u00f3n de kit nuevo (el kit se vende por separado)<\/li>\n<li>Piezas da\u00f1adas reemplazadas (juntas t\u00f3ricas, correas, manguera corrugada, etc.)<\/li>\n<li>Prueba final de BCD en el agua<\/li>\n<\/ul>\n<p><strong>REPARACI\u00d3N DE V\u00c1LVULA DE TANQUE<\/strong><\/p>\n<ul>\n<li>Vaciar el tanque para retirar la v\u00e1lvula<\/li>\n<li>Limpieza de v\u00e1lvulas del tanque y reemplazo de juntas t\u00f3ricas<\/li>\n<li>Instalaci\u00f3n del kit de v\u00e1lvula del tanque (el kit se vende por separado)<\/li>\n<li>Reconstrucci\u00f3n de v\u00e1lvulas del tanque, lubricaci\u00f3n y prueba de presi\u00f3n<\/li>\n<\/ul>\n<p><strong>INSPECCI\u00d3N VISUAL DEL TANQUE<\/strong><\/p>\n<ul>\n<li>Extracci\u00f3n de la v\u00e1lvula del tanque vac\u00edo<\/li>\n<li>Inspecci\u00f3n externa e interna del cilindro<\/li>\n<li>Limpieza de v\u00e1lvulas del tanque y reemplazo de juntas t\u00f3ricas<\/li>\n<li>Instalaci\u00f3n del kit de v\u00e1lvula del tanque (el kit se vende por separado)<\/li>\n<li>Llenado de aire del tanque a presi\u00f3n certificada<\/li>\n<li>Etiqueta de certificaci\u00f3n oficial v\u00e1lida por un (1) a\u00f1o<\/li>\n<\/ul>\n<p><strong>INSPECCI\u00d3N HIDROST\u00c1TICA DEL TANQUE<\/strong><\/p>\n<ul>\n<li>Todos los servicios incluidos en Inspecci\u00f3n Visual del Tanque<\/li>\n<li>Inspecci\u00f3n hidrost\u00e1tica del cilindro a alta presi\u00f3n (5000 psi)<\/li>\n<li>Marcado oficial en metal v\u00e1lido por cinco (5) a\u00f1os<\/li>\n<\/ul>\n<p><strong>CAMBIO DE BATER\u00cdA DEL ORDENADOR<\/strong><\/p>\n<ul>\n<li>Inspecci\u00f3n y diagn\u00f3stico por ordenador<\/li>\n<li>Extracci\u00f3n y extracci\u00f3n de la bater\u00eda reemplazo<\/li>\n<li>Limpieza y lubricaci\u00f3n de juntas t\u00f3ricas<\/li>\n<li>Reinstalar y probar su funcionalidad<\/li>\n<\/ul>\n<p><strong>OTROS SERVICIOS<\/strong><\/p>\n<ul>\n<li>Arreglo del sello de la m\u00e1scara<\/li>\n<li>Correas de aletas rotas<\/li>\n<li>Problemas con la luz de buceo<\/li>\n<li>Accesorios BCD<\/li>\n<li>Otros<\/li>\n<\/ul>\n<p>Para nuestros servicios de taller de reparaci\u00f3n, por favor trae tu equipo a nuestra sede en Guaynabo para que podamos cotizarte y asesorarte adecuadamente. Requerimos su firma en este formulario y un pago del 50% para reparar su equipo.<\/p>\n<p>Tambi\u00e9n puede consultar completando el <a href=\"https:\/\/scubadogs.net\/wp-content\/uploads\/Equipment-Service-Agreement-2024.pdf\" target=\"_blank\" rel=\"noopener\">Acuerdo de Servicio de Equipo <\/a>, estaremos encantados de asesorarte. Gracias por confiarnos su valioso equipo de buceo. Estamos aqu\u00ed para servir y nuestro objetivo es complacer.<\/div><\/div>[\/vc_column][vc_column width=&#8221;1\/2&#8243;][vc_single_image image=&#8221;6935&#8243; img_size=&#8221;full&#8221; style=&#8221;vc_box_rounded&#8221; css=&#8221;.vc_custom_1707001588009{border-radius: 10px !important;}&#8221;][vc_raw_html]JTVCZWxmc2lnaHRfY29udGFjdF9mb3JtJTIwaWQlM0QlMjIxMCUyMiU1RA==[\/vc_raw_html][\/vc_column][\/vc_row]<\/p>\n<\/div>","protected":false},"excerpt":{"rendered":"<p>[vc_row content_placement=&#8221;middle&#8221; bg_type=&#8221;image&#8221; parallax_style=&#8221;vcpb-default&#8221; bg_image_new=&#8221;id^6077|url^https:\/\/scubadogs.net\/wp-content\/uploads\/Scubadogs-tank-check-repair.png|caption^null|alt^null|title^Scubadogs-tank-check-repair|description^null&#8221; bg_image_repeat=&#8221;no-repeat&#8221; bg_img_attach=&#8221;fixed&#8221; bg_override=&#8221;full&#8221; enable_overlay=&#8221;enable_overlay_value&#8221; overlay_color=&#8221;#000000&#8243; type=&#8221;vc_default&#8221; min_height=&#8221;80%&#8221;][vc_column][vc_row_inner][vc_column_inner width=&#8221;2\/3&#8243;][\/vc_column_inner][vc_column_inner width=&#8221;1\/3&#8243;][\/vc_column_inner][\/vc_row_inner][\/vc_column][\/vc_row][vc_row equal_height=&#8221;yes&#8221; content_placement=&#8221;top&#8221; css=&#8221;.vc_custom_1707001597481{margin-top: 40px !important;margin-bottom: 40px !important;}&#8221;][vc_column width=&#8221;1\/2&#8243;][\/vc_column][vc_column width=&#8221;1\/2&#8243;][vc_single_image image=&#8221;6935&#8243; img_size=&#8221;full&#8221; style=&#8221;vc_box_rounded&#8221; css=&#8221;.vc_custom_1707001588009{border-radius: 10px !important;}&#8221;][vc_raw_html]JTVCZWxmc2lnaHRfY29udGFjdF9mb3JtJTIwaWQlM0QlMjIxMCUyMiU1RA==[\/vc_raw_html][\/vc_column][\/vc_row]<\/p>\n","protected":false},"author":3,"featured_media":0,"parent":0,"menu_order":0,"comment_status":"closed","ping_status":"closed","template":"","meta":{"footnotes":""},"categories":[],"tags":[],"class_list":["post-6979","page","type-page","status-publish","hentry","description-off"],"yoast_head":"<!-- This site is optimized with the Yoast SEO Premium plugin v26.2 (Yoast SEO v26.2) - https:\/\/yoast.com\/wordpress\/plugins\/seo\/ -->\n<title>Taller de Reparaci\u00f3n - Scuba Dogs<\/title>\n<meta name=\"robots\" content=\"index, follow, max-snippet:-1, max-image-preview:large, max-video-preview:-1\" \/>\n<link rel=\"canonical\" href=\"https:\/\/scubadogs.net\/es\/taller-de-reparacion\/\" \/>\n<meta property=\"og:locale\" content=\"es_ES\" \/>\n<meta property=\"og:type\" content=\"article\" \/>\n<meta property=\"og:title\" content=\"Taller de Reparaci\u00f3n\" \/>\n<meta property=\"og:description\" content=\"[vc_row content_placement=&#8221;middle&#8221; bg_type=&#8221;image&#8221; parallax_style=&#8221;vcpb-default&#8221; bg_image_new=&#8221;id^6077|url^https:\/\/scubadogs.net\/wp-content\/uploads\/Scubadogs-tank-check-repair.png|caption^null|alt^null|title^Scubadogs-tank-check-repair|description^null&#8221; bg_image_repeat=&#8221;no-repeat&#8221; bg_img_attach=&#8221;fixed&#8221; bg_override=&#8221;full&#8221; enable_overlay=&#8221;enable_overlay_value&#8221; overlay_color=&#8221;#000000&#8243; type=&#8221;vc_default&#8221; min_height=&#8221;80%&#8221;][vc_column][vc_row_inner][vc_column_inner width=&#8221;2\/3&#8243;][\/vc_column_inner][vc_column_inner width=&#8221;1\/3&#8243;][\/vc_column_inner][\/vc_row_inner][\/vc_column][\/vc_row][vc_row equal_height=&#8221;yes&#8221; content_placement=&#8221;top&#8221; css=&#8221;.vc_custom_1707001597481{margin-top: 40px !important;margin-bottom: 40px !important;}&#8221;][vc_column width=&#8221;1\/2&#8243;][\/vc_column][vc_column width=&#8221;1\/2&#8243;][vc_single_image image=&#8221;6935&#8243; img_size=&#8221;full&#8221; style=&#8221;vc_box_rounded&#8221; css=&#8221;.vc_custom_1707001588009{border-radius: 10px !important;}&#8221;][vc_raw_html]JTVCZWxmc2lnaHRfY29udGFjdF9mb3JtJTIwaWQlM0QlMjIxMCUyMiU1RA==[\/vc_raw_html][\/vc_column][\/vc_row]\" \/>\n<meta property=\"og:url\" content=\"https:\/\/scubadogs.net\/es\/taller-de-reparacion\/\" \/>\n<meta property=\"og:site_name\" content=\"Scuba Dogs\" \/>\n<meta property=\"article:publisher\" content=\"https:\/\/www.facebook.com\/scubadogs\/\" \/>\n<meta property=\"article:modified_time\" content=\"2024-02-28T03:13:23+00:00\" \/>\n<meta name=\"twitter:card\" content=\"summary_large_image\" \/>\n<script type=\"application\/ld+json\" class=\"yoast-schema-graph\">{\"@context\":\"https:\/\/schema.org\",\"@graph\":[{\"@type\":\"WebPage\",\"@id\":\"https:\/\/scubadogs.net\/es\/taller-de-reparacion\/\",\"url\":\"https:\/\/scubadogs.net\/es\/taller-de-reparacion\/\",\"name\":\"Taller de Reparaci\u00f3n - Scuba Dogs\",\"isPartOf\":{\"@id\":\"https:\/\/scubadogs.net\/es\/#website\"},\"datePublished\":\"2024-01-23T12:50:19+00:00\",\"dateModified\":\"2024-02-28T03:13:23+00:00\",\"breadcrumb\":{\"@id\":\"https:\/\/scubadogs.net\/es\/taller-de-reparacion\/#breadcrumb\"},\"inLanguage\":\"es\",\"potentialAction\":[{\"@type\":\"ReadAction\",\"target\":[\"https:\/\/scubadogs.net\/es\/taller-de-reparacion\/\"]}]},{\"@type\":\"BreadcrumbList\",\"@id\":\"https:\/\/scubadogs.net\/es\/taller-de-reparacion\/#breadcrumb\",\"itemListElement\":[{\"@type\":\"ListItem\",\"position\":1,\"name\":\"Home\",\"item\":\"https:\/\/scubadogs.net\/es\/\"},{\"@type\":\"ListItem\",\"position\":2,\"name\":\"Taller de Reparaci\u00f3n\"}]},{\"@type\":\"WebSite\",\"@id\":\"https:\/\/scubadogs.net\/es\/#website\",\"url\":\"https:\/\/scubadogs.net\/es\/\",\"name\":\"Scuba Dogs\",\"description\":\"El Mejor Amigo del Buzo\",\"publisher\":{\"@id\":\"https:\/\/scubadogs.net\/es\/#organization\"},\"potentialAction\":[{\"@type\":\"SearchAction\",\"target\":{\"@type\":\"EntryPoint\",\"urlTemplate\":\"https:\/\/scubadogs.net\/es\/?s={search_term_string}\"},\"query-input\":{\"@type\":\"PropertyValueSpecification\",\"valueRequired\":true,\"valueName\":\"search_term_string\"}}],\"inLanguage\":\"es\"},{\"@type\":[\"Organization\",\"Place\"],\"@id\":\"https:\/\/scubadogs.net\/es\/#organization\",\"name\":\"Scuba Dogs\",\"alternateName\":\"Scuba Dogs\",\"url\":\"https:\/\/scubadogs.net\/es\/\",\"logo\":{\"@type\":\"ImageObject\",\"inLanguage\":\"es\",\"@id\":\"https:\/\/scubadogs.net\/es\/#\/schema\/logo\/image\/\",\"url\":\"https:\/\/scubadogs.net\/wp-content\/uploads\/Scubadogs-paw-icon.png\",\"contentUrl\":\"https:\/\/scubadogs.net\/wp-content\/uploads\/Scubadogs-paw-icon.png\",\"width\":512,\"height\":512,\"caption\":\"Scuba Dogs\"},\"image\":{\"@id\":\"https:\/\/scubadogs.net\/es\/#\/schema\/logo\/image\/\"},\"sameAs\":[\"https:\/\/www.facebook.com\/scubadogs\/\",\"https:\/\/www.instagram.com\/scubadogspr\/?hl=en\"],\"mainEntityOfPage\":{\"@id\":\"https:\/\/scubadogs.net\/es\/taller-de-reparacion\/\"}}]}<\/script>\n<!-- \/ Yoast SEO Premium plugin. -->","yoast_head_json":{"title":"Taller de Reparaci\u00f3n - Scuba Dogs","robots":{"index":"index","follow":"follow","max-snippet":"max-snippet:-1","max-image-preview":"max-image-preview:large","max-video-preview":"max-video-preview:-1"},"canonical":"https:\/\/scubadogs.net\/es\/taller-de-reparacion\/","og_locale":"es_ES","og_type":"article","og_title":"Taller de Reparaci\u00f3n","og_description":"[vc_row content_placement=&#8221;middle&#8221; bg_type=&#8221;image&#8221; parallax_style=&#8221;vcpb-default&#8221; bg_image_new=&#8221;id^6077|url^https:\/\/scubadogs.net\/wp-content\/uploads\/Scubadogs-tank-check-repair.png|caption^null|alt^null|title^Scubadogs-tank-check-repair|description^null&#8221; bg_image_repeat=&#8221;no-repeat&#8221; bg_img_attach=&#8221;fixed&#8221; bg_override=&#8221;full&#8221; enable_overlay=&#8221;enable_overlay_value&#8221; overlay_color=&#8221;#000000&#8243; type=&#8221;vc_default&#8221; min_height=&#8221;80%&#8221;][vc_column][vc_row_inner][vc_column_inner width=&#8221;2\/3&#8243;][\/vc_column_inner][vc_column_inner width=&#8221;1\/3&#8243;][\/vc_column_inner][\/vc_row_inner][\/vc_column][\/vc_row][vc_row equal_height=&#8221;yes&#8221; content_placement=&#8221;top&#8221; css=&#8221;.vc_custom_1707001597481{margin-top: 40px !important;margin-bottom: 40px !important;}&#8221;][vc_column width=&#8221;1\/2&#8243;][\/vc_column][vc_column width=&#8221;1\/2&#8243;][vc_single_image image=&#8221;6935&#8243; img_size=&#8221;full&#8221; style=&#8221;vc_box_rounded&#8221; css=&#8221;.vc_custom_1707001588009{border-radius: 10px !important;}&#8221;][vc_raw_html]JTVCZWxmc2lnaHRfY29udGFjdF9mb3JtJTIwaWQlM0QlMjIxMCUyMiU1RA==[\/vc_raw_html][\/vc_column][\/vc_row]","og_url":"https:\/\/scubadogs.net\/es\/taller-de-reparacion\/","og_site_name":"Scuba Dogs","article_publisher":"https:\/\/www.facebook.com\/scubadogs\/","article_modified_time":"2024-02-28T03:13:23+00:00","twitter_card":"summary_large_image","schema":{"@context":"https:\/\/schema.org","@graph":[{"@type":"WebPage","@id":"https:\/\/scubadogs.net\/es\/taller-de-reparacion\/","url":"https:\/\/scubadogs.net\/es\/taller-de-reparacion\/","name":"Taller de Reparaci\u00f3n - Scuba Dogs","isPartOf":{"@id":"https:\/\/scubadogs.net\/es\/#website"},"datePublished":"2024-01-23T12:50:19+00:00","dateModified":"2024-02-28T03:13:23+00:00","breadcrumb":{"@id":"https:\/\/scubadogs.net\/es\/taller-de-reparacion\/#breadcrumb"},"inLanguage":"es","potentialAction":[{"@type":"ReadAction","target":["https:\/\/scubadogs.net\/es\/taller-de-reparacion\/"]}]},{"@type":"BreadcrumbList","@id":"https:\/\/scubadogs.net\/es\/taller-de-reparacion\/#breadcrumb","itemListElement":[{"@type":"ListItem","position":1,"name":"Home","item":"https:\/\/scubadogs.net\/es\/"},{"@type":"ListItem","position":2,"name":"Taller de Reparaci\u00f3n"}]},{"@type":"WebSite","@id":"https:\/\/scubadogs.net\/es\/#website","url":"https:\/\/scubadogs.net\/es\/","name":"Scuba Dogs","description":"El Mejor Amigo del Buzo","publisher":{"@id":"https:\/\/scubadogs.net\/es\/#organization"},"potentialAction":[{"@type":"SearchAction","target":{"@type":"EntryPoint","urlTemplate":"https:\/\/scubadogs.net\/es\/?s={search_term_string}"},"query-input":{"@type":"PropertyValueSpecification","valueRequired":true,"valueName":"search_term_string"}}],"inLanguage":"es"},{"@type":["Organization","Place"],"@id":"https:\/\/scubadogs.net\/es\/#organization","name":"Scuba Dogs","alternateName":"Scuba Dogs","url":"https:\/\/scubadogs.net\/es\/","logo":{"@type":"ImageObject","inLanguage":"es","@id":"https:\/\/scubadogs.net\/es\/#\/schema\/logo\/image\/","url":"https:\/\/scubadogs.net\/wp-content\/uploads\/Scubadogs-paw-icon.png","contentUrl":"https:\/\/scubadogs.net\/wp-content\/uploads\/Scubadogs-paw-icon.png","width":512,"height":512,"caption":"Scuba Dogs"},"image":{"@id":"https:\/\/scubadogs.net\/es\/#\/schema\/logo\/image\/"},"sameAs":["https:\/\/www.facebook.com\/scubadogs\/","https:\/\/www.instagram.com\/scubadogspr\/?hl=en"],"mainEntityOfPage":{"@id":"https:\/\/scubadogs.net\/es\/taller-de-reparacion\/"}}]}},"_links":{"self":[{"href":"https:\/\/scubadogs.net\/es\/wp-json\/wp\/v2\/pages\/6979","targetHints":{"allow":["GET"]}}],"collection":[{"href":"https:\/\/scubadogs.net\/es\/wp-json\/wp\/v2\/pages"}],"about":[{"href":"https:\/\/scubadogs.net\/es\/wp-json\/wp\/v2\/types\/page"}],"author":[{"embeddable":true,"href":"https:\/\/scubadogs.net\/es\/wp-json\/wp\/v2\/users\/3"}],"replies":[{"embeddable":true,"href":"https:\/\/scubadogs.net\/es\/wp-json\/wp\/v2\/comments?post=6979"}],"version-history":[{"count":0,"href":"https:\/\/scubadogs.net\/es\/wp-json\/wp\/v2\/pages\/6979\/revisions"}],"wp:attachment":[{"href":"https:\/\/scubadogs.net\/es\/wp-json\/wp\/v2\/media?parent=6979"}],"wp:term":[{"taxonomy":"category","embeddable":true,"href":"https:\/\/scubadogs.net\/es\/wp-json\/wp\/v2\/categories?post=6979"},{"taxonomy":"post_tag","embeddable":true,"href":"https:\/\/scubadogs.net\/es\/wp-json\/wp\/v2\/tags?post=6979"}],"curies":[{"name":"wp","href":"https:\/\/api.w.org\/{rel}","templated":true}]}}