{"id":7746,"date":"2025-01-16T14:03:06","date_gmt":"2025-01-16T18:03:06","guid":{"rendered":"https:\/\/scubadogs.net\/?page_id=7746"},"modified":"2025-01-21T10:01:48","modified_gmt":"2025-01-21T14:01:48","slug":"reto-instructor-master-scuba-diver","status":"publish","type":"page","link":"https:\/\/scubadogs.net\/es\/servicios\/entrenamiento\/reto-instructor-master-scuba-diver\/","title":{"rendered":"Reto Instructor Master Scuba Diver"},"content":{"rendered":"<div class=\"wpb-content-wrapper\"><p>[vc_row content_placement=&#8221;middle&#8221; bg_type=&#8221;image&#8221; parallax_style=&#8221;vcpb-default&#8221; bg_image_new=&#8221;id^7747|url^https:\/\/scubadogs.net\/wp-content\/uploads\/msd-challenge.jpeg|caption^null|alt^null|title^msd-challenge|description^null&#8221; bg_image_repeat=&#8221;no-repeat&#8221; bg_img_attach=&#8221;fixed&#8221; bg_override=&#8221;full&#8221; enable_overlay=&#8221;enable_overlay_value&#8221; overlay_color=&#8221;#000000&#8243; type=&#8221;vc_default&#8221; min_height=&#8221;80%&#8221;][vc_column]<div class=\"ult-spacer spacer-6a06db502d368\" data-id=\"6a06db502d368\" data-height=\"300\" data-height-mobile=\"100\" data-height-tab=\"150\" data-height-tab-portrait=\"150\" data-height-mobile-landscape=\"100\" style=\"clear:both;display:block;\"><\/div>[vc_row_inner][vc_column_inner width=&#8221;2\/3&#8243;]<div id=\"ultimate-heading-14686a06db502d3e3\" class=\"uvc-heading ult-adjust-bottom-margin ultimate-heading-14686a06db502d3e3 uvc-9812 \" data-hspacer=\"no_spacer\"  data-halign=\"left\" style=\"text-align:left\"><div class=\"uvc-heading-spacer no_spacer\" style=\"top\"><\/div><div class=\"uvc-main-heading ult-responsive\"  data-ultimate-target='.uvc-heading.ultimate-heading-14686a06db502d3e3 h1'  data-responsive-json-new='{\"font-size\":\"desktop:60px;tablet:50px;tablet_portrait:50px;mobile_landscape:30px;mobile:30px;\",\"line-height\":\"desktop:60px;tablet:50px;tablet_portrait:50px;mobile_landscape:30px;mobile:30px;\"}' ><h1 style=\"font-family:&#039;M PLUS Rounded 1c&#039;;font-weight:700;color:#ffffff;margin-bottom:20px;\">Reto al Instructor Master Scuba Diver<\/h1><\/div><div class=\"uvc-sub-heading ult-responsive\"  data-ultimate-target='.uvc-heading.ultimate-heading-14686a06db502d3e3 .uvc-sub-heading '  data-responsive-json-new='{\"font-size\":\"desktop:30px;tablet:25px;tablet_portrait:25px;mobile_landscape:20px;mobile:20px;\",\"line-height\":\"desktop:30px;tablet:25px;tablet_portrait:25px;mobile_landscape:20px;mobile:20px;\"}'  style=\"font-family:&#039;Raleway&#039;;font-style:italic;font-weight:300;color:#ffffff;margin-bottom:20px;\"><\/p>\n<p class=\"hero__title\">El Reto al Instructor Master Scuba Diver est\u00e1 en curso!<\/p>\n<p>\u00a0<\/div><\/div>[\/vc_column_inner][vc_column_inner width=&#8221;1\/3&#8243;][\/vc_column_inner][\/vc_row_inner]<div class=\"ult-spacer spacer-6a06db502d45c\" data-id=\"6a06db502d45c\" data-height=\"100\" data-height-mobile=\"40\" data-height-tab=\"50\" data-height-tab-portrait=\"50\" data-height-mobile-landscape=\"40\" style=\"clear:both;display:block;\"><\/div>[\/vc_column][\/vc_row][vc_row equal_height=&#8221;yes&#8221; content_placement=&#8221;top&#8221; css=&#8221;.vc_custom_1706992557203{padding-bottom: 40px !important;}&#8221;][vc_column][vc_row_inner][vc_column_inner width=&#8221;1\/2&#8243;]<div id=\"ultimate-heading-29966a06db502d49a\" class=\"uvc-heading ult-adjust-bottom-margin ultimate-heading-29966a06db502d49a uvc-2823 \" data-hspacer=\"no_spacer\"  data-halign=\"left\" style=\"text-align:left\"><div class=\"uvc-heading-spacer no_spacer\" style=\"top\"><\/div><div class=\"uvc-sub-heading ult-responsive\"  data-ultimate-target='.uvc-heading.ultimate-heading-29966a06db502d49a .uvc-sub-heading '  data-responsive-json-new='{\"font-size\":\"desktop:20px;\",\"line-height\":\"desktop:24px;\"}'  style=\"font-family:&#039;Raleway&#039;;font-weight:500;color:#000000;margin-bottom:20px;\">PADI\u00ae Instructors can join a friendly competition for the chance to win a complimentary 2026 PADI membership renewal, gain bragging rights, and special recognition in the Surface Interval. Register for the challenge, and any <a href=\"https:\/\/store.padi.com\/en-us\/ns\/courses\/master-scuba-diver\/p\/master-scuba-diver\">PADI Master Scuba Diver\u2122 ratings<\/a> <strong>completed between 1 January 2025 and 31 December 2025* will enter you in for a chance to win a free membership renewal**<\/strong>.<\/div><\/div><div id=\"ultimate-heading-50246a06db502d4ef\" class=\"uvc-heading ult-adjust-bottom-margin ultimate-heading-50246a06db502d4ef uvc-9416 \" data-hspacer=\"no_spacer\"  data-halign=\"left\" style=\"text-align:left\"><div class=\"uvc-heading-spacer no_spacer\" style=\"top\"><\/div><div class=\"uvc-main-heading ult-responsive\"  data-ultimate-target='.uvc-heading.ultimate-heading-50246a06db502d4ef h1'  data-responsive-json-new='{\"font-size\":\"desktop:60px;tablet:50px;tablet_portrait:50px;mobile_landscape:30px;mobile:30px;\",\"line-height\":\"desktop:60px;tablet:50px;tablet_portrait:50px;mobile_landscape:30px;mobile:30px;\"}' ><h1 style=\"font-family:&#039;M PLUS Rounded 1c&#039;;font-weight:800;color:#1E73BE;\">COMO GANAR<\/h1><\/div><div class=\"uvc-sub-heading ult-responsive\"  data-ultimate-target='.uvc-heading.ultimate-heading-50246a06db502d4ef .uvc-sub-heading '  data-responsive-json-new='{\"font-size\":\"desktop:20px;\",\"line-height\":\"desktop:24px;\"}'  style=\"font-family:&#039;Raleway&#039;;font-weight:500;color:#000000;margin-bottom:20px;\"><\/p>\n<div class=\"flex flex-grow flex-col gap-3 max-w-full\">\n<div class=\"min-h-[20px] flex flex-col items-start gap-3 whitespace-pre-wrap break-words overflow-x-auto\">\n<div class=\"markdown prose w-full break-words dark:prose-invert dark\">Los Instructores PADI que muestren el mayor porcentaje de crecimiento en certificaciones de Master Scuba Diver (en comparaci\u00f3n con el mismo per\u00edodo del a\u00f1o pasado) ganar\u00e1n. Solo competir\u00e1s contra otros en tu grupo de competidores.<\/div>\n<\/div>\n<\/div>\n<p><\/div><\/div><div id=\"ultimate-heading-52486a06db502d56d\" class=\"uvc-heading ult-adjust-bottom-margin ultimate-heading-52486a06db502d56d uvc-7061 \" data-hspacer=\"no_spacer\"  data-halign=\"left\" style=\"text-align:left\"><div class=\"uvc-heading-spacer no_spacer\" style=\"top\"><\/div><div class=\"uvc-main-heading ult-responsive\"  data-ultimate-target='.uvc-heading.ultimate-heading-52486a06db502d56d h1'  data-responsive-json-new='{\"font-size\":\"desktop:60px;tablet:50px;tablet_portrait:50px;mobile_landscape:30px;mobile:30px;\",\"line-height\":\"desktop:60px;tablet:50px;tablet_portrait:50px;mobile_landscape:30px;mobile:30px;\"}' ><h1 style=\"font-family:&#039;M PLUS Rounded 1c&#039;;font-weight:800;color:#1E73BE;\">Grupos Competidores<\/h1><\/div><div class=\"uvc-sub-heading ult-responsive\"  data-ultimate-target='.uvc-heading.ultimate-heading-52486a06db502d56d .uvc-sub-heading '  data-responsive-json-new='{\"font-size\":\"desktop:20px;\",\"line-height\":\"desktop:24px;\"}'  style=\"font-family:&#039;Raleway&#039;;font-weight:500;color:#000000;margin-bottom:20px;\"><\/p>\n<p style=\"padding-left: 40px;\">Miembros individuales de PADI con 0 certificaciones MSD<br \/>\nMiembros individuales de PADI con 1 certificaci\u00f3n MSD<br \/>\nMiembros individuales de PADI con 2-4 certificaciones MSD<br \/>\nMiembros individuales de PADI con 5+ certificaciones MSD<\/p>\n<p>Cada grupo de competidores mencionado anteriormente tendr\u00e1 un ganador del primer lugar, para un total de cuatro ganadores por sede regional. Adem\u00e1s, recibir\u00e1s un conjunto descargable de herramientas para ayudarte a promocionar el desaf\u00edo entre tus estudiantes, \u00a1y los estudiantes tambi\u00e9n tendr\u00e1n la oportunidad de ganar un gran premio!<\/div><\/div><div id=\"ultimate-heading-1766a06db502d5d5\" class=\"uvc-heading ult-adjust-bottom-margin ultimate-heading-1766a06db502d5d5 uvc-2232 \" data-hspacer=\"no_spacer\"  data-halign=\"left\" style=\"text-align:left\"><div class=\"uvc-heading-spacer no_spacer\" style=\"top\"><\/div><div class=\"uvc-main-heading ult-responsive\"  data-ultimate-target='.uvc-heading.ultimate-heading-1766a06db502d5d5 h1'  data-responsive-json-new='{\"font-size\":\"desktop:60px;tablet:50px;tablet_portrait:50px;mobile_landscape:30px;mobile:30px;\",\"line-height\":\"desktop:60px;tablet:50px;tablet_portrait:50px;mobile_landscape:30px;mobile:30px;\"}' ><h1 style=\"font-family:&#039;M PLUS Rounded 1c&#039;;font-weight:800;color:#1E73BE;\">Como Participar<\/h1><\/div><div class=\"uvc-sub-heading ult-responsive\"  data-ultimate-target='.uvc-heading.ultimate-heading-1766a06db502d5d5 .uvc-sub-heading '  data-responsive-json-new='{\"font-size\":\"desktop:20px;\",\"line-height\":\"desktop:24px;\"}'  style=\"font-family:&#039;Raleway&#039;;font-weight:500;color:#000000;margin-bottom:20px;\"><\/p>\n<ol>\n<li><a href=\"https:\/\/forms.office.com\/r\/QmUS1kbBbK\" target=\"_blank\" rel=\"noopener\">Reg\u00edstrate<\/a> para el Desaf\u00edo Master Scuba Diver 2025 para Miembros Individuales de PADI.<\/li>\n<li><a href=\"https:\/\/www.dropbox.com\/sh\/s38l6yxmz8r2ru1\/AAASPByI8dDQBedtJXdhWEe_a?dl=1\" target=\"_blank\" rel=\"noopener\">Descarga<\/a> un conjunto de herramientas de marketing para promocionar tu programa del Desaf\u00edo Master Scuba Diver y atraer a m\u00e1s buceadores.<\/li>\n<li><strong>\u00a1NUEVO!<\/strong> Utiliza el nuevo calendario de Especialidad del Mes para mantener a los buceadores avanzando en especialidades seleccionadas durante todo el a\u00f1o.<\/li>\n<li>Impulsa tu programa de Master Scuba Diver ofreciendo a tus buceadores una misi\u00f3n divertida que cumplir, con la oportunidad de ganar un premio incre\u00edble.<\/li>\n<\/ol>\n<p><\/div><\/div>[\/vc_column_inner][vc_column_inner width=&#8221;1\/2&#8243; offset=&#8221;vc_hidden-xs&#8221;]<div class=\"ult_row_spacer\"><div class=\"ult-sticky-anchor\"><div class=\"ult-sticky-section ult-sticky \"  data-gutter= '180' data-stick_behaviour= 'stick_with_scroll_row'  data-sticky_position= 'top' data-mobile='no' data-support='no'>[vc_single_image image=&#8221;6933&#8243; img_size=&#8221;800&#215;800&#8243; css=&#8221;.vc_custom_1737050755642{border-radius: 10px !important;}&#8221;]<\/div><div class=\"ult-space\"><\/div><\/div><\/div>[\/vc_column_inner][\/vc_row_inner][\/vc_column][\/vc_row][vc_row][vc_column][vc_single_image image=&#8221;7751&#8243; img_size=&#8221;full&#8221; alignment=&#8221;center&#8221; css=&#8221;&#8221;][\/vc_column][\/vc_row][vc_row][vc_column][vc_column_text css=&#8221;&#8221;]Para obtener m\u00e1s informaci\u00f3n sobre el nivel de Master Scuba Diver para estudiantes de buceo, visita <a href=\"https:\/\/www.padi.com\/courses\/master-scuba-diver\" target=\"_blank\" rel=\"noopener\">padi.com<\/a> o consulta la p\u00e1gina de inicio del desaf\u00edo para consumidores <a href=\"https:\/\/www.padi.com\/education\/continue-learning\" target=\"_blank\" rel=\"noopener\">aqu\u00ed<\/a>.[\/vc_column_text]<style type=\"text\/css\" data-type=\"the7_shortcodes-inline-css\">#default-btn-69f9df3fd56b59a26470a2d437a11e81.ico-right-side > i {\n  margin-right: 0px;\n  margin-left: 8px;\n}\n#default-btn-69f9df3fd56b59a26470a2d437a11e81 > i {\n  margin-right: 8px;\n}<\/style><div class=\"btn-align-center\"><a href=\"https:\/\/www.surveymonkey.com\/r\/JQTNLYL\" class=\"default-btn-shortcode dt-btn dt-btn-s link-hover-off  vc_custom_1737467950246\" target=\"_blank\" id=\"default-btn-69f9df3fd56b59a26470a2d437a11e81\" rel=\"noopener\"><span>Registrese Aqu\u00ed<\/span><\/a><\/div>[vc_column_text css=&#8221;&#8221;]<em>*Todas las solicitudes de Master Scuba Diver deben ser procesadas antes del 15 de enero de 2026 para que sean contabilizadas en el desaf\u00edo. *<strong>*Para ver la lista completa de t\u00e9rminos y condiciones, por favor lee m\u00e1s informaci\u00f3n <a href=\"https:\/\/pros-blog.padi.com\/individual-member-master-scuba-diver-challenge-official-rules\/\" target=\"_blank\" rel=\"noopener\">aqu\u00ed<\/a>.<\/strong><\/em><\/p>\n<p>[\/vc_column_text][\/vc_column][\/vc_row]<\/p>\n<\/div>","protected":false},"excerpt":{"rendered":"<p>[vc_row content_placement=&#8221;middle&#8221; bg_type=&#8221;image&#8221; parallax_style=&#8221;vcpb-default&#8221; bg_image_new=&#8221;id^7747|url^https:\/\/scubadogs.net\/wp-content\/uploads\/msd-challenge.jpeg|caption^null|alt^null|title^msd-challenge|description^null&#8221; bg_image_repeat=&#8221;no-repeat&#8221; bg_img_attach=&#8221;fixed&#8221; bg_override=&#8221;full&#8221; enable_overlay=&#8221;enable_overlay_value&#8221; overlay_color=&#8221;#000000&#8243; type=&#8221;vc_default&#8221; min_height=&#8221;80%&#8221;][vc_column][vc_row_inner][vc_column_inner width=&#8221;2\/3&#8243;][\/vc_column_inner][vc_column_inner width=&#8221;1\/3&#8243;][\/vc_column_inner][\/vc_row_inner][\/vc_column][\/vc_row][vc_row equal_height=&#8221;yes&#8221; content_placement=&#8221;top&#8221; css=&#8221;.vc_custom_1706992557203{padding-bottom: 40px !important;}&#8221;][vc_column][vc_row_inner][vc_column_inner width=&#8221;1\/2&#8243;][\/vc_column_inner][vc_column_inner width=&#8221;1\/2&#8243; offset=&#8221;vc_hidden-xs&#8221;][\/vc_column_inner][\/vc_row_inner][\/vc_column][\/vc_row][vc_row][vc_column][vc_single_image image=&#8221;7751&#8243; img_size=&#8221;full&#8221; alignment=&#8221;center&#8221; css=&#8221;&#8221;][\/vc_column][\/vc_row][vc_row][vc_column][vc_column_text css=&#8221;&#8221;]Para obtener m\u00e1s informaci\u00f3n sobre el nivel de Master Scuba Diver para estudiantes de buceo, visita padi.com o consulta la p\u00e1gina de inicio del desaf\u00edo para consumidores aqu\u00ed.[\/vc_column_text][vc_column_text css=&#8221;&#8221;]*Todas&hellip;<\/p>\n","protected":false},"author":3,"featured_media":7748,"parent":7006,"menu_order":0,"comment_status":"closed","ping_status":"closed","template":"","meta":{"footnotes":""},"categories":[],"tags":[],"class_list":["post-7746","page","type-page","status-publish","has-post-thumbnail","hentry","description-off"],"yoast_head":"<!-- This site is optimized with the Yoast SEO Premium plugin v26.2 (Yoast SEO v26.2) - https:\/\/yoast.com\/wordpress\/plugins\/seo\/ -->\n<title>Reto Instructor Master Scuba Diver - Scuba Dogs<\/title>\n<meta name=\"robots\" content=\"index, follow, max-snippet:-1, max-image-preview:large, max-video-preview:-1\" \/>\n<link rel=\"canonical\" href=\"https:\/\/scubadogs.net\/es\/servicios\/entrenamiento\/reto-instructor-master-scuba-diver\/\" \/>\n<meta property=\"og:locale\" content=\"es_ES\" \/>\n<meta property=\"og:type\" content=\"article\" \/>\n<meta property=\"og:title\" content=\"Reto Instructor Master Scuba Diver\" \/>\n<meta property=\"og:description\" content=\"[vc_row content_placement=&#8221;middle&#8221; bg_type=&#8221;image&#8221; parallax_style=&#8221;vcpb-default&#8221; bg_image_new=&#8221;id^7747|url^https:\/\/scubadogs.net\/wp-content\/uploads\/msd-challenge.jpeg|caption^null|alt^null|title^msd-challenge|description^null&#8221; bg_image_repeat=&#8221;no-repeat&#8221; bg_img_attach=&#8221;fixed&#8221; bg_override=&#8221;full&#8221; enable_overlay=&#8221;enable_overlay_value&#8221; overlay_color=&#8221;#000000&#8243; type=&#8221;vc_default&#8221; min_height=&#8221;80%&#8221;][vc_column][vc_row_inner][vc_column_inner width=&#8221;2\/3&#8243;][\/vc_column_inner][vc_column_inner width=&#8221;1\/3&#8243;][\/vc_column_inner][\/vc_row_inner][\/vc_column][\/vc_row][vc_row equal_height=&#8221;yes&#8221; content_placement=&#8221;top&#8221; css=&#8221;.vc_custom_1706992557203{padding-bottom: 40px !important;}&#8221;][vc_column][vc_row_inner][vc_column_inner width=&#8221;1\/2&#8243;][\/vc_column_inner][vc_column_inner width=&#8221;1\/2&#8243; offset=&#8221;vc_hidden-xs&#8221;][\/vc_column_inner][\/vc_row_inner][\/vc_column][\/vc_row][vc_row][vc_column][vc_single_image image=&#8221;7751&#8243; img_size=&#8221;full&#8221; alignment=&#8221;center&#8221; css=&#8221;&#8221;][\/vc_column][\/vc_row][vc_row][vc_column][vc_column_text css=&#8221;&#8221;]Para obtener m\u00e1s informaci\u00f3n sobre el nivel de Master Scuba Diver para estudiantes de buceo, visita padi.com o consulta la p\u00e1gina de inicio del desaf\u00edo para consumidores aqu\u00ed.[\/vc_column_text][vc_column_text css=&#8221;&#8221;]*Todas&hellip;\" \/>\n<meta property=\"og:url\" content=\"https:\/\/scubadogs.net\/es\/servicios\/entrenamiento\/reto-instructor-master-scuba-diver\/\" \/>\n<meta property=\"og:site_name\" content=\"Scuba Dogs\" \/>\n<meta property=\"article:publisher\" content=\"https:\/\/www.facebook.com\/scubadogs\/\" \/>\n<meta property=\"article:modified_time\" content=\"2025-01-21T14:01:48+00:00\" \/>\n<meta property=\"og:image\" content=\"https:\/\/scubadogs.net\/wp-content\/uploads\/msd-challenge.jpeg\" \/>\n\t<meta property=\"og:image:width\" content=\"2000\" \/>\n\t<meta property=\"og:image:height\" content=\"1333\" \/>\n\t<meta property=\"og:image:type\" content=\"image\/jpeg\" \/>\n<meta name=\"twitter:card\" content=\"summary_large_image\" \/>\n<script type=\"application\/ld+json\" class=\"yoast-schema-graph\">{\"@context\":\"https:\/\/schema.org\",\"@graph\":[{\"@type\":\"WebPage\",\"@id\":\"https:\/\/scubadogs.net\/es\/servicios\/entrenamiento\/reto-instructor-master-scuba-diver\/\",\"url\":\"https:\/\/scubadogs.net\/es\/servicios\/entrenamiento\/reto-instructor-master-scuba-diver\/\",\"name\":\"Reto Instructor Master Scuba Diver - Scuba Dogs\",\"isPartOf\":{\"@id\":\"https:\/\/scubadogs.net\/es\/#website\"},\"primaryImageOfPage\":{\"@id\":\"https:\/\/scubadogs.net\/es\/servicios\/entrenamiento\/reto-instructor-master-scuba-diver\/#primaryimage\"},\"image\":{\"@id\":\"https:\/\/scubadogs.net\/es\/servicios\/entrenamiento\/reto-instructor-master-scuba-diver\/#primaryimage\"},\"thumbnailUrl\":\"https:\/\/scubadogs.net\/wp-content\/uploads\/msd-challenge.jpeg\",\"datePublished\":\"2025-01-16T18:03:06+00:00\",\"dateModified\":\"2025-01-21T14:01:48+00:00\",\"breadcrumb\":{\"@id\":\"https:\/\/scubadogs.net\/es\/servicios\/entrenamiento\/reto-instructor-master-scuba-diver\/#breadcrumb\"},\"inLanguage\":\"es\",\"potentialAction\":[{\"@type\":\"ReadAction\",\"target\":[\"https:\/\/scubadogs.net\/es\/servicios\/entrenamiento\/reto-instructor-master-scuba-diver\/\"]}]},{\"@type\":\"ImageObject\",\"inLanguage\":\"es\",\"@id\":\"https:\/\/scubadogs.net\/es\/servicios\/entrenamiento\/reto-instructor-master-scuba-diver\/#primaryimage\",\"url\":\"https:\/\/scubadogs.net\/wp-content\/uploads\/msd-challenge.jpeg\",\"contentUrl\":\"https:\/\/scubadogs.net\/wp-content\/uploads\/msd-challenge.jpeg\",\"width\":2000,\"height\":1333},{\"@type\":\"BreadcrumbList\",\"@id\":\"https:\/\/scubadogs.net\/es\/servicios\/entrenamiento\/reto-instructor-master-scuba-diver\/#breadcrumb\",\"itemListElement\":[{\"@type\":\"ListItem\",\"position\":1,\"name\":\"Home\",\"item\":\"https:\/\/scubadogs.net\/es\/\"},{\"@type\":\"ListItem\",\"position\":2,\"name\":\"Servicios\",\"item\":\"https:\/\/scubadogs.net\/es\/servicios\/\"},{\"@type\":\"ListItem\",\"position\":3,\"name\":\"Entrenamiento\",\"item\":\"https:\/\/scubadogs.net\/es\/servicios\/entrenamiento\/\"},{\"@type\":\"ListItem\",\"position\":4,\"name\":\"Reto Instructor Master Scuba Diver\"}]},{\"@type\":\"WebSite\",\"@id\":\"https:\/\/scubadogs.net\/es\/#website\",\"url\":\"https:\/\/scubadogs.net\/es\/\",\"name\":\"Scuba Dogs\",\"description\":\"El Mejor Amigo del Buzo\",\"publisher\":{\"@id\":\"https:\/\/scubadogs.net\/es\/#organization\"},\"potentialAction\":[{\"@type\":\"SearchAction\",\"target\":{\"@type\":\"EntryPoint\",\"urlTemplate\":\"https:\/\/scubadogs.net\/es\/?s={search_term_string}\"},\"query-input\":{\"@type\":\"PropertyValueSpecification\",\"valueRequired\":true,\"valueName\":\"search_term_string\"}}],\"inLanguage\":\"es\"},{\"@type\":[\"Organization\",\"Place\"],\"@id\":\"https:\/\/scubadogs.net\/es\/#organization\",\"name\":\"Scuba Dogs\",\"alternateName\":\"Scuba Dogs\",\"url\":\"https:\/\/scubadogs.net\/es\/\",\"logo\":{\"@type\":\"ImageObject\",\"inLanguage\":\"es\",\"@id\":\"https:\/\/scubadogs.net\/es\/#\/schema\/logo\/image\/\",\"url\":\"https:\/\/scubadogs.net\/wp-content\/uploads\/Scubadogs-paw-icon.png\",\"contentUrl\":\"https:\/\/scubadogs.net\/wp-content\/uploads\/Scubadogs-paw-icon.png\",\"width\":512,\"height\":512,\"caption\":\"Scuba Dogs\"},\"image\":{\"@id\":\"https:\/\/scubadogs.net\/es\/#\/schema\/logo\/image\/\"},\"sameAs\":[\"https:\/\/www.facebook.com\/scubadogs\/\",\"https:\/\/www.instagram.com\/scubadogspr\/?hl=en\"],\"mainEntityOfPage\":{\"@id\":\"https:\/\/scubadogs.net\/es\/servicios\/entrenamiento\/reto-instructor-master-scuba-diver\/\"}}]}<\/script>\n<!-- \/ Yoast SEO Premium plugin. -->","yoast_head_json":{"title":"Reto Instructor Master Scuba Diver - Scuba Dogs","robots":{"index":"index","follow":"follow","max-snippet":"max-snippet:-1","max-image-preview":"max-image-preview:large","max-video-preview":"max-video-preview:-1"},"canonical":"https:\/\/scubadogs.net\/es\/servicios\/entrenamiento\/reto-instructor-master-scuba-diver\/","og_locale":"es_ES","og_type":"article","og_title":"Reto Instructor Master Scuba Diver","og_description":"[vc_row content_placement=&#8221;middle&#8221; bg_type=&#8221;image&#8221; parallax_style=&#8221;vcpb-default&#8221; bg_image_new=&#8221;id^7747|url^https:\/\/scubadogs.net\/wp-content\/uploads\/msd-challenge.jpeg|caption^null|alt^null|title^msd-challenge|description^null&#8221; bg_image_repeat=&#8221;no-repeat&#8221; bg_img_attach=&#8221;fixed&#8221; bg_override=&#8221;full&#8221; enable_overlay=&#8221;enable_overlay_value&#8221; overlay_color=&#8221;#000000&#8243; type=&#8221;vc_default&#8221; min_height=&#8221;80%&#8221;][vc_column][vc_row_inner][vc_column_inner width=&#8221;2\/3&#8243;][\/vc_column_inner][vc_column_inner width=&#8221;1\/3&#8243;][\/vc_column_inner][\/vc_row_inner][\/vc_column][\/vc_row][vc_row equal_height=&#8221;yes&#8221; content_placement=&#8221;top&#8221; css=&#8221;.vc_custom_1706992557203{padding-bottom: 40px !important;}&#8221;][vc_column][vc_row_inner][vc_column_inner width=&#8221;1\/2&#8243;][\/vc_column_inner][vc_column_inner width=&#8221;1\/2&#8243; offset=&#8221;vc_hidden-xs&#8221;][\/vc_column_inner][\/vc_row_inner][\/vc_column][\/vc_row][vc_row][vc_column][vc_single_image image=&#8221;7751&#8243; img_size=&#8221;full&#8221; alignment=&#8221;center&#8221; css=&#8221;&#8221;][\/vc_column][\/vc_row][vc_row][vc_column][vc_column_text css=&#8221;&#8221;]Para obtener m\u00e1s informaci\u00f3n sobre el nivel de Master Scuba Diver para estudiantes de buceo, visita padi.com o consulta la p\u00e1gina de inicio del desaf\u00edo para consumidores aqu\u00ed.[\/vc_column_text][vc_column_text css=&#8221;&#8221;]*Todas&hellip;","og_url":"https:\/\/scubadogs.net\/es\/servicios\/entrenamiento\/reto-instructor-master-scuba-diver\/","og_site_name":"Scuba Dogs","article_publisher":"https:\/\/www.facebook.com\/scubadogs\/","article_modified_time":"2025-01-21T14:01:48+00:00","og_image":[{"url":"https:\/\/scubadogs.net\/wp-content\/uploads\/msd-challenge.jpeg","width":2000,"height":1333,"type":"image\/jpeg"}],"twitter_card":"summary_large_image","schema":{"@context":"https:\/\/schema.org","@graph":[{"@type":"WebPage","@id":"https:\/\/scubadogs.net\/es\/servicios\/entrenamiento\/reto-instructor-master-scuba-diver\/","url":"https:\/\/scubadogs.net\/es\/servicios\/entrenamiento\/reto-instructor-master-scuba-diver\/","name":"Reto Instructor Master Scuba Diver - Scuba Dogs","isPartOf":{"@id":"https:\/\/scubadogs.net\/es\/#website"},"primaryImageOfPage":{"@id":"https:\/\/scubadogs.net\/es\/servicios\/entrenamiento\/reto-instructor-master-scuba-diver\/#primaryimage"},"image":{"@id":"https:\/\/scubadogs.net\/es\/servicios\/entrenamiento\/reto-instructor-master-scuba-diver\/#primaryimage"},"thumbnailUrl":"https:\/\/scubadogs.net\/wp-content\/uploads\/msd-challenge.jpeg","datePublished":"2025-01-16T18:03:06+00:00","dateModified":"2025-01-21T14:01:48+00:00","breadcrumb":{"@id":"https:\/\/scubadogs.net\/es\/servicios\/entrenamiento\/reto-instructor-master-scuba-diver\/#breadcrumb"},"inLanguage":"es","potentialAction":[{"@type":"ReadAction","target":["https:\/\/scubadogs.net\/es\/servicios\/entrenamiento\/reto-instructor-master-scuba-diver\/"]}]},{"@type":"ImageObject","inLanguage":"es","@id":"https:\/\/scubadogs.net\/es\/servicios\/entrenamiento\/reto-instructor-master-scuba-diver\/#primaryimage","url":"https:\/\/scubadogs.net\/wp-content\/uploads\/msd-challenge.jpeg","contentUrl":"https:\/\/scubadogs.net\/wp-content\/uploads\/msd-challenge.jpeg","width":2000,"height":1333},{"@type":"BreadcrumbList","@id":"https:\/\/scubadogs.net\/es\/servicios\/entrenamiento\/reto-instructor-master-scuba-diver\/#breadcrumb","itemListElement":[{"@type":"ListItem","position":1,"name":"Home","item":"https:\/\/scubadogs.net\/es\/"},{"@type":"ListItem","position":2,"name":"Servicios","item":"https:\/\/scubadogs.net\/es\/servicios\/"},{"@type":"ListItem","position":3,"name":"Entrenamiento","item":"https:\/\/scubadogs.net\/es\/servicios\/entrenamiento\/"},{"@type":"ListItem","position":4,"name":"Reto Instructor Master Scuba Diver"}]},{"@type":"WebSite","@id":"https:\/\/scubadogs.net\/es\/#website","url":"https:\/\/scubadogs.net\/es\/","name":"Scuba Dogs","description":"El Mejor Amigo del Buzo","publisher":{"@id":"https:\/\/scubadogs.net\/es\/#organization"},"potentialAction":[{"@type":"SearchAction","target":{"@type":"EntryPoint","urlTemplate":"https:\/\/scubadogs.net\/es\/?s={search_term_string}"},"query-input":{"@type":"PropertyValueSpecification","valueRequired":true,"valueName":"search_term_string"}}],"inLanguage":"es"},{"@type":["Organization","Place"],"@id":"https:\/\/scubadogs.net\/es\/#organization","name":"Scuba Dogs","alternateName":"Scuba Dogs","url":"https:\/\/scubadogs.net\/es\/","logo":{"@type":"ImageObject","inLanguage":"es","@id":"https:\/\/scubadogs.net\/es\/#\/schema\/logo\/image\/","url":"https:\/\/scubadogs.net\/wp-content\/uploads\/Scubadogs-paw-icon.png","contentUrl":"https:\/\/scubadogs.net\/wp-content\/uploads\/Scubadogs-paw-icon.png","width":512,"height":512,"caption":"Scuba Dogs"},"image":{"@id":"https:\/\/scubadogs.net\/es\/#\/schema\/logo\/image\/"},"sameAs":["https:\/\/www.facebook.com\/scubadogs\/","https:\/\/www.instagram.com\/scubadogspr\/?hl=en"],"mainEntityOfPage":{"@id":"https:\/\/scubadogs.net\/es\/servicios\/entrenamiento\/reto-instructor-master-scuba-diver\/"}}]}},"_links":{"self":[{"href":"https:\/\/scubadogs.net\/es\/wp-json\/wp\/v2\/pages\/7746","targetHints":{"allow":["GET"]}}],"collection":[{"href":"https:\/\/scubadogs.net\/es\/wp-json\/wp\/v2\/pages"}],"about":[{"href":"https:\/\/scubadogs.net\/es\/wp-json\/wp\/v2\/types\/page"}],"author":[{"embeddable":true,"href":"https:\/\/scubadogs.net\/es\/wp-json\/wp\/v2\/users\/3"}],"replies":[{"embeddable":true,"href":"https:\/\/scubadogs.net\/es\/wp-json\/wp\/v2\/comments?post=7746"}],"version-history":[{"count":0,"href":"https:\/\/scubadogs.net\/es\/wp-json\/wp\/v2\/pages\/7746\/revisions"}],"up":[{"embeddable":true,"href":"https:\/\/scubadogs.net\/es\/wp-json\/wp\/v2\/pages\/7006"}],"wp:featuredmedia":[{"embeddable":true,"href":"https:\/\/scubadogs.net\/es\/wp-json\/wp\/v2\/media\/7748"}],"wp:attachment":[{"href":"https:\/\/scubadogs.net\/es\/wp-json\/wp\/v2\/media?parent=7746"}],"wp:term":[{"taxonomy":"category","embeddable":true,"href":"https:\/\/scubadogs.net\/es\/wp-json\/wp\/v2\/categories?post=7746"},{"taxonomy":"post_tag","embeddable":true,"href":"https:\/\/scubadogs.net\/es\/wp-json\/wp\/v2\/tags?post=7746"}],"curies":[{"name":"wp","href":"https:\/\/api.w.org\/{rel}","templated":true}]}}