{"id":8006,"date":"2025-10-20T14:58:35","date_gmt":"2025-10-20T18:58:35","guid":{"rendered":"https:\/\/scubadogs.net\/?page_id=8006"},"modified":"2025-10-24T14:19:40","modified_gmt":"2025-10-24T18:19:40","slug":"freaky-dives","status":"publish","type":"page","link":"https:\/\/scubadogs.net\/es\/servicios\/excursiones\/freaky-dives\/","title":{"rendered":"Freaky Dives"},"content":{"rendered":"<div class=\"wpb-content-wrapper\"><p>[vc_row content_placement=&#8221;middle&#8221; bg_type=&#8221;image&#8221; parallax_style=&#8221;vcpb-default&#8221; bg_image_new=&#8221;id^8365|url^https:\/\/scubadogs.net\/wp-content\/uploads\/Halloween-Freaky-Dive-2019-Before.jpg|caption^null|alt^null|title^Halloween Freaky Dive 2019 Before|description^null&#8221; bg_image_repeat=&#8221;no-repeat&#8221; bg_override=&#8221;full&#8221; enable_overlay=&#8221;enable_overlay_value&#8221; overlay_color=&#8221;#000000&#8243; type=&#8221;vc_default&#8221; min_height=&#8221;85%&#8221;][vc_column]<div class=\"ult-spacer spacer-69e1298de54a4\" data-id=\"69e1298de54a4\" data-height=\"300\" data-height-mobile=\"100\" data-height-tab=\"150\" data-height-tab-portrait=\"150\" data-height-mobile-landscape=\"100\" style=\"clear:both;display:block;\"><\/div>[vc_row_inner][vc_column_inner width=&#8221;2\/3&#8243;]<div id=\"ultimate-heading-842469e1298de5524\" class=\"uvc-heading ult-adjust-bottom-margin ultimate-heading-842469e1298de5524 uvc-138 \" data-hspacer=\"no_spacer\"  data-halign=\"left\" style=\"text-align:left\"><div class=\"uvc-heading-spacer no_spacer\" style=\"top\"><\/div><div class=\"uvc-main-heading ult-responsive\"  data-ultimate-target='.uvc-heading.ultimate-heading-842469e1298de5524 h1'  data-responsive-json-new='{\"font-size\":\"desktop:60px;tablet:50px;tablet_portrait:50px;mobile_landscape:30px;mobile:30px;\",\"line-height\":\"desktop:60px;tablet:50px;tablet_portrait:50px;mobile_landscape:30px;mobile:30px;\"}' ><h1 style=\"font-family:&#039;M PLUS Rounded 1c&#039;;font-weight:700;color:#ffffff;margin-bottom:20px;\">HALLOWEEN FREAKY DIVE<\/h1><\/div><div class=\"uvc-sub-heading ult-responsive\"  data-ultimate-target='.uvc-heading.ultimate-heading-842469e1298de5524 .uvc-sub-heading '  data-responsive-json-new='{\"font-size\":\"desktop:30px;tablet:25px;tablet_portrait:25px;mobile_landscape:20px;mobile:20px;\",\"line-height\":\"desktop:34px;tablet:30px;tablet_portrait:30px;mobile_landscape:22px;mobile:22px;\"}'  style=\"font-family:&#039;Raleway&#039;;font-style:italic;font-weight:300;color:#ffffff;margin-bottom:20px;\">50% DE DESCUENTO EXCLUSIVO EL S\u00c1BADO NOV 1 FREAKY DIVE<\/p>\n<p><\/div><\/div>[\/vc_column_inner][vc_column_inner width=&#8221;1\/3&#8243;][\/vc_column_inner][\/vc_row_inner]<div class=\"ult-spacer spacer-69e1298de55b1\" data-id=\"69e1298de55b1\" data-height=\"100\" data-height-mobile=\"40\" data-height-tab=\"50\" data-height-tab-portrait=\"50\" data-height-mobile-landscape=\"40\" style=\"clear:both;display:block;\"><\/div>[\/vc_column][\/vc_row][vc_row equal_height=&#8221;yes&#8221; content_placement=&#8221;top&#8221; bg_type=&#8221;image&#8221; parallax_style=&#8221;vcpb-default&#8221; bg_image_new=&#8221;id^6058|url^https:\/\/scubadogs.net\/wp-content\/uploads\/Scubadogs_water_background.webp|caption^null|alt^null|title^Scubadogs_water_background|description^null&#8221; bg_image_repeat=&#8221;no-repeat&#8221; bg_img_attach=&#8221;fixed&#8221; bg_override=&#8221;ex-full&#8221; css=&#8221;.vc_custom_1707004384196{padding-top: 40px !important;padding-bottom: 40px !important;}&#8221;][vc_column width=&#8221;1\/2&#8243;]<div id=\"ultimate-heading-615469e1298de55fa\" class=\"uvc-heading ult-adjust-bottom-margin ultimate-heading-615469e1298de55fa uvc-4854 \" data-hspacer=\"no_spacer\"  data-halign=\"left\" style=\"text-align:left\"><div class=\"uvc-heading-spacer no_spacer\" style=\"top\"><\/div><div class=\"uvc-sub-heading ult-responsive\"  data-ultimate-target='.uvc-heading.ultimate-heading-615469e1298de55fa .uvc-sub-heading '  data-responsive-json-new='{\"font-size\":\"desktop:20px;\",\"line-height\":\"desktop:24px;\"}'  style=\"font-family:&#039;Raleway&#039;;font-weight:500;color:#3a3a3a;margin-bottom:20px;\">El s\u00e1bado 1 de noviembre, invitamos a todos los fantasmas, espectros y criaturas submarinas a bucear en:<\/p>\n<p style=\"padding-left: 40px;\"><strong>\u2022<\/strong> Parque Marino del Escambr\u00f3n<\/p>\n<p style=\"padding-left: 40px;\"><strong>\u2022<\/strong> \u201cBeach Day Trips\u201d desde Guaynabo<\/p>\n<p style=\"padding-left: 40px;\"><strong>\u2022<\/strong> Bote en Copamarina Resort<\/p>\n<p>Pres\u00e9ntate con tu disfraz de Halloween, t\u00f3mate una foto o video espeluznante y publ\u00edcalo para obtener un 50% de descuento en tus aventuras \u00e9picas. Adem\u00e1s, participa para ganar premios incre\u00edbles de ScubaPro, Copamarina y PADI en el concurso &#8220;M\u00f3jate la cola&#8221;. \u00a1Buajajaa! Inscr\u00edbete aqu\u00ed. \ud83c\udf83<\/p>\n<p><span class=\"HwtZe\" lang=\"es\"><span class=\"jCAhz ChMk0b\"><span class=\"ryNqvb\">Use el codigo <strong>FREAKY<\/strong> para un 50% de descuento<br \/>\n<\/span><\/span><\/span><\/div><\/div><style type=\"text\/css\" data-type=\"the7_shortcodes-inline-css\">#default-btn-68cde14cedbe8056220b36e0a783fa5b.ico-right-side > i {\n  margin-right: 0px;\n  margin-left: 8px;\n}\n#default-btn-68cde14cedbe8056220b36e0a783fa5b > i {\n  margin-right: 8px;\n}<\/style><div class=\"btn-align-left\"><a href=\"https:\/\/book.peek.com\/s\/95248df7-7535-4ccc-94fa-a3ba97daeeea\/eBBdP\" class=\"default-btn-shortcode dt-btn dt-btn-l link-hover-off  vc_custom_1761010999825\" id=\"default-btn-68cde14cedbe8056220b36e0a783fa5b\" title=\"book now - escambron marine park\"><span>Reserva Ahora &#8211; escambr\u00f3n<\/span><\/a><\/div><style type=\"text\/css\" data-type=\"the7_shortcodes-inline-css\">#default-btn-3d36d1f9169b1b34ea9d523790c87ef5.ico-right-side > i {\n  margin-right: 0px;\n  margin-left: 8px;\n}\n#default-btn-3d36d1f9169b1b34ea9d523790c87ef5 > i {\n  margin-right: 8px;\n}<\/style><div class=\"btn-align-left\"><a href=\"https:\/\/book.peek.com\/s\/4550c6b5-f68c-435d-80bf-476edb49e581\/XWWZO\" class=\"default-btn-shortcode dt-btn dt-btn-l link-hover-off  vc_custom_1761011039914\" id=\"default-btn-3d36d1f9169b1b34ea9d523790c87ef5\" title=\"Reserva Ahora - Copamarina\"><span>Reserva Ahora &#8211; copamarina<\/span><\/a><\/div><style type=\"text\/css\" data-type=\"the7_shortcodes-inline-css\">#default-btn-a04b242bebfac2a2c7fa6fe34c236dfe.ico-right-side > i {\n  margin-right: 0px;\n  margin-left: 8px;\n}\n#default-btn-a04b242bebfac2a2c7fa6fe34c236dfe > i {\n  margin-right: 8px;\n}<\/style><div class=\"btn-align-left\"><a href=\"https:\/\/book.peek.com\/s\/d1b7e319-6c14-4f14-b204-2b3cc0e49617\/kllPq\" class=\"default-btn-shortcode dt-btn dt-btn-l link-hover-off  vc_custom_1761011029163\" id=\"default-btn-a04b242bebfac2a2c7fa6fe34c236dfe\" title=\"Reserva Ahora - Guaynabo\"><span>Reserva Ahora &#8211; Guaynabo<\/span><\/a><\/div>[\/vc_column][vc_column width=&#8221;1\/2&#8243;][vc_single_image image=&#8221;8368&#8243; img_size=&#8221;full&#8221; css=&#8221;&#8221;][\/vc_column][\/vc_row]<\/p>\n<\/div>","protected":false},"excerpt":{"rendered":"<p>[vc_row content_placement=&#8221;middle&#8221; bg_type=&#8221;image&#8221; parallax_style=&#8221;vcpb-default&#8221; bg_image_new=&#8221;id^8365|url^https:\/\/scubadogs.net\/wp-content\/uploads\/Halloween-Freaky-Dive-2019-Before.jpg|caption^null|alt^null|title^Halloween Freaky Dive 2019 Before|description^null&#8221; bg_image_repeat=&#8221;no-repeat&#8221; bg_override=&#8221;full&#8221; enable_overlay=&#8221;enable_overlay_value&#8221; overlay_color=&#8221;#000000&#8243; type=&#8221;vc_default&#8221; min_height=&#8221;85%&#8221;][vc_column][vc_row_inner][vc_column_inner width=&#8221;2\/3&#8243;][\/vc_column_inner][vc_column_inner width=&#8221;1\/3&#8243;][\/vc_column_inner][\/vc_row_inner][\/vc_column][\/vc_row][vc_row equal_height=&#8221;yes&#8221; content_placement=&#8221;top&#8221; bg_type=&#8221;image&#8221; parallax_style=&#8221;vcpb-default&#8221; bg_image_new=&#8221;id^6058|url^https:\/\/scubadogs.net\/wp-content\/uploads\/Scubadogs_water_background.webp|caption^null|alt^null|title^Scubadogs_water_background|description^null&#8221; bg_image_repeat=&#8221;no-repeat&#8221; bg_img_attach=&#8221;fixed&#8221; bg_override=&#8221;ex-full&#8221; css=&#8221;.vc_custom_1707004384196{padding-top: 40px !important;padding-bottom: 40px !important;}&#8221;][vc_column width=&#8221;1\/2&#8243;][\/vc_column][vc_column width=&#8221;1\/2&#8243;][vc_single_image image=&#8221;8368&#8243; img_size=&#8221;full&#8221; css=&#8221;&#8221;][\/vc_column][\/vc_row]<\/p>\n","protected":false},"author":3,"featured_media":8366,"parent":7005,"menu_order":0,"comment_status":"closed","ping_status":"closed","template":"","meta":{"footnotes":""},"categories":[],"tags":[],"class_list":["post-8006","page","type-page","status-publish","has-post-thumbnail","hentry","description-off"],"yoast_head":"<!-- This site is optimized with the Yoast SEO Premium plugin v26.2 (Yoast SEO v26.2) - https:\/\/yoast.com\/wordpress\/plugins\/seo\/ -->\n<title>Freaky Dives - Scuba Dogs<\/title>\n<meta name=\"robots\" content=\"index, follow, max-snippet:-1, max-image-preview:large, max-video-preview:-1\" \/>\n<link rel=\"canonical\" href=\"https:\/\/scubadogs.net\/es\/servicios\/excursiones\/freaky-dives\/\" \/>\n<meta property=\"og:locale\" content=\"es_ES\" \/>\n<meta property=\"og:type\" content=\"article\" \/>\n<meta property=\"og:title\" content=\"Freaky Dives\" \/>\n<meta property=\"og:description\" content=\"[vc_row content_placement=&#8221;middle&#8221; bg_type=&#8221;image&#8221; parallax_style=&#8221;vcpb-default&#8221; bg_image_new=&#8221;id^8365|url^https:\/\/scubadogs.net\/wp-content\/uploads\/Halloween-Freaky-Dive-2019-Before.jpg|caption^null|alt^null|title^Halloween Freaky Dive 2019 Before|description^null&#8221; bg_image_repeat=&#8221;no-repeat&#8221; bg_override=&#8221;full&#8221; enable_overlay=&#8221;enable_overlay_value&#8221; overlay_color=&#8221;#000000&#8243; type=&#8221;vc_default&#8221; min_height=&#8221;85%&#8221;][vc_column][vc_row_inner][vc_column_inner width=&#8221;2\/3&#8243;][\/vc_column_inner][vc_column_inner width=&#8221;1\/3&#8243;][\/vc_column_inner][\/vc_row_inner][\/vc_column][\/vc_row][vc_row equal_height=&#8221;yes&#8221; content_placement=&#8221;top&#8221; bg_type=&#8221;image&#8221; parallax_style=&#8221;vcpb-default&#8221; bg_image_new=&#8221;id^6058|url^https:\/\/scubadogs.net\/wp-content\/uploads\/Scubadogs_water_background.webp|caption^null|alt^null|title^Scubadogs_water_background|description^null&#8221; bg_image_repeat=&#8221;no-repeat&#8221; bg_img_attach=&#8221;fixed&#8221; bg_override=&#8221;ex-full&#8221; css=&#8221;.vc_custom_1707004384196{padding-top: 40px !important;padding-bottom: 40px !important;}&#8221;][vc_column width=&#8221;1\/2&#8243;][\/vc_column][vc_column width=&#8221;1\/2&#8243;][vc_single_image image=&#8221;8368&#8243; img_size=&#8221;full&#8221; css=&#8221;&#8221;][\/vc_column][\/vc_row]\" \/>\n<meta property=\"og:url\" content=\"https:\/\/scubadogs.net\/es\/servicios\/excursiones\/freaky-dives\/\" \/>\n<meta property=\"og:site_name\" content=\"Scuba Dogs\" \/>\n<meta property=\"article:publisher\" content=\"https:\/\/www.facebook.com\/scubadogs\/\" \/>\n<meta property=\"article:modified_time\" content=\"2025-10-24T18:19:40+00:00\" \/>\n<meta property=\"og:image\" content=\"https:\/\/scubadogs.net\/wp-content\/uploads\/Halloween-Freaky-Dive-2019-Before.jpg\" \/>\n\t<meta property=\"og:image:width\" content=\"1119\" \/>\n\t<meta property=\"og:image:height\" content=\"1113\" \/>\n\t<meta property=\"og:image:type\" content=\"image\/jpeg\" \/>\n<meta name=\"twitter:card\" content=\"summary_large_image\" \/>\n<script type=\"application\/ld+json\" class=\"yoast-schema-graph\">{\"@context\":\"https:\/\/schema.org\",\"@graph\":[{\"@type\":\"WebPage\",\"@id\":\"https:\/\/scubadogs.net\/es\/servicios\/excursiones\/freaky-dives\/\",\"url\":\"https:\/\/scubadogs.net\/es\/servicios\/excursiones\/freaky-dives\/\",\"name\":\"Freaky Dives - Scuba Dogs\",\"isPartOf\":{\"@id\":\"https:\/\/scubadogs.net\/es\/#website\"},\"primaryImageOfPage\":{\"@id\":\"https:\/\/scubadogs.net\/es\/servicios\/excursiones\/freaky-dives\/#primaryimage\"},\"image\":{\"@id\":\"https:\/\/scubadogs.net\/es\/servicios\/excursiones\/freaky-dives\/#primaryimage\"},\"thumbnailUrl\":\"https:\/\/scubadogs.net\/wp-content\/uploads\/Halloween-Freaky-Dive-2019-Before.jpg\",\"datePublished\":\"2025-10-20T18:58:35+00:00\",\"dateModified\":\"2025-10-24T18:19:40+00:00\",\"breadcrumb\":{\"@id\":\"https:\/\/scubadogs.net\/es\/servicios\/excursiones\/freaky-dives\/#breadcrumb\"},\"inLanguage\":\"es\",\"potentialAction\":[{\"@type\":\"ReadAction\",\"target\":[\"https:\/\/scubadogs.net\/es\/servicios\/excursiones\/freaky-dives\/\"]}]},{\"@type\":\"ImageObject\",\"inLanguage\":\"es\",\"@id\":\"https:\/\/scubadogs.net\/es\/servicios\/excursiones\/freaky-dives\/#primaryimage\",\"url\":\"https:\/\/scubadogs.net\/wp-content\/uploads\/Halloween-Freaky-Dive-2019-Before.jpg\",\"contentUrl\":\"https:\/\/scubadogs.net\/wp-content\/uploads\/Halloween-Freaky-Dive-2019-Before.jpg\",\"width\":1119,\"height\":1113},{\"@type\":\"BreadcrumbList\",\"@id\":\"https:\/\/scubadogs.net\/es\/servicios\/excursiones\/freaky-dives\/#breadcrumb\",\"itemListElement\":[{\"@type\":\"ListItem\",\"position\":1,\"name\":\"Home\",\"item\":\"https:\/\/scubadogs.net\/es\/\"},{\"@type\":\"ListItem\",\"position\":2,\"name\":\"Servicios\",\"item\":\"https:\/\/scubadogs.net\/es\/servicios\/\"},{\"@type\":\"ListItem\",\"position\":3,\"name\":\"Excursiones\",\"item\":\"https:\/\/scubadogs.net\/es\/servicios\/excursiones\/\"},{\"@type\":\"ListItem\",\"position\":4,\"name\":\"Freaky Dives\"}]},{\"@type\":\"WebSite\",\"@id\":\"https:\/\/scubadogs.net\/es\/#website\",\"url\":\"https:\/\/scubadogs.net\/es\/\",\"name\":\"Scuba Dogs\",\"description\":\"El Mejor Amigo del Buzo\",\"publisher\":{\"@id\":\"https:\/\/scubadogs.net\/es\/#organization\"},\"potentialAction\":[{\"@type\":\"SearchAction\",\"target\":{\"@type\":\"EntryPoint\",\"urlTemplate\":\"https:\/\/scubadogs.net\/es\/?s={search_term_string}\"},\"query-input\":{\"@type\":\"PropertyValueSpecification\",\"valueRequired\":true,\"valueName\":\"search_term_string\"}}],\"inLanguage\":\"es\"},{\"@type\":[\"Organization\",\"Place\"],\"@id\":\"https:\/\/scubadogs.net\/es\/#organization\",\"name\":\"Scuba Dogs\",\"alternateName\":\"Scuba Dogs\",\"url\":\"https:\/\/scubadogs.net\/es\/\",\"logo\":{\"@type\":\"ImageObject\",\"inLanguage\":\"es\",\"@id\":\"https:\/\/scubadogs.net\/es\/#\/schema\/logo\/image\/\",\"url\":\"https:\/\/scubadogs.net\/wp-content\/uploads\/Scubadogs-paw-icon.png\",\"contentUrl\":\"https:\/\/scubadogs.net\/wp-content\/uploads\/Scubadogs-paw-icon.png\",\"width\":512,\"height\":512,\"caption\":\"Scuba Dogs\"},\"image\":{\"@id\":\"https:\/\/scubadogs.net\/es\/#\/schema\/logo\/image\/\"},\"sameAs\":[\"https:\/\/www.facebook.com\/scubadogs\/\",\"https:\/\/www.instagram.com\/scubadogspr\/?hl=en\"],\"mainEntityOfPage\":{\"@id\":\"https:\/\/scubadogs.net\/es\/servicios\/excursiones\/freaky-dives\/\"}}]}<\/script>\n<!-- \/ Yoast SEO Premium plugin. -->","yoast_head_json":{"title":"Freaky Dives - Scuba Dogs","robots":{"index":"index","follow":"follow","max-snippet":"max-snippet:-1","max-image-preview":"max-image-preview:large","max-video-preview":"max-video-preview:-1"},"canonical":"https:\/\/scubadogs.net\/es\/servicios\/excursiones\/freaky-dives\/","og_locale":"es_ES","og_type":"article","og_title":"Freaky Dives","og_description":"[vc_row content_placement=&#8221;middle&#8221; bg_type=&#8221;image&#8221; parallax_style=&#8221;vcpb-default&#8221; bg_image_new=&#8221;id^8365|url^https:\/\/scubadogs.net\/wp-content\/uploads\/Halloween-Freaky-Dive-2019-Before.jpg|caption^null|alt^null|title^Halloween Freaky Dive 2019 Before|description^null&#8221; bg_image_repeat=&#8221;no-repeat&#8221; bg_override=&#8221;full&#8221; enable_overlay=&#8221;enable_overlay_value&#8221; overlay_color=&#8221;#000000&#8243; type=&#8221;vc_default&#8221; min_height=&#8221;85%&#8221;][vc_column][vc_row_inner][vc_column_inner width=&#8221;2\/3&#8243;][\/vc_column_inner][vc_column_inner width=&#8221;1\/3&#8243;][\/vc_column_inner][\/vc_row_inner][\/vc_column][\/vc_row][vc_row equal_height=&#8221;yes&#8221; content_placement=&#8221;top&#8221; bg_type=&#8221;image&#8221; parallax_style=&#8221;vcpb-default&#8221; bg_image_new=&#8221;id^6058|url^https:\/\/scubadogs.net\/wp-content\/uploads\/Scubadogs_water_background.webp|caption^null|alt^null|title^Scubadogs_water_background|description^null&#8221; bg_image_repeat=&#8221;no-repeat&#8221; bg_img_attach=&#8221;fixed&#8221; bg_override=&#8221;ex-full&#8221; css=&#8221;.vc_custom_1707004384196{padding-top: 40px !important;padding-bottom: 40px !important;}&#8221;][vc_column width=&#8221;1\/2&#8243;][\/vc_column][vc_column width=&#8221;1\/2&#8243;][vc_single_image image=&#8221;8368&#8243; img_size=&#8221;full&#8221; css=&#8221;&#8221;][\/vc_column][\/vc_row]","og_url":"https:\/\/scubadogs.net\/es\/servicios\/excursiones\/freaky-dives\/","og_site_name":"Scuba Dogs","article_publisher":"https:\/\/www.facebook.com\/scubadogs\/","article_modified_time":"2025-10-24T18:19:40+00:00","og_image":[{"width":1119,"height":1113,"url":"https:\/\/scubadogs.net\/wp-content\/uploads\/Halloween-Freaky-Dive-2019-Before.jpg","type":"image\/jpeg"}],"twitter_card":"summary_large_image","schema":{"@context":"https:\/\/schema.org","@graph":[{"@type":"WebPage","@id":"https:\/\/scubadogs.net\/es\/servicios\/excursiones\/freaky-dives\/","url":"https:\/\/scubadogs.net\/es\/servicios\/excursiones\/freaky-dives\/","name":"Freaky Dives - Scuba Dogs","isPartOf":{"@id":"https:\/\/scubadogs.net\/es\/#website"},"primaryImageOfPage":{"@id":"https:\/\/scubadogs.net\/es\/servicios\/excursiones\/freaky-dives\/#primaryimage"},"image":{"@id":"https:\/\/scubadogs.net\/es\/servicios\/excursiones\/freaky-dives\/#primaryimage"},"thumbnailUrl":"https:\/\/scubadogs.net\/wp-content\/uploads\/Halloween-Freaky-Dive-2019-Before.jpg","datePublished":"2025-10-20T18:58:35+00:00","dateModified":"2025-10-24T18:19:40+00:00","breadcrumb":{"@id":"https:\/\/scubadogs.net\/es\/servicios\/excursiones\/freaky-dives\/#breadcrumb"},"inLanguage":"es","potentialAction":[{"@type":"ReadAction","target":["https:\/\/scubadogs.net\/es\/servicios\/excursiones\/freaky-dives\/"]}]},{"@type":"ImageObject","inLanguage":"es","@id":"https:\/\/scubadogs.net\/es\/servicios\/excursiones\/freaky-dives\/#primaryimage","url":"https:\/\/scubadogs.net\/wp-content\/uploads\/Halloween-Freaky-Dive-2019-Before.jpg","contentUrl":"https:\/\/scubadogs.net\/wp-content\/uploads\/Halloween-Freaky-Dive-2019-Before.jpg","width":1119,"height":1113},{"@type":"BreadcrumbList","@id":"https:\/\/scubadogs.net\/es\/servicios\/excursiones\/freaky-dives\/#breadcrumb","itemListElement":[{"@type":"ListItem","position":1,"name":"Home","item":"https:\/\/scubadogs.net\/es\/"},{"@type":"ListItem","position":2,"name":"Servicios","item":"https:\/\/scubadogs.net\/es\/servicios\/"},{"@type":"ListItem","position":3,"name":"Excursiones","item":"https:\/\/scubadogs.net\/es\/servicios\/excursiones\/"},{"@type":"ListItem","position":4,"name":"Freaky Dives"}]},{"@type":"WebSite","@id":"https:\/\/scubadogs.net\/es\/#website","url":"https:\/\/scubadogs.net\/es\/","name":"Scuba Dogs","description":"El Mejor Amigo del Buzo","publisher":{"@id":"https:\/\/scubadogs.net\/es\/#organization"},"potentialAction":[{"@type":"SearchAction","target":{"@type":"EntryPoint","urlTemplate":"https:\/\/scubadogs.net\/es\/?s={search_term_string}"},"query-input":{"@type":"PropertyValueSpecification","valueRequired":true,"valueName":"search_term_string"}}],"inLanguage":"es"},{"@type":["Organization","Place"],"@id":"https:\/\/scubadogs.net\/es\/#organization","name":"Scuba Dogs","alternateName":"Scuba Dogs","url":"https:\/\/scubadogs.net\/es\/","logo":{"@type":"ImageObject","inLanguage":"es","@id":"https:\/\/scubadogs.net\/es\/#\/schema\/logo\/image\/","url":"https:\/\/scubadogs.net\/wp-content\/uploads\/Scubadogs-paw-icon.png","contentUrl":"https:\/\/scubadogs.net\/wp-content\/uploads\/Scubadogs-paw-icon.png","width":512,"height":512,"caption":"Scuba Dogs"},"image":{"@id":"https:\/\/scubadogs.net\/es\/#\/schema\/logo\/image\/"},"sameAs":["https:\/\/www.facebook.com\/scubadogs\/","https:\/\/www.instagram.com\/scubadogspr\/?hl=en"],"mainEntityOfPage":{"@id":"https:\/\/scubadogs.net\/es\/servicios\/excursiones\/freaky-dives\/"}}]}},"_links":{"self":[{"href":"https:\/\/scubadogs.net\/es\/wp-json\/wp\/v2\/pages\/8006","targetHints":{"allow":["GET"]}}],"collection":[{"href":"https:\/\/scubadogs.net\/es\/wp-json\/wp\/v2\/pages"}],"about":[{"href":"https:\/\/scubadogs.net\/es\/wp-json\/wp\/v2\/types\/page"}],"author":[{"embeddable":true,"href":"https:\/\/scubadogs.net\/es\/wp-json\/wp\/v2\/users\/3"}],"replies":[{"embeddable":true,"href":"https:\/\/scubadogs.net\/es\/wp-json\/wp\/v2\/comments?post=8006"}],"version-history":[{"count":0,"href":"https:\/\/scubadogs.net\/es\/wp-json\/wp\/v2\/pages\/8006\/revisions"}],"up":[{"embeddable":true,"href":"https:\/\/scubadogs.net\/es\/wp-json\/wp\/v2\/pages\/7005"}],"wp:featuredmedia":[{"embeddable":true,"href":"https:\/\/scubadogs.net\/es\/wp-json\/wp\/v2\/media\/8366"}],"wp:attachment":[{"href":"https:\/\/scubadogs.net\/es\/wp-json\/wp\/v2\/media?parent=8006"}],"wp:term":[{"taxonomy":"category","embeddable":true,"href":"https:\/\/scubadogs.net\/es\/wp-json\/wp\/v2\/categories?post=8006"},{"taxonomy":"post_tag","embeddable":true,"href":"https:\/\/scubadogs.net\/es\/wp-json\/wp\/v2\/tags?post=8006"}],"curies":[{"name":"wp","href":"https:\/\/api.w.org\/{rel}","templated":true}]}}