{"id":8113,"date":"2025-06-11T14:47:45","date_gmt":"2025-06-11T18:47:45","guid":{"rendered":"https:\/\/scubadogs.net\/beyond-100-x-35\/"},"modified":"2025-07-07T10:17:39","modified_gmt":"2025-07-07T14:17:39","slug":"mas-alla-de-100-x-35","status":"publish","type":"page","link":"https:\/\/scubadogs.net\/es\/mas-alla-de-100-x-35\/","title":{"rendered":"&#8220;M\u00c1S ALL\u00c1 DE 100 X 35&#8221;"},"content":{"rendered":"<div class=\"wpb-content-wrapper\"><p>[vc_row][vc_column]<style type=\"text\/css\" data-type=\"the7_shortcodes-inline-css\">.blog-shortcode.blog-list-shortcode-id-7ac14ea5d94bfcced39b438ec1fe4077.dividers-on.classic-layout-list article {\n  margin-top: 50px;\n  padding-top: 0;\n}\n.blog-shortcode.blog-list-shortcode-id-7ac14ea5d94bfcced39b438ec1fe4077.dividers-on.classic-layout-list article:first-of-type {\n  margin-top: 0;\n  padding-top: 0;\n}\n.blog-shortcode.blog-list-shortcode-id-7ac14ea5d94bfcced39b438ec1fe4077.classic-layout-list.mode-list .post-thumbnail-wrap {\n  width: 50%;\n}\n.blog-shortcode.blog-list-shortcode-id-7ac14ea5d94bfcced39b438ec1fe4077.classic-layout-list.mode-list .post-entry-content {\n  width: calc(100% - 50%);\n}\n.blog-shortcode.blog-list-shortcode-id-7ac14ea5d94bfcced39b438ec1fe4077.classic-layout-list.mode-list .no-img .post-entry-content {\n  width: 100%;\n}\n.blog-shortcode.blog-list-shortcode-id-7ac14ea5d94bfcced39b438ec1fe4077 .filter-bg-decoration .filter-categories a.act {\n  color: #fff;\n}\n.blog-shortcode.blog-list-shortcode-id-7ac14ea5d94bfcced39b438ec1fe4077:not(.mode-masonry) article {\n  margin-top: 50px;\n}\n.blog-shortcode.blog-list-shortcode-id-7ac14ea5d94bfcced39b438ec1fe4077:not(.mode-masonry) article:first-of-type,\n.blog-shortcode.blog-list-shortcode-id-7ac14ea5d94bfcced39b438ec1fe4077:not(.mode-masonry) article.visible.first:not(.product) {\n  margin-top: 0;\n}\n.blog-shortcode.blog-list-shortcode-id-7ac14ea5d94bfcced39b438ec1fe4077.dividers-on:not(.mode-masonry) article {\n  margin-top: 0;\n  padding-top: 50px;\n}\n.blog-shortcode.blog-list-shortcode-id-7ac14ea5d94bfcced39b438ec1fe4077.dividers-on:not(.mode-masonry) article:first-of-type,\n.blog-shortcode.blog-list-shortcode-id-7ac14ea5d94bfcced39b438ec1fe4077.dividers-on:not(.mode-masonry) article.visible.first:not(.product) {\n  margin-top: 0;\n  padding-top: 0;\n}\n.blog-shortcode.blog-list-shortcode-id-7ac14ea5d94bfcced39b438ec1fe4077 .post-thumbnail-wrap {\n  padding: 0px 0px 0px 0px;\n}\n.blog-shortcode.blog-list-shortcode-id-7ac14ea5d94bfcced39b438ec1fe4077.enable-bg-rollover .post-thumbnail-rollover:after {\n  background: -webkit-linear-gradient();\n  background: linear-gradient();\n}\n.blog-shortcode.blog-list-shortcode-id-7ac14ea5d94bfcced39b438ec1fe4077 .gallery-zoom-ico {\n  width: 44px;\n  height: 44px;\n  line-height: 44px;\n  border-radius: 100px;\n  margin: -22px 0 0 -22px;\n  border-width: 0px;\n  color: #ffffff;\n}\n.bottom-overlap-layout-list.blog-shortcode.blog-list-shortcode-id-7ac14ea5d94bfcced39b438ec1fe4077 .gallery-zoom-ico {\n  margin-top: -22px;\n}\n.gradient-overlay-layout-list.blog-shortcode.blog-list-shortcode-id-7ac14ea5d94bfcced39b438ec1fe4077 .gallery-zoom-ico,\n.content-rollover-layout-list.blog-shortcode.blog-list-shortcode-id-7ac14ea5d94bfcced39b438ec1fe4077 .gallery-zoom-ico {\n  margin: 0 0 10px;\n}\n.content-align-center.gradient-overlay-layout-list.blog-shortcode.blog-list-shortcode-id-7ac14ea5d94bfcced39b438ec1fe4077 .gallery-zoom-ico,\n.content-align-center.content-rollover-layout-list.blog-shortcode.blog-list-shortcode-id-7ac14ea5d94bfcced39b438ec1fe4077 .gallery-zoom-ico {\n  margin: 0 auto 10px;\n}\n.dt-icon-bg-on.blog-shortcode.blog-list-shortcode-id-7ac14ea5d94bfcced39b438ec1fe4077 .gallery-zoom-ico {\n  background: rgba(255,255,255,0.3);\n  box-shadow: none;\n}\n.blog-shortcode.blog-list-shortcode-id-7ac14ea5d94bfcced39b438ec1fe4077 .gallery-zoom-ico > span,\n.blog-shortcode.blog-list-shortcode-id-7ac14ea5d94bfcced39b438ec1fe4077 .gallery-zoom-ico:before {\n  font-size: 32px;\n  line-height: 44px;\n}\n.blog-shortcode.blog-list-shortcode-id-7ac14ea5d94bfcced39b438ec1fe4077 .gallery-zoom-ico > span,\n.blog-shortcode.blog-list-shortcode-id-7ac14ea5d94bfcced39b438ec1fe4077 .gallery-zoom-ico:before {\n  color: #ffffff;\n}\n.blog-shortcode.blog-list-shortcode-id-7ac14ea5d94bfcced39b438ec1fe4077 .fancy-date a {\n  background: #ffffff;\n  box-shadow: none;\n}\n.blog-shortcode.blog-list-shortcode-id-7ac14ea5d94bfcced39b438ec1fe4077 .fancy-date a * {\n  color: #2d2d2d;\n}\n.blog-shortcode.blog-list-shortcode-id-7ac14ea5d94bfcced39b438ec1fe4077 .entry-title,\n.blog-shortcode.blog-list-shortcode-id-7ac14ea5d94bfcced39b438ec1fe4077.owl-carousel .entry-title {\n  margin-bottom: 5px;\n  font-weight: bold;\n}\n.blog-shortcode.blog-list-shortcode-id-7ac14ea5d94bfcced39b438ec1fe4077 .entry-meta {\n  margin-bottom: 15px;\n}\n.blog-shortcode.blog-list-shortcode-id-7ac14ea5d94bfcced39b438ec1fe4077 .portfolio-categories {\n  margin-bottom: 15px;\n}\n.blog-shortcode.blog-list-shortcode-id-7ac14ea5d94bfcced39b438ec1fe4077 .entry-excerpt {\n  margin-bottom: 5px;\n}\n.blog-shortcode.blog-list-shortcode-id-7ac14ea5d94bfcced39b438ec1fe4077:not(.centered-layout-list) .post-entry-content {\n  padding: 25px 30px 30px 30px;\n}\n.blog-shortcode.blog-list-shortcode-id-7ac14ea5d94bfcced39b438ec1fe4077:not(.centered-layout-list):not(.content-bg-on):not(.mode-list) .no-img .post-entry-content {\n  padding: 0;\n}\n@media screen and (max-width: 768px) {\n  .blog-shortcode.blog-list-shortcode-id-7ac14ea5d94bfcced39b438ec1fe4077 article {\n    -ms-flex-flow: column nowrap;\n    flex-flow: column nowrap;\n    margin-top: 20px;\n  }\n  .blog-shortcode.blog-list-shortcode-id-7ac14ea5d94bfcced39b438ec1fe4077.dividers-on article {\n    border: none;\n  }\n  .blog-shortcode.blog-list-shortcode-id-7ac14ea5d94bfcced39b438ec1fe4077.content-bg-on.centered-layout-list article {\n    padding: 0;\n  }\n  .blog-shortcode.blog-list-shortcode-id-7ac14ea5d94bfcced39b438ec1fe4077.blog-shortcode.dividers-on article,\n  .blog-shortcode.blog-list-shortcode-id-7ac14ea5d94bfcced39b438ec1fe4077.dividers-on.classic-layout-list article {\n    margin-top: 20px;\n    padding: 0;\n  }\n  .blog-shortcode.blog-list-shortcode-id-7ac14ea5d94bfcced39b438ec1fe4077.blog-shortcode.dividers-on article:first-of-type,\n  .blog-shortcode.blog-list-shortcode-id-7ac14ea5d94bfcced39b438ec1fe4077.dividers-on.classic-layout-list article:first-of-type {\n    padding: 0;\n  }\n  #page .blog-shortcode.blog-list-shortcode-id-7ac14ea5d94bfcced39b438ec1fe4077 .post-thumbnail-wrap,\n  #page .blog-shortcode.blog-list-shortcode-id-7ac14ea5d94bfcced39b438ec1fe4077 .post-entry-content {\n    width: 100%;\n    margin: 0;\n    top: 0;\n  }\n  #page .blog-shortcode.blog-list-shortcode-id-7ac14ea5d94bfcced39b438ec1fe4077 .post-thumbnail-wrap {\n    padding: 0;\n  }\n  #page .blog-shortcode.blog-list-shortcode-id-7ac14ea5d94bfcced39b438ec1fe4077 .post-entry-content:after {\n    display: none;\n  }\n  #page .blog-shortcode.blog-list-shortcode-id-7ac14ea5d94bfcced39b438ec1fe4077 .project-even .post-thumbnail-wrap,\n  #page .blog-shortcode.blog-list-shortcode-id-7ac14ea5d94bfcced39b438ec1fe4077.centered-layout-list .post-thumbnail-wrap {\n    -ms-flex-order: 0;\n    order: 0;\n  }\n  #page .blog-shortcode.blog-list-shortcode-id-7ac14ea5d94bfcced39b438ec1fe4077.centered-layout-list .post-entry-title-content {\n    -ms-flex-order: 1;\n    order: 1;\n    width: 100%;\n    padding: 20px 20px 0;\n  }\n  #page .blog-shortcode.blog-list-shortcode-id-7ac14ea5d94bfcced39b438ec1fe4077.centered-layout-list .post-entry-content {\n    -ms-flex-order: 2;\n    order: 2;\n    padding-top: 0;\n  }\n  #page .blog-shortcode.blog-list-shortcode-id-7ac14ea5d94bfcced39b438ec1fe4077 .fancy-categories {\n    top: 10px;\n    left: 10px;\n    bottom: auto;\n    right: auto;\n  }\n  #page .blog-shortcode.blog-list-shortcode-id-7ac14ea5d94bfcced39b438ec1fe4077 .fancy-date a {\n    top: 10px;\n    right: 10px;\n    left: auto;\n    bottom: auto;\n  }\n  #page .blog-shortcode.blog-list-shortcode-id-7ac14ea5d94bfcced39b438ec1fe4077 .post-entry-content {\n    padding: 20px;\n  }\n  #page .blog-shortcode.blog-list-shortcode-id-7ac14ea5d94bfcced39b438ec1fe4077 .entry-title {\n    margin: 3px 0 5px;\n    font-size: 20px;\n    line-height: 26px;\n  }\n  #page .blog-shortcode.blog-list-shortcode-id-7ac14ea5d94bfcced39b438ec1fe4077 .entry-meta {\n    margin: 5px 0 5px;\n  }\n  #page .blog-shortcode.blog-list-shortcode-id-7ac14ea5d94bfcced39b438ec1fe4077 .entry-excerpt {\n    margin: 15px 0 0;\n  }\n  #page .blog-shortcode.blog-list-shortcode-id-7ac14ea5d94bfcced39b438ec1fe4077 .post-details {\n    margin: 5px 0 10px;\n  }\n  #page .blog-shortcode.blog-list-shortcode-id-7ac14ea5d94bfcced39b438ec1fe4077 .post-details.details-type-link {\n    margin-bottom: 2px;\n  }\n}<\/style><div class=\"articles-list blog-shortcode mode-list blog-list-shortcode-id-7ac14ea5d94bfcced39b438ec1fe4077 classic-layout-list content-bg-on jquery-filter scale-img dt-icon-bg-off loading-effect-fade-in\" data-cur-page=\"1\" data-post-limit=\"-1\" data-pagination-mode=\"none\"><article class=\"post project-odd visible post-8122 type-post status-publish format-standard has-post-thumbnail hentry category-blog-es tag-advanced-swimming-es tag-aprender-a-nadar tag-clases-de-natacion-puerto-rico tag-cursos-de-natacion tag-educacion-acuatica tag-entrenamiento-en-seguridad-acuatica tag-instruccion-de-natacion tag-natacion-avanzada tag-natacion-intermedia tag-natacion-para-principiantes tag-padi-swim-school-es tag-prevencion-de-ahogamientos tag-scuba-dogs-es tag-seguridad-acuatica tag-tecnicas-de-natacion category-89 description-off\" data-name=\"Puerto Rico debe aprender a nadar\" data-date=\"2025-06-26T08:58:33-04:00\">\n\n<div class=\"post-thumbnail-wrap\">\n\t<div class=\"post-thumbnail\">\n\n\t\t\n\t\t\n\t\t<a href=\"https:\/\/scubadogs.net\/es\/puerto-rico-debe-aprender-a-nadar\/\" class=\"post-thumbnail-rollover layzr-bg layzr-bg\" ><img fetchpriority=\"high\" decoding=\"async\" class=\"blog-thumb-lazy-load preload-me lazy-load aspect\" src=\"data:image\/svg+xml,%3Csvg%20xmlns%3D&#39;http%3A%2F%2Fwww.w3.org%2F2000%2Fsvg&#39;%20viewBox%3D&#39;0%200%20768%20512&#39;%2F%3E\" data-src=\"https:\/\/scubadogs.net\/wp-content\/uploads\/Ahogandose4-768x512.webp\" data-srcset=\"https:\/\/scubadogs.net\/wp-content\/uploads\/Ahogandose4-768x512.webp 768w, https:\/\/scubadogs.net\/wp-content\/uploads\/Ahogandose4-948x632.webp 948w\" loading=\"eager\" style=\"--ratio: 768 \/ 512\" sizes=\"(max-width: 768px) 100vw, 768px\" alt=\"\" title=\"Ahogandose4\" width=\"768\" height=\"512\"  \/><\/a>\n\t<\/div>\n<\/div>\n\n\n<div class=\"post-entry-content\">\n\n\t<h3 class=\"entry-title\">\n\t\t<a href=\"https:\/\/scubadogs.net\/es\/puerto-rico-debe-aprender-a-nadar\/\" title=\"Puerto Rico debe aprender a nadar\" rel=\"bookmark\">Puerto Rico debe aprender a nadar<\/a>\n\t<\/h3>\n\n\t<div class=\"entry-meta\"><span class=\"category-link\"><a href=\"https:\/\/scubadogs.net\/es\/category\/blog-es\/\" >Blog<\/a><\/span><a class=\"author vcard\" href=\"https:\/\/scubadogs.net\/es\/author\/amartiruiz\/\" title=\"Ver todas las publicaciones de Alberto E. Mart\u00ed Ruiz\" rel=\"author\">Por <span class=\"fn\">Alberto E. Mart\u00ed Ruiz<\/span><\/a><a href=\"https:\/\/scubadogs.net\/es\/2025\/06\/26\/\" title=\"08:58\" class=\"data-link\" rel=\"bookmark\"><time class=\"entry-date updated\" datetime=\"2025-06-26T08:58:33-04:00\">26 de junio de 2025<\/time><\/a><\/div>\n\t<div class=\"entry-excerpt\"><p>Expertos estiman que m\u00e1s del 60% de la poblaci\u00f3n de Puerto Rico no saben nadar y el ahogamiento es la principal causa de muerte accidental en ni\u00f1os peque\u00f1os, aprender t\u00e9cnicas adecuadas y seguridad acu\u00e1tica es vital. El nuevo programa PADI Swim School de Scuba Dogs ofrece clases completas para todas las edades, empoderando a los estudiantes con habilidades que salvan vidas y permitiendo disfrutar los beneficios del agua.<\/p>\n<\/div>\n\t\n<a href=\"https:\/\/scubadogs.net\/es\/puerto-rico-debe-aprender-a-nadar\/\" class=\"post-details details-type-link\" aria-label=\"Read more about Puerto Rico debe aprender a nadar\">Read more<i class=\"dt-icon-the7-arrow-03\" aria-hidden=\"true\"><\/i><\/a>\n\n<\/div><\/article><article class=\"post project-odd visible post-8003 type-post status-publish format-standard has-post-thumbnail hentry category-blog-es tag-academic-travel-es tag-arrecife-de-coral tag-aventura-estudiantil tag-biologia-marina tag-buceo tag-coral-reef-es tag-entrenamiento-subacuatico tag-experiencia-de-campo tag-field-experience-es tag-marine-biology-es tag-puerto-rico-es tag-scuba-diving-es tag-scuba-dogs-es tag-simpson-college-es tag-student-adventure-es tag-underwater-training-es tag-viaje-academico category-89 description-off\" data-name=\"Simpson College se sumerge en Puerto Rico con Scuba Dogs\" data-date=\"2025-06-02T07:45:55-04:00\">\n\n<div class=\"post-thumbnail-wrap\">\n\t<div class=\"post-thumbnail\">\n\n\t\t\n\t\t\n\t\t<a href=\"https:\/\/scubadogs.net\/es\/simpson-college-se-sumerge-en-puerto-rico-con-scuba-dogs\/\" class=\"post-thumbnail-rollover layzr-bg layzr-bg\" ><img decoding=\"async\" class=\"blog-thumb-lazy-load preload-me lazy-load aspect\" src=\"data:image\/svg+xml,%3Csvg%20xmlns%3D&#39;http%3A%2F%2Fwww.w3.org%2F2000%2Fsvg&#39;%20viewBox%3D&#39;0%200%20768%20512&#39;%2F%3E\" data-src=\"https:\/\/scubadogs.net\/wp-content\/uploads\/simpson-scubadogs-blog-768x512.png\" data-srcset=\"https:\/\/scubadogs.net\/wp-content\/uploads\/simpson-scubadogs-blog-768x512.png 768w, https:\/\/scubadogs.net\/wp-content\/uploads\/simpson-scubadogs-blog-945x630.png 945w\" loading=\"eager\" style=\"--ratio: 768 \/ 512\" sizes=\"(max-width: 768px) 100vw, 768px\" alt=\"\" title=\"simpson-scubadogs-blog\" width=\"768\" height=\"512\"  \/><\/a>\n\t<\/div>\n<\/div>\n\n\n<div class=\"post-entry-content\">\n\n\t<h3 class=\"entry-title\">\n\t\t<a href=\"https:\/\/scubadogs.net\/es\/simpson-college-se-sumerge-en-puerto-rico-con-scuba-dogs\/\" title=\"Simpson College se sumerge en Puerto Rico con Scuba Dogs\" rel=\"bookmark\">Simpson College se sumerge en Puerto Rico con Scuba Dogs<\/a>\n\t<\/h3>\n\n\t<div class=\"entry-meta\"><span class=\"category-link\"><a href=\"https:\/\/scubadogs.net\/es\/category\/blog-es\/\" >Blog<\/a><\/span><a class=\"author vcard\" href=\"https:\/\/scubadogs.net\/es\/author\/amartiruiz\/\" title=\"Ver todas las publicaciones de Alberto E. Mart\u00ed Ruiz\" rel=\"author\">Por <span class=\"fn\">Alberto E. Mart\u00ed Ruiz<\/span><\/a><a href=\"https:\/\/scubadogs.net\/es\/2025\/06\/02\/\" title=\"07:45\" class=\"data-link\" rel=\"bookmark\"><time class=\"entry-date updated\" datetime=\"2025-06-02T07:45:55-04:00\">2 de junio de 2025<\/time><\/a><\/div>\n\t<div class=\"entry-excerpt\"><p>Los estudiantes de Simpson College viven una experiencia de biolog\u00eda marina y entrenamiento de buceo de clase mundial con Scuba Dogs en las vibrantes aguas de Puerto Rico. Descubre c\u00f3mo la aventura acad\u00e9mica se une a la conservaci\u00f3n oce\u00e1nica en esta inolvidable experiencia de campo.<\/p>\n<\/div>\n\t\n<a href=\"https:\/\/scubadogs.net\/es\/simpson-college-se-sumerge-en-puerto-rico-con-scuba-dogs\/\" class=\"post-details details-type-link\" aria-label=\"Read more about Simpson College se sumerge en Puerto Rico con Scuba Dogs\">Read more<i class=\"dt-icon-the7-arrow-03\" aria-hidden=\"true\"><\/i><\/a>\n\n<\/div><\/article><\/div>[\/vc_column][\/vc_row]<\/p>\n<\/div>","protected":false},"excerpt":{"rendered":"<p>[vc_row][vc_column][\/vc_column][\/vc_row]<\/p>\n","protected":false},"author":3,"featured_media":8074,"parent":0,"menu_order":0,"comment_status":"closed","ping_status":"closed","template":"","meta":{"footnotes":""},"categories":[],"tags":[],"class_list":["post-8113","page","type-page","status-publish","has-post-thumbnail","hentry","description-off"],"yoast_head":"<!-- This site is optimized with the Yoast SEO Premium plugin v26.2 (Yoast SEO v26.2) - https:\/\/yoast.com\/wordpress\/plugins\/seo\/ -->\n<title>&quot;M\u00c1S ALL\u00c1 DE 100 X 35&quot; - Scuba Dogs<\/title>\n<meta name=\"description\" content=\"Descubre el valor de Puerto Rico m\u00e1s all\u00e1 del 100x35: su patrimonio marino, arrecifes y playas, riqueza natural con gran potencial econ\u00f3mico.\" \/>\n<meta name=\"robots\" content=\"index, follow, max-snippet:-1, max-image-preview:large, max-video-preview:-1\" \/>\n<link rel=\"canonical\" href=\"https:\/\/scubadogs.net\/es\/mas-alla-de-100-x-35\/\" \/>\n<meta property=\"og:locale\" content=\"es_ES\" \/>\n<meta property=\"og:type\" content=\"article\" \/>\n<meta property=\"og:title\" content=\"&quot;M\u00c1S ALL\u00c1 DE 100 X 35&quot;\" \/>\n<meta property=\"og:description\" content=\"Descubre el valor de Puerto Rico m\u00e1s all\u00e1 del 100x35: su patrimonio marino, arrecifes y playas, riqueza natural con gran potencial econ\u00f3mico.\" \/>\n<meta property=\"og:url\" content=\"https:\/\/scubadogs.net\/es\/mas-alla-de-100-x-35\/\" \/>\n<meta property=\"og:site_name\" content=\"Scuba Dogs\" \/>\n<meta property=\"article:publisher\" content=\"https:\/\/www.facebook.com\/scubadogs\/\" \/>\n<meta property=\"article:modified_time\" content=\"2025-07-07T14:17:39+00:00\" \/>\n<meta property=\"og:image\" content=\"https:\/\/scubadogs.net\/wp-content\/uploads\/la_isla_de_puerto_rico_new_sola.png\" \/>\n\t<meta property=\"og:image:width\" content=\"931\" \/>\n\t<meta property=\"og:image:height\" content=\"800\" \/>\n\t<meta property=\"og:image:type\" content=\"image\/png\" \/>\n<meta name=\"twitter:card\" content=\"summary_large_image\" \/>\n<meta name=\"twitter:description\" content=\"Descubre el valor de Puerto Rico m\u00e1s all\u00e1 del 100x35: su patrimonio marino, arrecifes y playas, riqueza natural con gran potencial econ\u00f3mico.\" \/>\n<script type=\"application\/ld+json\" class=\"yoast-schema-graph\">{\"@context\":\"https:\/\/schema.org\",\"@graph\":[{\"@type\":\"WebPage\",\"@id\":\"https:\/\/scubadogs.net\/es\/mas-alla-de-100-x-35\/\",\"url\":\"https:\/\/scubadogs.net\/es\/mas-alla-de-100-x-35\/\",\"name\":\"\\\"M\u00c1S ALL\u00c1 DE 100 X 35\\\" - Scuba Dogs\",\"isPartOf\":{\"@id\":\"https:\/\/scubadogs.net\/es\/#website\"},\"primaryImageOfPage\":{\"@id\":\"https:\/\/scubadogs.net\/es\/mas-alla-de-100-x-35\/#primaryimage\"},\"image\":{\"@id\":\"https:\/\/scubadogs.net\/es\/mas-alla-de-100-x-35\/#primaryimage\"},\"thumbnailUrl\":\"https:\/\/scubadogs.net\/wp-content\/uploads\/la_isla_de_puerto_rico_new_sola.png\",\"datePublished\":\"2025-06-11T18:47:45+00:00\",\"dateModified\":\"2025-07-07T14:17:39+00:00\",\"description\":\"Descubre el valor de Puerto Rico m\u00e1s all\u00e1 del 100x35: su patrimonio marino, arrecifes y playas, riqueza natural con gran potencial econ\u00f3mico.\",\"breadcrumb\":{\"@id\":\"https:\/\/scubadogs.net\/es\/mas-alla-de-100-x-35\/#breadcrumb\"},\"inLanguage\":\"es\",\"potentialAction\":[{\"@type\":\"ReadAction\",\"target\":[\"https:\/\/scubadogs.net\/es\/mas-alla-de-100-x-35\/\"]}]},{\"@type\":\"ImageObject\",\"inLanguage\":\"es\",\"@id\":\"https:\/\/scubadogs.net\/es\/mas-alla-de-100-x-35\/#primaryimage\",\"url\":\"https:\/\/scubadogs.net\/wp-content\/uploads\/la_isla_de_puerto_rico_new_sola.png\",\"contentUrl\":\"https:\/\/scubadogs.net\/wp-content\/uploads\/la_isla_de_puerto_rico_new_sola.png\",\"width\":931,\"height\":800},{\"@type\":\"BreadcrumbList\",\"@id\":\"https:\/\/scubadogs.net\/es\/mas-alla-de-100-x-35\/#breadcrumb\",\"itemListElement\":[{\"@type\":\"ListItem\",\"position\":1,\"name\":\"Home\",\"item\":\"https:\/\/scubadogs.net\/es\/\"},{\"@type\":\"ListItem\",\"position\":2,\"name\":\"&#8220;M\u00c1S ALL\u00c1 DE 100 X 35&#8221;\"}]},{\"@type\":\"WebSite\",\"@id\":\"https:\/\/scubadogs.net\/es\/#website\",\"url\":\"https:\/\/scubadogs.net\/es\/\",\"name\":\"Scuba Dogs\",\"description\":\"El Mejor Amigo del Buzo\",\"publisher\":{\"@id\":\"https:\/\/scubadogs.net\/es\/#organization\"},\"potentialAction\":[{\"@type\":\"SearchAction\",\"target\":{\"@type\":\"EntryPoint\",\"urlTemplate\":\"https:\/\/scubadogs.net\/es\/?s={search_term_string}\"},\"query-input\":{\"@type\":\"PropertyValueSpecification\",\"valueRequired\":true,\"valueName\":\"search_term_string\"}}],\"inLanguage\":\"es\"},{\"@type\":[\"Organization\",\"Place\"],\"@id\":\"https:\/\/scubadogs.net\/es\/#organization\",\"name\":\"Scuba Dogs\",\"alternateName\":\"Scuba Dogs\",\"url\":\"https:\/\/scubadogs.net\/es\/\",\"logo\":{\"@type\":\"ImageObject\",\"inLanguage\":\"es\",\"@id\":\"https:\/\/scubadogs.net\/es\/#\/schema\/logo\/image\/\",\"url\":\"https:\/\/scubadogs.net\/wp-content\/uploads\/Scubadogs-paw-icon.png\",\"contentUrl\":\"https:\/\/scubadogs.net\/wp-content\/uploads\/Scubadogs-paw-icon.png\",\"width\":512,\"height\":512,\"caption\":\"Scuba Dogs\"},\"image\":{\"@id\":\"https:\/\/scubadogs.net\/es\/#\/schema\/logo\/image\/\"},\"sameAs\":[\"https:\/\/www.facebook.com\/scubadogs\/\",\"https:\/\/www.instagram.com\/scubadogspr\/?hl=en\"],\"mainEntityOfPage\":{\"@id\":\"https:\/\/scubadogs.net\/es\/mas-alla-de-100-x-35\/\"}}]}<\/script>\n<!-- \/ Yoast SEO Premium plugin. -->","yoast_head_json":{"title":"\"M\u00c1S ALL\u00c1 DE 100 X 35\" - Scuba Dogs","description":"Descubre el valor de Puerto Rico m\u00e1s all\u00e1 del 100x35: su patrimonio marino, arrecifes y playas, riqueza natural con gran potencial econ\u00f3mico.","robots":{"index":"index","follow":"follow","max-snippet":"max-snippet:-1","max-image-preview":"max-image-preview:large","max-video-preview":"max-video-preview:-1"},"canonical":"https:\/\/scubadogs.net\/es\/mas-alla-de-100-x-35\/","og_locale":"es_ES","og_type":"article","og_title":"\"M\u00c1S ALL\u00c1 DE 100 X 35\"","og_description":"Descubre el valor de Puerto Rico m\u00e1s all\u00e1 del 100x35: su patrimonio marino, arrecifes y playas, riqueza natural con gran potencial econ\u00f3mico.","og_url":"https:\/\/scubadogs.net\/es\/mas-alla-de-100-x-35\/","og_site_name":"Scuba Dogs","article_publisher":"https:\/\/www.facebook.com\/scubadogs\/","article_modified_time":"2025-07-07T14:17:39+00:00","og_image":[{"width":931,"height":800,"url":"https:\/\/scubadogs.net\/wp-content\/uploads\/la_isla_de_puerto_rico_new_sola.png","type":"image\/png"}],"twitter_card":"summary_large_image","twitter_description":"Descubre el valor de Puerto Rico m\u00e1s all\u00e1 del 100x35: su patrimonio marino, arrecifes y playas, riqueza natural con gran potencial econ\u00f3mico.","schema":{"@context":"https:\/\/schema.org","@graph":[{"@type":"WebPage","@id":"https:\/\/scubadogs.net\/es\/mas-alla-de-100-x-35\/","url":"https:\/\/scubadogs.net\/es\/mas-alla-de-100-x-35\/","name":"\"M\u00c1S ALL\u00c1 DE 100 X 35\" - Scuba Dogs","isPartOf":{"@id":"https:\/\/scubadogs.net\/es\/#website"},"primaryImageOfPage":{"@id":"https:\/\/scubadogs.net\/es\/mas-alla-de-100-x-35\/#primaryimage"},"image":{"@id":"https:\/\/scubadogs.net\/es\/mas-alla-de-100-x-35\/#primaryimage"},"thumbnailUrl":"https:\/\/scubadogs.net\/wp-content\/uploads\/la_isla_de_puerto_rico_new_sola.png","datePublished":"2025-06-11T18:47:45+00:00","dateModified":"2025-07-07T14:17:39+00:00","description":"Descubre el valor de Puerto Rico m\u00e1s all\u00e1 del 100x35: su patrimonio marino, arrecifes y playas, riqueza natural con gran potencial econ\u00f3mico.","breadcrumb":{"@id":"https:\/\/scubadogs.net\/es\/mas-alla-de-100-x-35\/#breadcrumb"},"inLanguage":"es","potentialAction":[{"@type":"ReadAction","target":["https:\/\/scubadogs.net\/es\/mas-alla-de-100-x-35\/"]}]},{"@type":"ImageObject","inLanguage":"es","@id":"https:\/\/scubadogs.net\/es\/mas-alla-de-100-x-35\/#primaryimage","url":"https:\/\/scubadogs.net\/wp-content\/uploads\/la_isla_de_puerto_rico_new_sola.png","contentUrl":"https:\/\/scubadogs.net\/wp-content\/uploads\/la_isla_de_puerto_rico_new_sola.png","width":931,"height":800},{"@type":"BreadcrumbList","@id":"https:\/\/scubadogs.net\/es\/mas-alla-de-100-x-35\/#breadcrumb","itemListElement":[{"@type":"ListItem","position":1,"name":"Home","item":"https:\/\/scubadogs.net\/es\/"},{"@type":"ListItem","position":2,"name":"&#8220;M\u00c1S ALL\u00c1 DE 100 X 35&#8221;"}]},{"@type":"WebSite","@id":"https:\/\/scubadogs.net\/es\/#website","url":"https:\/\/scubadogs.net\/es\/","name":"Scuba Dogs","description":"El Mejor Amigo del Buzo","publisher":{"@id":"https:\/\/scubadogs.net\/es\/#organization"},"potentialAction":[{"@type":"SearchAction","target":{"@type":"EntryPoint","urlTemplate":"https:\/\/scubadogs.net\/es\/?s={search_term_string}"},"query-input":{"@type":"PropertyValueSpecification","valueRequired":true,"valueName":"search_term_string"}}],"inLanguage":"es"},{"@type":["Organization","Place"],"@id":"https:\/\/scubadogs.net\/es\/#organization","name":"Scuba Dogs","alternateName":"Scuba Dogs","url":"https:\/\/scubadogs.net\/es\/","logo":{"@type":"ImageObject","inLanguage":"es","@id":"https:\/\/scubadogs.net\/es\/#\/schema\/logo\/image\/","url":"https:\/\/scubadogs.net\/wp-content\/uploads\/Scubadogs-paw-icon.png","contentUrl":"https:\/\/scubadogs.net\/wp-content\/uploads\/Scubadogs-paw-icon.png","width":512,"height":512,"caption":"Scuba Dogs"},"image":{"@id":"https:\/\/scubadogs.net\/es\/#\/schema\/logo\/image\/"},"sameAs":["https:\/\/www.facebook.com\/scubadogs\/","https:\/\/www.instagram.com\/scubadogspr\/?hl=en"],"mainEntityOfPage":{"@id":"https:\/\/scubadogs.net\/es\/mas-alla-de-100-x-35\/"}}]}},"_links":{"self":[{"href":"https:\/\/scubadogs.net\/es\/wp-json\/wp\/v2\/pages\/8113","targetHints":{"allow":["GET"]}}],"collection":[{"href":"https:\/\/scubadogs.net\/es\/wp-json\/wp\/v2\/pages"}],"about":[{"href":"https:\/\/scubadogs.net\/es\/wp-json\/wp\/v2\/types\/page"}],"author":[{"embeddable":true,"href":"https:\/\/scubadogs.net\/es\/wp-json\/wp\/v2\/users\/3"}],"replies":[{"embeddable":true,"href":"https:\/\/scubadogs.net\/es\/wp-json\/wp\/v2\/comments?post=8113"}],"version-history":[{"count":0,"href":"https:\/\/scubadogs.net\/es\/wp-json\/wp\/v2\/pages\/8113\/revisions"}],"wp:featuredmedia":[{"embeddable":true,"href":"https:\/\/scubadogs.net\/es\/wp-json\/wp\/v2\/media\/8074"}],"wp:attachment":[{"href":"https:\/\/scubadogs.net\/es\/wp-json\/wp\/v2\/media?parent=8113"}],"wp:term":[{"taxonomy":"category","embeddable":true,"href":"https:\/\/scubadogs.net\/es\/wp-json\/wp\/v2\/categories?post=8113"},{"taxonomy":"post_tag","embeddable":true,"href":"https:\/\/scubadogs.net\/es\/wp-json\/wp\/v2\/tags?post=8113"}],"curies":[{"name":"wp","href":"https:\/\/api.w.org\/{rel}","templated":true}]}}